{"id":5782,"date":"2021-02-05T14:12:44","date_gmt":"2021-11-08T15:09:28","guid":{"rendered":"https:\/\/chatapieniny.sk\/stay-packages\/szkola-plenerowa-w-pieninach\/"},"modified":"2021-11-08T16:09:28","modified_gmt":"2021-11-08T15:09:28","slug":"skola-v-prirode-v-pieninach-2","status":"publish","type":"product","link":"https:\/\/chatapieniny.sk\/pl\/stay-packages\/skola-v-prirode-v-pieninach-2\/","title":{"rendered":"Szko\u0142a plenerowa w Pieninach"},"content":{"rendered":"","protected":false},"excerpt":{"rendered":"<p>Wyj\u0105tkowe po\u0142o\u017cenie Chaty Pieniny w scenerii przepi\u0119knej pieni\u0144skiej przyrody nada szkolnemu pobytowi odpowiedniego uroku. Dzieci sp\u0119dz\u0105 pi\u0119kne chwile w samym sercu Pieni\u0144skiego Parku Narodowego i do\u015bwiadcz\u0105 spokojnej atmosfery nietkni\u0119tej przyrody. Chwile relaksu podkre\u015bla mo\u017cliwo\u015bci\u0105 k\u0105pieli w basenie lub relaksu w jednej z saun. Wy\u017cywienie wysokiej jako\u015bci i ponadstandardowe zakwaterowanie z w\u0142asn\u0105 \u0142azienk\u0105 i telewizorem to dla nas oczywisto\u015b\u0107. Ta Szko\u0142a w Naturze zostanie na d\u0142ugo zapami\u0119tana.<\/p>\n<h3>ZAKWATEROWANIE<\/h3>\n<p>Na 4 noce w 1,2,3,4, &#8211; osobowych pokojach z \u0142azienk\u0105. Maksymalna pojemno\u015b\u0107 130 dzieci.<\/p>\n<h3>JEDZENIE<\/h3>\n<p>5 razy dziennie (\u015bniadanie w formie ciep\u0142ego i zimnego bufetu, dziesi\u0105ta, obiad, olovrant, kolacja) + ca\u0142odzienny re\u017cim picia<\/p>\n<h3>WYPOSA\u017bENIE CENTRUM<\/h3>\n<p>Restauracja, chata g\u00f3ralska, basen, artyku\u0142y spo\u017cywcze, Wi-Fi, 2 salony z miejscami do siedzenia, TV, projektor, bilard, pi\u0142karzyki, rzutki, plac zabaw.<\/p>\n<h3>TRANSPORT<\/h3>\n<p>Domek Pieniny posiada dwa nowoczesne, klimatyzowane 52-osobowe busy oraz 2 minibusy, kt\u00f3rymi z przyjemno\u015bci\u0105 Pa\u0144stwa przywieziemy.<\/p>\n<p>Przyjazd w poniedzia\u0142ek rozpoczyna si\u0119 obiadem, a ko\u0144czy w pi\u0105tek \u015bniadaniem w formie ciep\u0142ego i zimnego bufetu + bezp\u0142atny pakiet podr\u00f3\u017cny.<\/p>\n","protected":false},"featured_media":4859,"template":"","meta":[],"product_cat":[110],"product_tag":[],"acf":[],"yoast_head":"<!-- This site is optimized with the Yoast SEO plugin v19.7.1 - https:\/\/yoast.com\/wordpress\/plugins\/seo\/ -->\n<title>Szko\u0142a plenerowa w Pieninach - Chata Pieniny<\/title>\n<meta name=\"robots\" content=\"index, follow, max-snippet:-1, max-image-preview:large, max-video-preview:-1\" \/>\n<link rel=\"canonical\" href=\"https:\/\/chatapieniny.sk\/pl\/stay-packages\/skola-v-prirode-v-pieninach-2\/\" \/>\n<meta property=\"og:locale\" content=\"pl_PL\" \/>\n<meta property=\"og:type\" content=\"article\" \/>\n<meta property=\"og:title\" content=\"Szko\u0142a plenerowa w Pieninach - Chata Pieniny\" \/>\n<meta property=\"og:description\" content=\"Wyj\u0105tkowe po\u0142o\u017cenie Chaty Pieniny w scenerii przepi\u0119knej pieni\u0144skiej przyrody nada szkolnemu pobytowi odpowiedniego uroku. Dzieci sp\u0119dz\u0105 pi\u0119kne chwile w samym sercu Pieni\u0144skiego Parku Narodowego i do\u015bwiadcz\u0105 spokojnej atmosfery nietkni\u0119tej przyrody. Chwile relaksu podkre\u015bla mo\u017cliwo\u015bci\u0105 k\u0105pieli w basenie lub relaksu w jednej z saun. Wy\u017cywienie wysokiej jako\u015bci i ponadstandardowe zakwaterowanie z w\u0142asn\u0105 \u0142azienk\u0105 i telewizorem to dla nas oczywisto\u015b\u0107. Ta Szko\u0142a w Naturze zostanie na d\u0142ugo zapami\u0119tana. ZAKWATEROWANIE Na 4 noce w 1,2,3,4, - osobowych pokojach z \u0142azienk\u0105. Maksymalna pojemno\u015b\u0107 130 dzieci. JEDZENIE 5 razy dziennie (\u015bniadanie w formie ciep\u0142ego i zimnego bufetu, dziesi\u0105ta, obiad, olovrant, kolacja) + ca\u0142odzienny re\u017cim picia WYPOSA\u017bENIE CENTRUM Restauracja, chata g\u00f3ralska, basen, artyku\u0142y spo\u017cywcze, Wi-Fi, 2 salony z miejscami do siedzenia, TV, projektor, bilard, pi\u0142karzyki, rzutki, plac zabaw. TRANSPORT Domek Pieniny posiada dwa nowoczesne, klimatyzowane 52-osobowe busy oraz 2 minibusy, kt\u00f3rymi z przyjemno\u015bci\u0105 Pa\u0144stwa przywieziemy. Przyjazd w poniedzia\u0142ek rozpoczyna si\u0119 obiadem, a ko\u0144czy w pi\u0105tek \u015bniadaniem w formie ciep\u0142ego i zimnego bufetu + bezp\u0142atny pakiet podr\u00f3\u017cny.\" \/>\n<meta property=\"og:url\" content=\"https:\/\/chatapieniny.sk\/pl\/stay-packages\/skola-v-prirode-v-pieninach-2\/\" \/>\n<meta property=\"og:site_name\" content=\"Chata Pieniny\" \/>\n<meta property=\"og:image\" content=\"https:\/\/chatapieniny.sk\/wp-content\/uploads\/2021\/02\/janko-ferlic-zhj4ph3gryg-unsplash.jpg\" \/>\n\t<meta property=\"og:image:width\" content=\"1600\" \/>\n\t<meta property=\"og:image:height\" content=\"1280\" \/>\n\t<meta property=\"og:image:type\" content=\"image\/jpeg\" \/>\n<meta name=\"twitter:card\" content=\"summary_large_image\" \/>\n<script type=\"application\/ld+json\" class=\"yoast-schema-graph\">{\"@context\":\"https:\/\/schema.org\",\"@graph\":[{\"@type\":\"WebPage\",\"@id\":\"https:\/\/chatapieniny.sk\/pl\/stay-packages\/skola-v-prirode-v-pieninach-2\/\",\"url\":\"https:\/\/chatapieniny.sk\/pl\/stay-packages\/skola-v-prirode-v-pieninach-2\/\",\"name\":\"Szko\u0142a plenerowa w Pieninach - Chata Pieniny\",\"isPartOf\":{\"@id\":\"https:\/\/chatapieniny.sk\/pl\/#website\"},\"datePublished\":\"2021-11-08T15:09:28+00:00\",\"dateModified\":\"2021-11-08T15:09:28+00:00\",\"breadcrumb\":{\"@id\":\"https:\/\/chatapieniny.sk\/pl\/stay-packages\/skola-v-prirode-v-pieninach-2\/#breadcrumb\"},\"inLanguage\":\"pl-PL\",\"potentialAction\":[{\"@type\":\"ReadAction\",\"target\":[\"https:\/\/chatapieniny.sk\/pl\/stay-packages\/skola-v-prirode-v-pieninach-2\/\"]}]},{\"@type\":\"BreadcrumbList\",\"@id\":\"https:\/\/chatapieniny.sk\/pl\/stay-packages\/skola-v-prirode-v-pieninach-2\/#breadcrumb\",\"itemListElement\":[{\"@type\":\"ListItem\",\"position\":1,\"name\":\"Home\",\"item\":\"https:\/\/chatapieniny.sk\/pl\/chata-pieniny\/\"},{\"@type\":\"ListItem\",\"position\":2,\"name\":\"\"},{\"@type\":\"ListItem\",\"position\":3,\"name\":\"Szko\u0142a plenerowa w Pieninach\"}]},{\"@type\":\"WebSite\",\"@id\":\"https:\/\/chatapieniny.sk\/pl\/#website\",\"url\":\"https:\/\/chatapieniny.sk\/pl\/\",\"name\":\"Chata Pieniny\",\"description\":\"Najlep\u0161ia dovolenka je doma. Na Slovensku.\",\"potentialAction\":[{\"@type\":\"SearchAction\",\"target\":{\"@type\":\"EntryPoint\",\"urlTemplate\":\"https:\/\/chatapieniny.sk\/pl\/?s={search_term_string}\"},\"query-input\":\"required name=search_term_string\"}],\"inLanguage\":\"pl-PL\"}]}<\/script>\n<!-- \/ Yoast SEO plugin. -->","yoast_head_json":{"title":"Szko\u0142a plenerowa w Pieninach - Chata Pieniny","robots":{"index":"index","follow":"follow","max-snippet":"max-snippet:-1","max-image-preview":"max-image-preview:large","max-video-preview":"max-video-preview:-1"},"canonical":"https:\/\/chatapieniny.sk\/pl\/stay-packages\/skola-v-prirode-v-pieninach-2\/","og_locale":"pl_PL","og_type":"article","og_title":"Szko\u0142a plenerowa w Pieninach - Chata Pieniny","og_description":"Wyj\u0105tkowe po\u0142o\u017cenie Chaty Pieniny w scenerii przepi\u0119knej pieni\u0144skiej przyrody nada szkolnemu pobytowi odpowiedniego uroku. Dzieci sp\u0119dz\u0105 pi\u0119kne chwile w samym sercu Pieni\u0144skiego Parku Narodowego i do\u015bwiadcz\u0105 spokojnej atmosfery nietkni\u0119tej przyrody. Chwile relaksu podkre\u015bla mo\u017cliwo\u015bci\u0105 k\u0105pieli w basenie lub relaksu w jednej z saun. Wy\u017cywienie wysokiej jako\u015bci i ponadstandardowe zakwaterowanie z w\u0142asn\u0105 \u0142azienk\u0105 i telewizorem to dla nas oczywisto\u015b\u0107. Ta Szko\u0142a w Naturze zostanie na d\u0142ugo zapami\u0119tana. ZAKWATEROWANIE Na 4 noce w 1,2,3,4, - osobowych pokojach z \u0142azienk\u0105. Maksymalna pojemno\u015b\u0107 130 dzieci. JEDZENIE 5 razy dziennie (\u015bniadanie w formie ciep\u0142ego i zimnego bufetu, dziesi\u0105ta, obiad, olovrant, kolacja) + ca\u0142odzienny re\u017cim picia WYPOSA\u017bENIE CENTRUM Restauracja, chata g\u00f3ralska, basen, artyku\u0142y spo\u017cywcze, Wi-Fi, 2 salony z miejscami do siedzenia, TV, projektor, bilard, pi\u0142karzyki, rzutki, plac zabaw. TRANSPORT Domek Pieniny posiada dwa nowoczesne, klimatyzowane 52-osobowe busy oraz 2 minibusy, kt\u00f3rymi z przyjemno\u015bci\u0105 Pa\u0144stwa przywieziemy. Przyjazd w poniedzia\u0142ek rozpoczyna si\u0119 obiadem, a ko\u0144czy w pi\u0105tek \u015bniadaniem w formie ciep\u0142ego i zimnego bufetu + bezp\u0142atny pakiet podr\u00f3\u017cny.","og_url":"https:\/\/chatapieniny.sk\/pl\/stay-packages\/skola-v-prirode-v-pieninach-2\/","og_site_name":"Chata Pieniny","og_image":[{"width":1600,"height":1280,"url":"https:\/\/chatapieniny.sk\/wp-content\/uploads\/2021\/02\/janko-ferlic-zhj4ph3gryg-unsplash.jpg","type":"image\/jpeg"}],"twitter_card":"summary_large_image","schema":{"@context":"https:\/\/schema.org","@graph":[{"@type":"WebPage","@id":"https:\/\/chatapieniny.sk\/pl\/stay-packages\/skola-v-prirode-v-pieninach-2\/","url":"https:\/\/chatapieniny.sk\/pl\/stay-packages\/skola-v-prirode-v-pieninach-2\/","name":"Szko\u0142a plenerowa w Pieninach - Chata Pieniny","isPartOf":{"@id":"https:\/\/chatapieniny.sk\/pl\/#website"},"datePublished":"2021-11-08T15:09:28+00:00","dateModified":"2021-11-08T15:09:28+00:00","breadcrumb":{"@id":"https:\/\/chatapieniny.sk\/pl\/stay-packages\/skola-v-prirode-v-pieninach-2\/#breadcrumb"},"inLanguage":"pl-PL","potentialAction":[{"@type":"ReadAction","target":["https:\/\/chatapieniny.sk\/pl\/stay-packages\/skola-v-prirode-v-pieninach-2\/"]}]},{"@type":"BreadcrumbList","@id":"https:\/\/chatapieniny.sk\/pl\/stay-packages\/skola-v-prirode-v-pieninach-2\/#breadcrumb","itemListElement":[{"@type":"ListItem","position":1,"name":"Home","item":"https:\/\/chatapieniny.sk\/pl\/chata-pieniny\/"},{"@type":"ListItem","position":2,"name":""},{"@type":"ListItem","position":3,"name":"Szko\u0142a plenerowa w Pieninach"}]},{"@type":"WebSite","@id":"https:\/\/chatapieniny.sk\/pl\/#website","url":"https:\/\/chatapieniny.sk\/pl\/","name":"Chata Pieniny","description":"Najlep\u0161ia dovolenka je doma. Na Slovensku.","potentialAction":[{"@type":"SearchAction","target":{"@type":"EntryPoint","urlTemplate":"https:\/\/chatapieniny.sk\/pl\/?s={search_term_string}"},"query-input":"required name=search_term_string"}],"inLanguage":"pl-PL"}]}},"_links":{"self":[{"href":"https:\/\/chatapieniny.sk\/pl\/wp-json\/wp\/v2\/product\/5782"}],"collection":[{"href":"https:\/\/chatapieniny.sk\/pl\/wp-json\/wp\/v2\/product"}],"about":[{"href":"https:\/\/chatapieniny.sk\/pl\/wp-json\/wp\/v2\/types\/product"}],"wp:featuredmedia":[{"embeddable":true,"href":"https:\/\/chatapieniny.sk\/pl\/wp-json\/wp\/v2\/media\/4859"}],"wp:attachment":[{"href":"https:\/\/chatapieniny.sk\/pl\/wp-json\/wp\/v2\/media?parent=5782"}],"wp:term":[{"taxonomy":"product_cat","embeddable":true,"href":"https:\/\/chatapieniny.sk\/pl\/wp-json\/wp\/v2\/product_cat?post=5782"},{"taxonomy":"product_tag","embeddable":true,"href":"https:\/\/chatapieniny.sk\/pl\/wp-json\/wp\/v2\/product_tag?post=5782"}],"curies":[{"name":"wp","href":"https:\/\/api.w.org\/{rel}","templated":true}]}}