{"id":5777,"date":"2021-02-05T14:38:11","date_gmt":"2021-11-08T14:01:39","guid":{"rendered":"https:\/\/chatapieniny.sk\/stay-packages\/trening-plywacki-w-pieninach\/"},"modified":"2021-11-08T15:01:39","modified_gmt":"2021-11-08T14:01:39","slug":"plavecky-vycvik-v-pieninach-2","status":"publish","type":"product","link":"https:\/\/chatapieniny.sk\/pl\/stay-packages\/plavecky-vycvik-v-pieninach-2\/","title":{"rendered":"Trening p\u0142ywacki w Pieninach"},"content":{"rendered":"","protected":false},"excerpt":{"rendered":"<p>Trening p\u0142ywacki w Pieninach to nieszablonowe po\u0142\u0105czenie malowniczej pieni\u0144skiej przyrody z nowoczesnym basenem spe\u0142niaj\u0105cym najsurowsze normy higieniczne. Podczas pobytu w Chacie Pieniny dzieci nie tylko poprawi\u0105 swoje umiej\u0119tno\u015bci p\u0142ywackie, ale tak\u017ce zrelaksuj\u0105 si\u0119 w jednym z najpi\u0119kniejszych miejsc na S\u0142owacji. Opr\u00f3cz wspania\u0142ych wra\u017ce\u0144, nie zabraknie wysokiej jako\u015bci jedzenia i ponadstandardowych nocleg\u00f3w z \u0142azienk\u0105 i TV. Trening p\u0142ywacki w Pieninach stanie si\u0119 niezapomnianym wspomnieniem na ca\u0142e \u017cycie.<\/p>\n<h3>ZAKWATEROWANIE<\/h3>\n<p>Na 4 noce w 1,2,3,4, &#8211; osobowych pokojach z \u0142azienk\u0105. Maksymalna pojemno\u015b\u0107 130 dzieci.<\/p>\n<h3>JEDZENIE<\/h3>\n<p>Pe\u0142ne wy\u017cywienie + ca\u0142odniowy re\u017cim picia<\/p>\n<h3>BASEN<\/h3>\n<p>Basen o wymiarach 12m x 6m i g\u0142\u0119boko\u015bci 1,25m dost\u0119pny jest przez ca\u0142y dzie\u0144. Czysto\u015b\u0107 basenu utrzymuje nowa technologia oparta na nadtlenku wodoru i srebrze, kt\u00f3ra w przeciwie\u0144stwie do chloru zapewnia bezpiecze\u0144stwo cia\u0142a dziecka. Istnieje r\u00f3wnie\u017c \u0142a\u017ania parowa, sauna fi\u0144ska i sauna na podczerwie\u0144 wraz z basenem ch\u0142odz\u0105cym. Bonusem dla ka\u017cdego nauczyciela jest darmowy masa\u017c.<\/p>\n<h3>WYPOSA\u017bENIE CENTRUM<\/h3>\n<p>Restauracja, chata g\u00f3ralska, basen, artyku\u0142y spo\u017cywcze, Wi-Fi, 2 salony z miejscami do siedzenia, TV, projektor, bilard, pi\u0142karzyki, rzutki, plac zabaw.<\/p>\n<h3>TRANSPORT<\/h3>\n<p>Domek Pieniny posiada dwa nowoczesne, klimatyzowane 52-osobowe busy oraz 2 minibusy, kt\u00f3rymi z przyjemno\u015bci\u0105 Pa\u0144stwa przywieziemy.<\/p>\n<p>Przyjazd w poniedzia\u0142ek rozpoczyna si\u0119 obiadem, a ko\u0144czy w pi\u0105tek \u015bniadaniem w formie ciep\u0142ego i zimnego bufetu + bezp\u0142atny pakiet podr\u00f3\u017cny.<\/p>\n","protected":false},"featured_media":4865,"template":"","meta":[],"product_cat":[110],"product_tag":[],"acf":[],"yoast_head":"<!-- This site is optimized with the Yoast SEO plugin v19.7.1 - https:\/\/yoast.com\/wordpress\/plugins\/seo\/ -->\n<title>Trening p\u0142ywacki w Pieninach - Chata Pieniny<\/title>\n<meta name=\"robots\" content=\"index, follow, max-snippet:-1, max-image-preview:large, max-video-preview:-1\" \/>\n<link rel=\"canonical\" href=\"https:\/\/chatapieniny.sk\/pl\/stay-packages\/plavecky-vycvik-v-pieninach-2\/\" \/>\n<meta property=\"og:locale\" content=\"pl_PL\" \/>\n<meta property=\"og:type\" content=\"article\" \/>\n<meta property=\"og:title\" content=\"Trening p\u0142ywacki w Pieninach - Chata Pieniny\" \/>\n<meta property=\"og:description\" content=\"Trening p\u0142ywacki w Pieninach to nieszablonowe po\u0142\u0105czenie malowniczej pieni\u0144skiej przyrody z nowoczesnym basenem spe\u0142niaj\u0105cym najsurowsze normy higieniczne. Podczas pobytu w Chacie Pieniny dzieci nie tylko poprawi\u0105 swoje umiej\u0119tno\u015bci p\u0142ywackie, ale tak\u017ce zrelaksuj\u0105 si\u0119 w jednym z najpi\u0119kniejszych miejsc na S\u0142owacji. Opr\u00f3cz wspania\u0142ych wra\u017ce\u0144, nie zabraknie wysokiej jako\u015bci jedzenia i ponadstandardowych nocleg\u00f3w z \u0142azienk\u0105 i TV. Trening p\u0142ywacki w Pieninach stanie si\u0119 niezapomnianym wspomnieniem na ca\u0142e \u017cycie. ZAKWATEROWANIE Na 4 noce w 1,2,3,4, - osobowych pokojach z \u0142azienk\u0105. Maksymalna pojemno\u015b\u0107 130 dzieci. JEDZENIE Pe\u0142ne wy\u017cywienie + ca\u0142odniowy re\u017cim picia BASEN Basen o wymiarach 12m x 6m i g\u0142\u0119boko\u015bci 1,25m dost\u0119pny jest przez ca\u0142y dzie\u0144. Czysto\u015b\u0107 basenu utrzymuje nowa technologia oparta na nadtlenku wodoru i srebrze, kt\u00f3ra w przeciwie\u0144stwie do chloru zapewnia bezpiecze\u0144stwo cia\u0142a dziecka. Istnieje r\u00f3wnie\u017c \u0142a\u017ania parowa, sauna fi\u0144ska i sauna na podczerwie\u0144 wraz z basenem ch\u0142odz\u0105cym. Bonusem dla ka\u017cdego nauczyciela jest darmowy masa\u017c. WYPOSA\u017bENIE CENTRUM Restauracja, chata g\u00f3ralska, basen, artyku\u0142y spo\u017cywcze, Wi-Fi, 2 salony z miejscami do siedzenia, TV, projektor, bilard, pi\u0142karzyki, rzutki, plac zabaw. TRANSPORT Domek Pieniny posiada dwa nowoczesne, klimatyzowane 52-osobowe busy oraz 2 minibusy, kt\u00f3rymi z przyjemno\u015bci\u0105 Pa\u0144stwa przywieziemy. Przyjazd w poniedzia\u0142ek rozpoczyna si\u0119 obiadem, a ko\u0144czy w pi\u0105tek \u015bniadaniem w formie ciep\u0142ego i zimnego bufetu + bezp\u0142atny pakiet podr\u00f3\u017cny.\" \/>\n<meta property=\"og:url\" content=\"https:\/\/chatapieniny.sk\/pl\/stay-packages\/plavecky-vycvik-v-pieninach-2\/\" \/>\n<meta property=\"og:site_name\" content=\"Chata Pieniny\" \/>\n<meta property=\"og:image\" content=\"https:\/\/chatapieniny.sk\/wp-content\/uploads\/2021\/02\/mariano-nocetti-r9cwmoezjgg-unsplash.jpg\" \/>\n\t<meta property=\"og:image:width\" content=\"1600\" \/>\n\t<meta property=\"og:image:height\" content=\"1067\" \/>\n\t<meta property=\"og:image:type\" content=\"image\/jpeg\" \/>\n<meta name=\"twitter:card\" content=\"summary_large_image\" \/>\n<script type=\"application\/ld+json\" class=\"yoast-schema-graph\">{\"@context\":\"https:\/\/schema.org\",\"@graph\":[{\"@type\":\"WebPage\",\"@id\":\"https:\/\/chatapieniny.sk\/pl\/stay-packages\/plavecky-vycvik-v-pieninach-2\/\",\"url\":\"https:\/\/chatapieniny.sk\/pl\/stay-packages\/plavecky-vycvik-v-pieninach-2\/\",\"name\":\"Trening p\u0142ywacki w Pieninach - Chata Pieniny\",\"isPartOf\":{\"@id\":\"https:\/\/chatapieniny.sk\/pl\/#website\"},\"datePublished\":\"2021-11-08T14:01:39+00:00\",\"dateModified\":\"2021-11-08T14:01:39+00:00\",\"breadcrumb\":{\"@id\":\"https:\/\/chatapieniny.sk\/pl\/stay-packages\/plavecky-vycvik-v-pieninach-2\/#breadcrumb\"},\"inLanguage\":\"pl-PL\",\"potentialAction\":[{\"@type\":\"ReadAction\",\"target\":[\"https:\/\/chatapieniny.sk\/pl\/stay-packages\/plavecky-vycvik-v-pieninach-2\/\"]}]},{\"@type\":\"BreadcrumbList\",\"@id\":\"https:\/\/chatapieniny.sk\/pl\/stay-packages\/plavecky-vycvik-v-pieninach-2\/#breadcrumb\",\"itemListElement\":[{\"@type\":\"ListItem\",\"position\":1,\"name\":\"Home\",\"item\":\"https:\/\/chatapieniny.sk\/pl\/chata-pieniny\/\"},{\"@type\":\"ListItem\",\"position\":2,\"name\":\"\"},{\"@type\":\"ListItem\",\"position\":3,\"name\":\"Trening p\u0142ywacki w Pieninach\"}]},{\"@type\":\"WebSite\",\"@id\":\"https:\/\/chatapieniny.sk\/pl\/#website\",\"url\":\"https:\/\/chatapieniny.sk\/pl\/\",\"name\":\"Chata Pieniny\",\"description\":\"Najlep\u0161ia dovolenka je doma. Na Slovensku.\",\"potentialAction\":[{\"@type\":\"SearchAction\",\"target\":{\"@type\":\"EntryPoint\",\"urlTemplate\":\"https:\/\/chatapieniny.sk\/pl\/?s={search_term_string}\"},\"query-input\":\"required name=search_term_string\"}],\"inLanguage\":\"pl-PL\"}]}<\/script>\n<!-- \/ Yoast SEO plugin. -->","yoast_head_json":{"title":"Trening p\u0142ywacki w Pieninach - Chata Pieniny","robots":{"index":"index","follow":"follow","max-snippet":"max-snippet:-1","max-image-preview":"max-image-preview:large","max-video-preview":"max-video-preview:-1"},"canonical":"https:\/\/chatapieniny.sk\/pl\/stay-packages\/plavecky-vycvik-v-pieninach-2\/","og_locale":"pl_PL","og_type":"article","og_title":"Trening p\u0142ywacki w Pieninach - Chata Pieniny","og_description":"Trening p\u0142ywacki w Pieninach to nieszablonowe po\u0142\u0105czenie malowniczej pieni\u0144skiej przyrody z nowoczesnym basenem spe\u0142niaj\u0105cym najsurowsze normy higieniczne. Podczas pobytu w Chacie Pieniny dzieci nie tylko poprawi\u0105 swoje umiej\u0119tno\u015bci p\u0142ywackie, ale tak\u017ce zrelaksuj\u0105 si\u0119 w jednym z najpi\u0119kniejszych miejsc na S\u0142owacji. Opr\u00f3cz wspania\u0142ych wra\u017ce\u0144, nie zabraknie wysokiej jako\u015bci jedzenia i ponadstandardowych nocleg\u00f3w z \u0142azienk\u0105 i TV. Trening p\u0142ywacki w Pieninach stanie si\u0119 niezapomnianym wspomnieniem na ca\u0142e \u017cycie. ZAKWATEROWANIE Na 4 noce w 1,2,3,4, - osobowych pokojach z \u0142azienk\u0105. Maksymalna pojemno\u015b\u0107 130 dzieci. JEDZENIE Pe\u0142ne wy\u017cywienie + ca\u0142odniowy re\u017cim picia BASEN Basen o wymiarach 12m x 6m i g\u0142\u0119boko\u015bci 1,25m dost\u0119pny jest przez ca\u0142y dzie\u0144. Czysto\u015b\u0107 basenu utrzymuje nowa technologia oparta na nadtlenku wodoru i srebrze, kt\u00f3ra w przeciwie\u0144stwie do chloru zapewnia bezpiecze\u0144stwo cia\u0142a dziecka. Istnieje r\u00f3wnie\u017c \u0142a\u017ania parowa, sauna fi\u0144ska i sauna na podczerwie\u0144 wraz z basenem ch\u0142odz\u0105cym. Bonusem dla ka\u017cdego nauczyciela jest darmowy masa\u017c. WYPOSA\u017bENIE CENTRUM Restauracja, chata g\u00f3ralska, basen, artyku\u0142y spo\u017cywcze, Wi-Fi, 2 salony z miejscami do siedzenia, TV, projektor, bilard, pi\u0142karzyki, rzutki, plac zabaw. TRANSPORT Domek Pieniny posiada dwa nowoczesne, klimatyzowane 52-osobowe busy oraz 2 minibusy, kt\u00f3rymi z przyjemno\u015bci\u0105 Pa\u0144stwa przywieziemy. Przyjazd w poniedzia\u0142ek rozpoczyna si\u0119 obiadem, a ko\u0144czy w pi\u0105tek \u015bniadaniem w formie ciep\u0142ego i zimnego bufetu + bezp\u0142atny pakiet podr\u00f3\u017cny.","og_url":"https:\/\/chatapieniny.sk\/pl\/stay-packages\/plavecky-vycvik-v-pieninach-2\/","og_site_name":"Chata Pieniny","og_image":[{"width":1600,"height":1067,"url":"https:\/\/chatapieniny.sk\/wp-content\/uploads\/2021\/02\/mariano-nocetti-r9cwmoezjgg-unsplash.jpg","type":"image\/jpeg"}],"twitter_card":"summary_large_image","schema":{"@context":"https:\/\/schema.org","@graph":[{"@type":"WebPage","@id":"https:\/\/chatapieniny.sk\/pl\/stay-packages\/plavecky-vycvik-v-pieninach-2\/","url":"https:\/\/chatapieniny.sk\/pl\/stay-packages\/plavecky-vycvik-v-pieninach-2\/","name":"Trening p\u0142ywacki w Pieninach - Chata Pieniny","isPartOf":{"@id":"https:\/\/chatapieniny.sk\/pl\/#website"},"datePublished":"2021-11-08T14:01:39+00:00","dateModified":"2021-11-08T14:01:39+00:00","breadcrumb":{"@id":"https:\/\/chatapieniny.sk\/pl\/stay-packages\/plavecky-vycvik-v-pieninach-2\/#breadcrumb"},"inLanguage":"pl-PL","potentialAction":[{"@type":"ReadAction","target":["https:\/\/chatapieniny.sk\/pl\/stay-packages\/plavecky-vycvik-v-pieninach-2\/"]}]},{"@type":"BreadcrumbList","@id":"https:\/\/chatapieniny.sk\/pl\/stay-packages\/plavecky-vycvik-v-pieninach-2\/#breadcrumb","itemListElement":[{"@type":"ListItem","position":1,"name":"Home","item":"https:\/\/chatapieniny.sk\/pl\/chata-pieniny\/"},{"@type":"ListItem","position":2,"name":""},{"@type":"ListItem","position":3,"name":"Trening p\u0142ywacki w Pieninach"}]},{"@type":"WebSite","@id":"https:\/\/chatapieniny.sk\/pl\/#website","url":"https:\/\/chatapieniny.sk\/pl\/","name":"Chata Pieniny","description":"Najlep\u0161ia dovolenka je doma. Na Slovensku.","potentialAction":[{"@type":"SearchAction","target":{"@type":"EntryPoint","urlTemplate":"https:\/\/chatapieniny.sk\/pl\/?s={search_term_string}"},"query-input":"required name=search_term_string"}],"inLanguage":"pl-PL"}]}},"_links":{"self":[{"href":"https:\/\/chatapieniny.sk\/pl\/wp-json\/wp\/v2\/product\/5777"}],"collection":[{"href":"https:\/\/chatapieniny.sk\/pl\/wp-json\/wp\/v2\/product"}],"about":[{"href":"https:\/\/chatapieniny.sk\/pl\/wp-json\/wp\/v2\/types\/product"}],"wp:featuredmedia":[{"embeddable":true,"href":"https:\/\/chatapieniny.sk\/pl\/wp-json\/wp\/v2\/media\/4865"}],"wp:attachment":[{"href":"https:\/\/chatapieniny.sk\/pl\/wp-json\/wp\/v2\/media?parent=5777"}],"wp:term":[{"taxonomy":"product_cat","embeddable":true,"href":"https:\/\/chatapieniny.sk\/pl\/wp-json\/wp\/v2\/product_cat?post=5777"},{"taxonomy":"product_tag","embeddable":true,"href":"https:\/\/chatapieniny.sk\/pl\/wp-json\/wp\/v2\/product_tag?post=5777"}],"curies":[{"name":"wp","href":"https:\/\/api.w.org\/{rel}","templated":true}]}}