{"id":5541,"date":"2020-09-22T14:03:14","date_gmt":"2020-09-22T12:03:14","guid":{"rendered":"https:\/\/chatapieniny.sk\/pobytove-baliky\/lato\/"},"modified":"2021-11-08T13:33:39","modified_gmt":"2021-11-08T12:33:39","slug":"lato","status":"publish","type":"product","link":"https:\/\/chatapieniny.sk\/pl\/stay-packages\/lato\/","title":{"rendered":"LATO"},"content":{"rendered":"","protected":false},"excerpt":{"rendered":"<h3> Cena obejmuje: <\/h3>\n<ul>\n<li>2 x nocleg dla 2 os\u00f3b w pensjonacie Chata Pieniny <\/li>\n<li> 2 x obiadokolacja serwowana z dw\u00f3ch da\u0144 do wyboru\n<ul>\n<li> 2 x \u015bniadanie dla 2 os\u00f3b <\/li>\n<li> 2 kolacje dla 2 os\u00f3b <\/li>\n<li> 1 x drink powitalny dla 2 os\u00f3b (goryczka g\u00f3ralska 0,05 l) <\/li>\n<li> W okresie 01.07-31.08. od 12:00 do 17:00 &#8211; przy dobrej pogodzie codziennie grana jest muzyka ludowa.<\/li>\n<\/ul>\n<\/li>\n<\/ul>\n<ul>\n<li> <strong> Nieograniczony dost\u0119p do centrum odnowy biologicznej dla 2 os\u00f3b od 16:00 do 20:00 przez ca\u0142y pobyt <br \/>\n<\/strong> <\/p>\n<ul>\n<li>Basen wyposa\u017cony w przeciwpr\u0105d, dmuchaw\u0119 i wylewk\u0119 wody <\/li>\n<li>sauna parowa, fi\u0144ska, na podczerwie\u0144 <\/li>\n<li> Basen ch\u0142odz\u0105cy <\/li>\n<\/ul>\n<\/li>\n<\/ul>\n<ul>\n<li>Klimoterapia &#8211; spacery lecznicze w czystej naturze <\/li>\n<li> Pi\u0142karzyki, st\u00f3\u0142 do ping-ponga, st\u00f3\u0142 bilardowy, rzutki <\/li>\n<li>Mo\u017cliwo\u015b\u0107 korzystania z kompleksu sportowego (kort tenisowy, boisko do siatk\u00f3wki, zewn\u0119trzne boisko fitness) <\/li>\n<li>Bezp\u0142atne Wi-Fi <\/li>\n<li> Parking chroniony kamer\u0105 \u2013 bezp\u0142atny <\/li>\n<li> Zapewnienie transportu autobusem, minibusem na start &#8211; rafting, rafting w okresie od 1 kwietnia do 1 pa\u017adziernika <\/li>\n<li>Zapewnienie sp\u0142yw\u00f3w tratwami drewnianymi, sp\u0142yw\u00f3w, sp\u0142yw\u00f3w kajakowych w okresie od 1 kwietnia do 1 pa\u017adziernika <\/li>\n<\/ul>\n","protected":false},"featured_media":4547,"template":"","meta":[],"product_cat":[110],"product_tag":[],"acf":[],"yoast_head":"<!-- This site is optimized with the Yoast SEO plugin v19.7.1 - https:\/\/yoast.com\/wordpress\/plugins\/seo\/ -->\n<title>LATO - Chata Pieniny<\/title>\n<meta name=\"robots\" content=\"index, follow, max-snippet:-1, max-image-preview:large, max-video-preview:-1\" \/>\n<link rel=\"canonical\" href=\"https:\/\/chatapieniny.sk\/pl\/stay-packages\/lato\/\" \/>\n<meta property=\"og:locale\" content=\"pl_PL\" \/>\n<meta property=\"og:type\" content=\"article\" \/>\n<meta property=\"og:title\" content=\"LATO - Chata Pieniny\" \/>\n<meta property=\"og:description\" content=\"Cena obejmuje:   2 x nocleg dla 2 os\u00f3b w pensjonacie Chata Pieniny  2 x obiadokolacja serwowana z dw\u00f3ch da\u0144 do wyboru   2 x \u015bniadanie dla 2 os\u00f3b  2 kolacje dla 2 os\u00f3b  1 x drink powitalny dla 2 os\u00f3b (goryczka g\u00f3ralska 0,05 l)  W okresie 01.07-31.08. od 12:00 do 17:00 - przy dobrej pogodzie codziennie grana jest muzyka ludowa.      Nieograniczony dost\u0119p do centrum odnowy biologicznej dla 2 os\u00f3b od 16:00 do 20:00 przez ca\u0142y pobyt    Basen wyposa\u017cony w przeciwpr\u0105d, dmuchaw\u0119 i wylewk\u0119 wody  sauna parowa, fi\u0144ska, na podczerwie\u0144  Basen ch\u0142odz\u0105cy      Klimoterapia - spacery lecznicze w czystej naturze  Pi\u0142karzyki, st\u00f3\u0142 do ping-ponga, st\u00f3\u0142 bilardowy, rzutki  Mo\u017cliwo\u015b\u0107 korzystania z kompleksu sportowego (kort tenisowy, boisko do siatk\u00f3wki, zewn\u0119trzne boisko fitness)  Bezp\u0142atne Wi-Fi  Parking chroniony kamer\u0105 \u2013 bezp\u0142atny  Zapewnienie transportu autobusem, minibusem na start - rafting, rafting w okresie od 1 kwietnia do 1 pa\u017adziernika  Zapewnienie sp\u0142yw\u00f3w tratwami drewnianymi, sp\u0142yw\u00f3w, sp\u0142yw\u00f3w kajakowych w okresie od 1 kwietnia do 1 pa\u017adziernika\" \/>\n<meta property=\"og:url\" content=\"https:\/\/chatapieniny.sk\/pl\/stay-packages\/lato\/\" \/>\n<meta property=\"og:site_name\" content=\"Chata Pieniny\" \/>\n<meta property=\"article:modified_time\" content=\"2021-11-08T12:33:39+00:00\" \/>\n<meta property=\"og:image\" content=\"https:\/\/chatapieniny.sk\/wp-content\/uploads\/2020\/09\/leto.jpg\" \/>\n\t<meta property=\"og:image:width\" content=\"2000\" \/>\n\t<meta property=\"og:image:height\" content=\"1331\" \/>\n\t<meta property=\"og:image:type\" content=\"image\/jpeg\" \/>\n<meta name=\"twitter:card\" content=\"summary_large_image\" \/>\n<script type=\"application\/ld+json\" class=\"yoast-schema-graph\">{\"@context\":\"https:\/\/schema.org\",\"@graph\":[{\"@type\":\"WebPage\",\"@id\":\"https:\/\/chatapieniny.sk\/pl\/stay-packages\/lato\/\",\"url\":\"https:\/\/chatapieniny.sk\/pl\/stay-packages\/lato\/\",\"name\":\"LATO - Chata Pieniny\",\"isPartOf\":{\"@id\":\"https:\/\/chatapieniny.sk\/pl\/#website\"},\"datePublished\":\"2020-09-22T12:03:14+00:00\",\"dateModified\":\"2021-11-08T12:33:39+00:00\",\"breadcrumb\":{\"@id\":\"https:\/\/chatapieniny.sk\/pl\/stay-packages\/lato\/#breadcrumb\"},\"inLanguage\":\"pl-PL\",\"potentialAction\":[{\"@type\":\"ReadAction\",\"target\":[\"https:\/\/chatapieniny.sk\/pl\/stay-packages\/lato\/\"]}]},{\"@type\":\"BreadcrumbList\",\"@id\":\"https:\/\/chatapieniny.sk\/pl\/stay-packages\/lato\/#breadcrumb\",\"itemListElement\":[{\"@type\":\"ListItem\",\"position\":1,\"name\":\"Home\",\"item\":\"https:\/\/chatapieniny.sk\/pl\/chata-pieniny\/\"},{\"@type\":\"ListItem\",\"position\":2,\"name\":\"\"},{\"@type\":\"ListItem\",\"position\":3,\"name\":\"LATO\"}]},{\"@type\":\"WebSite\",\"@id\":\"https:\/\/chatapieniny.sk\/pl\/#website\",\"url\":\"https:\/\/chatapieniny.sk\/pl\/\",\"name\":\"Chata Pieniny\",\"description\":\"Najlep\u0161ia dovolenka je doma. Na Slovensku.\",\"potentialAction\":[{\"@type\":\"SearchAction\",\"target\":{\"@type\":\"EntryPoint\",\"urlTemplate\":\"https:\/\/chatapieniny.sk\/pl\/?s={search_term_string}\"},\"query-input\":\"required name=search_term_string\"}],\"inLanguage\":\"pl-PL\"}]}<\/script>\n<!-- \/ Yoast SEO plugin. -->","yoast_head_json":{"title":"LATO - Chata Pieniny","robots":{"index":"index","follow":"follow","max-snippet":"max-snippet:-1","max-image-preview":"max-image-preview:large","max-video-preview":"max-video-preview:-1"},"canonical":"https:\/\/chatapieniny.sk\/pl\/stay-packages\/lato\/","og_locale":"pl_PL","og_type":"article","og_title":"LATO - Chata Pieniny","og_description":"Cena obejmuje:   2 x nocleg dla 2 os\u00f3b w pensjonacie Chata Pieniny  2 x obiadokolacja serwowana z dw\u00f3ch da\u0144 do wyboru   2 x \u015bniadanie dla 2 os\u00f3b  2 kolacje dla 2 os\u00f3b  1 x drink powitalny dla 2 os\u00f3b (goryczka g\u00f3ralska 0,05 l)  W okresie 01.07-31.08. od 12:00 do 17:00 - przy dobrej pogodzie codziennie grana jest muzyka ludowa.      Nieograniczony dost\u0119p do centrum odnowy biologicznej dla 2 os\u00f3b od 16:00 do 20:00 przez ca\u0142y pobyt    Basen wyposa\u017cony w przeciwpr\u0105d, dmuchaw\u0119 i wylewk\u0119 wody  sauna parowa, fi\u0144ska, na podczerwie\u0144  Basen ch\u0142odz\u0105cy      Klimoterapia - spacery lecznicze w czystej naturze  Pi\u0142karzyki, st\u00f3\u0142 do ping-ponga, st\u00f3\u0142 bilardowy, rzutki  Mo\u017cliwo\u015b\u0107 korzystania z kompleksu sportowego (kort tenisowy, boisko do siatk\u00f3wki, zewn\u0119trzne boisko fitness)  Bezp\u0142atne Wi-Fi  Parking chroniony kamer\u0105 \u2013 bezp\u0142atny  Zapewnienie transportu autobusem, minibusem na start - rafting, rafting w okresie od 1 kwietnia do 1 pa\u017adziernika  Zapewnienie sp\u0142yw\u00f3w tratwami drewnianymi, sp\u0142yw\u00f3w, sp\u0142yw\u00f3w kajakowych w okresie od 1 kwietnia do 1 pa\u017adziernika","og_url":"https:\/\/chatapieniny.sk\/pl\/stay-packages\/lato\/","og_site_name":"Chata Pieniny","article_modified_time":"2021-11-08T12:33:39+00:00","og_image":[{"width":2000,"height":1331,"url":"https:\/\/chatapieniny.sk\/wp-content\/uploads\/2020\/09\/leto.jpg","type":"image\/jpeg"}],"twitter_card":"summary_large_image","schema":{"@context":"https:\/\/schema.org","@graph":[{"@type":"WebPage","@id":"https:\/\/chatapieniny.sk\/pl\/stay-packages\/lato\/","url":"https:\/\/chatapieniny.sk\/pl\/stay-packages\/lato\/","name":"LATO - Chata Pieniny","isPartOf":{"@id":"https:\/\/chatapieniny.sk\/pl\/#website"},"datePublished":"2020-09-22T12:03:14+00:00","dateModified":"2021-11-08T12:33:39+00:00","breadcrumb":{"@id":"https:\/\/chatapieniny.sk\/pl\/stay-packages\/lato\/#breadcrumb"},"inLanguage":"pl-PL","potentialAction":[{"@type":"ReadAction","target":["https:\/\/chatapieniny.sk\/pl\/stay-packages\/lato\/"]}]},{"@type":"BreadcrumbList","@id":"https:\/\/chatapieniny.sk\/pl\/stay-packages\/lato\/#breadcrumb","itemListElement":[{"@type":"ListItem","position":1,"name":"Home","item":"https:\/\/chatapieniny.sk\/pl\/chata-pieniny\/"},{"@type":"ListItem","position":2,"name":""},{"@type":"ListItem","position":3,"name":"LATO"}]},{"@type":"WebSite","@id":"https:\/\/chatapieniny.sk\/pl\/#website","url":"https:\/\/chatapieniny.sk\/pl\/","name":"Chata Pieniny","description":"Najlep\u0161ia dovolenka je doma. Na Slovensku.","potentialAction":[{"@type":"SearchAction","target":{"@type":"EntryPoint","urlTemplate":"https:\/\/chatapieniny.sk\/pl\/?s={search_term_string}"},"query-input":"required name=search_term_string"}],"inLanguage":"pl-PL"}]}},"_links":{"self":[{"href":"https:\/\/chatapieniny.sk\/pl\/wp-json\/wp\/v2\/product\/5541"}],"collection":[{"href":"https:\/\/chatapieniny.sk\/pl\/wp-json\/wp\/v2\/product"}],"about":[{"href":"https:\/\/chatapieniny.sk\/pl\/wp-json\/wp\/v2\/types\/product"}],"wp:featuredmedia":[{"embeddable":true,"href":"https:\/\/chatapieniny.sk\/pl\/wp-json\/wp\/v2\/media\/4547"}],"wp:attachment":[{"href":"https:\/\/chatapieniny.sk\/pl\/wp-json\/wp\/v2\/media?parent=5541"}],"wp:term":[{"taxonomy":"product_cat","embeddable":true,"href":"https:\/\/chatapieniny.sk\/pl\/wp-json\/wp\/v2\/product_cat?post=5541"},{"taxonomy":"product_tag","embeddable":true,"href":"https:\/\/chatapieniny.sk\/pl\/wp-json\/wp\/v2\/product_tag?post=5541"}],"curies":[{"name":"wp","href":"https:\/\/api.w.org\/{rel}","templated":true}]}}