{"id":5417,"date":"2021-11-02T12:58:00","date_gmt":"2021-11-02T11:58:00","guid":{"rendered":"https:\/\/chatapieniny.sk\/koszyk\/"},"modified":"2022-09-29T11:16:02","modified_gmt":"2022-09-29T09:16:02","slug":"koszyk","status":"publish","type":"page","link":"https:\/\/chatapieniny.sk\/pl\/koszyk\/","title":{"rendered":"Kosz"},"content":{"rendered":"\t\t<div data-elementor-type=\"wp-page\" data-elementor-id=\"5417\" class=\"elementor elementor-5417 elementor-5400\">\n\t\t\t\t\t\t<div class=\"elementor-inner\">\n\t\t\t\t<div class=\"elementor-section-wrap\">\n\t\t\t\t\t\t\t\t\t<section class=\"elementor-section elementor-top-section elementor-element elementor-element-09c1ddf elementor-section-full_width elementor-section-height-default elementor-section-height-default\" data-id=\"09c1ddf\" data-element_type=\"section\" data-settings=\"{&quot;background_background&quot;:&quot;classic&quot;}\">\n\t\t\t\t\t\t<div class=\"elementor-container elementor-column-gap-default\">\n\t\t\t\t\t\t\t<div class=\"elementor-row\">\n\t\t\t\t\t<div class=\"elementor-column elementor-col-100 elementor-top-column elementor-element elementor-element-ab3c37e\" data-id=\"ab3c37e\" data-element_type=\"column\">\n\t\t\t<div class=\"elementor-column-wrap elementor-element-populated\">\n\t\t\t\t\t\t\t<div class=\"elementor-widget-wrap\">\n\t\t\t\t\t\t<div class=\"elementor-element elementor-element-0137573 elementor-widget elementor-widget-heading\" data-id=\"0137573\" data-element_type=\"widget\" data-widget_type=\"heading.default\">\n\t\t\t\t<div class=\"elementor-widget-container\">\n\t\t\t<h2 class=\"elementor-heading-title elementor-size-default\">Kosz<\/h2>\t\t<\/div>\n\t\t\t\t<\/div>\n\t\t\t\t\t\t<\/div>\n\t\t\t\t\t<\/div>\n\t\t<\/div>\n\t\t\t\t\t\t\t\t<\/div>\n\t\t\t\t\t<\/div>\n\t\t<\/section>\n\t\t\t\t<section class=\"elementor-section elementor-top-section elementor-element elementor-element-4fc2fa8 elementor-section-boxed elementor-section-height-default elementor-section-height-default\" data-id=\"4fc2fa8\" data-element_type=\"section\">\n\t\t\t\t\t\t<div class=\"elementor-container elementor-column-gap-default\">\n\t\t\t\t\t\t\t<div class=\"elementor-row\">\n\t\t\t\t\t<div class=\"elementor-column elementor-col-100 elementor-top-column elementor-element elementor-element-a369852\" data-id=\"a369852\" data-element_type=\"column\">\n\t\t\t<div class=\"elementor-column-wrap elementor-element-populated\">\n\t\t\t\t\t\t\t<div class=\"elementor-widget-wrap\">\n\t\t\t\t\t\t\t\t<\/div>\n\t\t\t\t\t<\/div>\n\t\t<\/div>\n\t\t\t\t\t\t\t\t<\/div>\n\t\t\t\t\t<\/div>\n\t\t<\/section>\n\t\t\t\t\t\t\t\t\t<\/div>\n\t\t\t<\/div>\n\t\t\t\t\t<\/div>\n\t\t","protected":false},"excerpt":{"rendered":"<p>Kosz Odobra\u0165 polo\u017eku Thumbnail image Produkt Cena Po\u010det Medzis\u00fa\u010det &times; JAR &#8211; pre dve osoby 3x NOC 279,00&nbsp;&euro; 1 279,00&nbsp;&euro; Zaktualizuj koszyk Suma Medzis\u00fa\u010det 279,00&nbsp;&euro; Cena spolu 279,00&nbsp;&euro; (vr\u00e1tane 46,50&nbsp;&euro; Da\u0148) Sprawd\u017a i zam\u00f3w<\/p>\n","protected":false},"author":1,"featured_media":0,"parent":0,"menu_order":0,"comment_status":"closed","ping_status":"closed","template":"","meta":[],"acf":[],"yoast_head":"<!-- This site is optimized with the Yoast SEO plugin v19.7.1 - https:\/\/yoast.com\/wordpress\/plugins\/seo\/ -->\n<title>Kosz - Chata Pieniny<\/title>\n<meta name=\"robots\" content=\"index, follow, max-snippet:-1, max-image-preview:large, max-video-preview:-1\" \/>\n<link rel=\"canonical\" href=\"https:\/\/chatapieniny.sk\/pl\/koszyk\/\" \/>\n<meta property=\"og:locale\" content=\"pl_PL\" \/>\n<meta property=\"og:type\" content=\"article\" \/>\n<meta property=\"og:title\" content=\"Kosz - Chata Pieniny\" \/>\n<meta property=\"og:description\" content=\"Kosz Odobra\u0165 polo\u017eku Thumbnail image Produkt Cena Po\u010det Medzis\u00fa\u010det &times; JAR &#8211; pre dve osoby 3x NOC 279,00&nbsp;&euro; 1 279,00&nbsp;&euro; Zaktualizuj koszyk Suma Medzis\u00fa\u010det 279,00&nbsp;&euro; Cena spolu 279,00&nbsp;&euro; (vr\u00e1tane 46,50&nbsp;&euro; Da\u0148) Sprawd\u017a i zam\u00f3w\" \/>\n<meta property=\"og:url\" content=\"https:\/\/chatapieniny.sk\/pl\/koszyk\/\" \/>\n<meta property=\"og:site_name\" content=\"Chata Pieniny\" \/>\n<meta property=\"article:modified_time\" content=\"2022-09-29T09:16:02+00:00\" \/>\n<meta property=\"og:image\" content=\"https:\/\/chatapieniny.sk\/wp-content\/uploads\/2020\/09\/annie-spratt-llwy5alslco-unsplash-1-300x300.jpg\" \/>\n<meta name=\"twitter:card\" content=\"summary_large_image\" \/>\n<script type=\"application\/ld+json\" class=\"yoast-schema-graph\">{\"@context\":\"https:\/\/schema.org\",\"@graph\":[{\"@type\":\"WebPage\",\"@id\":\"https:\/\/chatapieniny.sk\/pl\/koszyk\/\",\"url\":\"https:\/\/chatapieniny.sk\/pl\/koszyk\/\",\"name\":\"Kosz - Chata Pieniny\",\"isPartOf\":{\"@id\":\"https:\/\/chatapieniny.sk\/pl\/#website\"},\"datePublished\":\"2021-11-02T11:58:00+00:00\",\"dateModified\":\"2022-09-29T09:16:02+00:00\",\"breadcrumb\":{\"@id\":\"https:\/\/chatapieniny.sk\/pl\/koszyk\/#breadcrumb\"},\"inLanguage\":\"pl-PL\",\"potentialAction\":[{\"@type\":\"ReadAction\",\"target\":[\"https:\/\/chatapieniny.sk\/pl\/koszyk\/\"]}]},{\"@type\":\"BreadcrumbList\",\"@id\":\"https:\/\/chatapieniny.sk\/pl\/koszyk\/#breadcrumb\",\"itemListElement\":[{\"@type\":\"ListItem\",\"position\":1,\"name\":\"Home\",\"item\":\"https:\/\/chatapieniny.sk\/pl\/chata-pieniny\/\"},{\"@type\":\"ListItem\",\"position\":2,\"name\":\"Kosz\"}]},{\"@type\":\"WebSite\",\"@id\":\"https:\/\/chatapieniny.sk\/pl\/#website\",\"url\":\"https:\/\/chatapieniny.sk\/pl\/\",\"name\":\"Chata Pieniny\",\"description\":\"Najlep\u0161ia dovolenka je doma. Na Slovensku.\",\"potentialAction\":[{\"@type\":\"SearchAction\",\"target\":{\"@type\":\"EntryPoint\",\"urlTemplate\":\"https:\/\/chatapieniny.sk\/pl\/?s={search_term_string}\"},\"query-input\":\"required name=search_term_string\"}],\"inLanguage\":\"pl-PL\"}]}<\/script>\n<!-- \/ Yoast SEO plugin. -->","yoast_head_json":{"title":"Kosz - Chata Pieniny","robots":{"index":"index","follow":"follow","max-snippet":"max-snippet:-1","max-image-preview":"max-image-preview:large","max-video-preview":"max-video-preview:-1"},"canonical":"https:\/\/chatapieniny.sk\/pl\/koszyk\/","og_locale":"pl_PL","og_type":"article","og_title":"Kosz - Chata Pieniny","og_description":"Kosz Odobra\u0165 polo\u017eku Thumbnail image Produkt Cena Po\u010det Medzis\u00fa\u010det &times; JAR &#8211; pre dve osoby 3x NOC 279,00&nbsp;&euro; 1 279,00&nbsp;&euro; Zaktualizuj koszyk Suma Medzis\u00fa\u010det 279,00&nbsp;&euro; Cena spolu 279,00&nbsp;&euro; (vr\u00e1tane 46,50&nbsp;&euro; Da\u0148) Sprawd\u017a i zam\u00f3w","og_url":"https:\/\/chatapieniny.sk\/pl\/koszyk\/","og_site_name":"Chata Pieniny","article_modified_time":"2022-09-29T09:16:02+00:00","og_image":[{"url":"https:\/\/chatapieniny.sk\/wp-content\/uploads\/2020\/09\/annie-spratt-llwy5alslco-unsplash-1-300x300.jpg"}],"twitter_card":"summary_large_image","schema":{"@context":"https:\/\/schema.org","@graph":[{"@type":"WebPage","@id":"https:\/\/chatapieniny.sk\/pl\/koszyk\/","url":"https:\/\/chatapieniny.sk\/pl\/koszyk\/","name":"Kosz - Chata Pieniny","isPartOf":{"@id":"https:\/\/chatapieniny.sk\/pl\/#website"},"datePublished":"2021-11-02T11:58:00+00:00","dateModified":"2022-09-29T09:16:02+00:00","breadcrumb":{"@id":"https:\/\/chatapieniny.sk\/pl\/koszyk\/#breadcrumb"},"inLanguage":"pl-PL","potentialAction":[{"@type":"ReadAction","target":["https:\/\/chatapieniny.sk\/pl\/koszyk\/"]}]},{"@type":"BreadcrumbList","@id":"https:\/\/chatapieniny.sk\/pl\/koszyk\/#breadcrumb","itemListElement":[{"@type":"ListItem","position":1,"name":"Home","item":"https:\/\/chatapieniny.sk\/pl\/chata-pieniny\/"},{"@type":"ListItem","position":2,"name":"Kosz"}]},{"@type":"WebSite","@id":"https:\/\/chatapieniny.sk\/pl\/#website","url":"https:\/\/chatapieniny.sk\/pl\/","name":"Chata Pieniny","description":"Najlep\u0161ia dovolenka je doma. Na Slovensku.","potentialAction":[{"@type":"SearchAction","target":{"@type":"EntryPoint","urlTemplate":"https:\/\/chatapieniny.sk\/pl\/?s={search_term_string}"},"query-input":"required name=search_term_string"}],"inLanguage":"pl-PL"}]}},"_links":{"self":[{"href":"https:\/\/chatapieniny.sk\/pl\/wp-json\/wp\/v2\/pages\/5417"}],"collection":[{"href":"https:\/\/chatapieniny.sk\/pl\/wp-json\/wp\/v2\/pages"}],"about":[{"href":"https:\/\/chatapieniny.sk\/pl\/wp-json\/wp\/v2\/types\/page"}],"author":[{"embeddable":true,"href":"https:\/\/chatapieniny.sk\/pl\/wp-json\/wp\/v2\/users\/1"}],"replies":[{"embeddable":true,"href":"https:\/\/chatapieniny.sk\/pl\/wp-json\/wp\/v2\/comments?post=5417"}],"version-history":[{"count":3,"href":"https:\/\/chatapieniny.sk\/pl\/wp-json\/wp\/v2\/pages\/5417\/revisions"}],"predecessor-version":[{"id":6075,"href":"https:\/\/chatapieniny.sk\/pl\/wp-json\/wp\/v2\/pages\/5417\/revisions\/6075"}],"wp:attachment":[{"href":"https:\/\/chatapieniny.sk\/pl\/wp-json\/wp\/v2\/media?parent=5417"}],"curies":[{"name":"wp","href":"https:\/\/api.w.org\/{rel}","templated":true}]}}