{"id":3890,"date":"2019-11-04T12:22:11","date_gmt":"2019-11-04T11:22:11","guid":{"rendered":"https:\/\/chatapieniny.sk\/wellness\/"},"modified":"2021-11-08T14:24:52","modified_gmt":"2021-11-08T13:24:52","slug":"wellness","status":"publish","type":"page","link":"https:\/\/chatapieniny.sk\/pl\/wellness\/","title":{"rendered":"Wellness"},"content":{"rendered":"\t\t<div data-elementor-type=\"wp-post\" data-elementor-id=\"3890\" class=\"elementor elementor-3890 elementor-950\">\n\t\t\t\t\t\t<div class=\"elementor-inner\">\n\t\t\t\t<div class=\"elementor-section-wrap\">\n\t\t\t\t\t\t\t\t\t<section class=\"elementor-section elementor-top-section elementor-element elementor-element-75cd4570 elementor-section-full_width elementor-section-height-default elementor-section-height-default\" data-id=\"75cd4570\" data-element_type=\"section\">\n\t\t\t\t\t\t<div class=\"elementor-container elementor-column-gap-no\">\n\t\t\t\t\t\t\t<div class=\"elementor-row\">\n\t\t\t\t\t<div class=\"elementor-column elementor-col-100 elementor-top-column elementor-element elementor-element-749f61f5\" data-id=\"749f61f5\" data-element_type=\"column\">\n\t\t\t<div class=\"elementor-column-wrap elementor-element-populated\">\n\t\t\t\t\t\t\t<div class=\"elementor-widget-wrap\">\n\t\t\t\t\t\t<div class=\"elementor-element elementor-element-76843f55 elementor--h-position-center elementor--v-position-middle elementor-widget elementor-widget-slides\" data-id=\"76843f55\" data-element_type=\"widget\" data-settings=\"{&quot;navigation&quot;:&quot;none&quot;,&quot;transition&quot;:&quot;fade&quot;,&quot;autoplay&quot;:&quot;yes&quot;,&quot;pause_on_hover&quot;:&quot;yes&quot;,&quot;pause_on_interaction&quot;:&quot;yes&quot;,&quot;autoplay_speed&quot;:5000,&quot;infinite&quot;:&quot;yes&quot;,&quot;transition_speed&quot;:500}\" data-widget_type=\"slides.default\">\n\t\t\t\t<div class=\"elementor-widget-container\">\n\t\t\t\t\t<div class=\"elementor-swiper\">\n\t\t\t<div class=\"elementor-slides-wrapper elementor-main-swiper swiper-container\" dir=\"ltr\" data-animation=\"fadeInUp\">\n\t\t\t\t<div class=\"swiper-wrapper elementor-slides\">\n\t\t\t\t\t\t\t\t\t\t<div class=\"elementor-repeater-item-93f8e70 swiper-slide\"><div class=\"swiper-slide-bg\"><\/div><div class=\"swiper-slide-inner\" ><div class=\"swiper-slide-contents\"><div class=\"elementor-slide-heading\">Wellness<\/div><div class=\"elementor-slide-description\"><p>Chata Pieniny<\/p>\n<\/div><\/div><\/div><\/div>\t\t\t\t<\/div>\n\t\t\t\t\t\t\t<\/div>\n\t\t<\/div>\n\t\t\t\t<\/div>\n\t\t\t\t<\/div>\n\t\t\t\t\t\t<\/div>\n\t\t\t\t\t<\/div>\n\t\t<\/div>\n\t\t\t\t\t\t\t\t<\/div>\n\t\t\t\t\t<\/div>\n\t\t<\/section>\n\t\t\t\t<section class=\"elementor-section elementor-top-section elementor-element elementor-element-62e78217 elementor-section-height-min-height elementor-section-boxed elementor-section-height-default elementor-section-items-middle\" data-id=\"62e78217\" data-element_type=\"section\" data-settings=\"{&quot;background_background&quot;:&quot;classic&quot;}\">\n\t\t\t\t\t\t<div class=\"elementor-container elementor-column-gap-wide\">\n\t\t\t\t\t\t\t<div class=\"elementor-row\">\n\t\t\t\t\t<div class=\"elementor-column elementor-col-50 elementor-top-column elementor-element elementor-element-1dfe68f6\" data-id=\"1dfe68f6\" data-element_type=\"column\">\n\t\t\t<div class=\"elementor-column-wrap elementor-element-populated\">\n\t\t\t\t\t\t\t<div class=\"elementor-widget-wrap\">\n\t\t\t\t\t\t<div class=\"elementor-element elementor-element-1d05edf7 elementor-widget elementor-widget-image\" data-id=\"1d05edf7\" data-element_type=\"widget\" data-widget_type=\"image.default\">\n\t\t\t\t<div class=\"elementor-widget-container\">\n\t\t\t\t\t\t\t\t<div class=\"elementor-image\">\n\t\t\t\t\t\t\t\t\t\t\t\t<img src=\"https:\/\/chatapieniny.sk\/wp-content\/uploads\/elementor\/thumbs\/wellness-o52f5dppb1xoeqr9vsg51s383lcqd1sakz9xyqx340.png\" title=\"wellness\" alt=\"wellness\" \/>\t\t\t\t\t\t\t\t\t\t\t\t\t\t<\/div>\n\t\t\t\t\t\t<\/div>\n\t\t\t\t<\/div>\n\t\t\t\t<div class=\"elementor-element elementor-element-372fae1 elementor-widget elementor-widget-heading\" data-id=\"372fae1\" data-element_type=\"widget\" data-widget_type=\"heading.default\">\n\t\t\t\t<div class=\"elementor-widget-container\">\n\t\t\t<span class=\"elementor-heading-title elementor-size-default\">Wellness<\/span>\t\t<\/div>\n\t\t\t\t<\/div>\n\t\t\t\t<div class=\"elementor-element elementor-element-4b46425a elementor-widget elementor-widget-heading\" data-id=\"4b46425a\" data-element_type=\"widget\" data-widget_type=\"heading.default\">\n\t\t\t\t<div class=\"elementor-widget-container\">\n\t\t\t<h2 class=\"elementor-heading-title elementor-size-default\">Cennik<\/h2>\t\t<\/div>\n\t\t\t\t<\/div>\n\t\t\t\t<div class=\"elementor-element elementor-element-4008d43b elementor-widget elementor-widget-price-list\" data-id=\"4008d43b\" data-element_type=\"widget\" data-widget_type=\"price-list.default\">\n\t\t\t\t<div class=\"elementor-widget-container\">\n\t\t\t\n\t\t<ul class=\"elementor-price-list\">\n\n\t\t\t\t\t\t\t\t\t<li><a class=\"elementor-price-list-item\" href=\"#\">\t\t\t\t\n\t\t\t\t<div class=\"elementor-price-list-text\">\n\t\t\t\t\t\t\t\t\t<div class=\"elementor-price-list-header\">\n\t\t\t\t\t\t\t\t\t\t\t<span class=\"elementor-price-list-title\">\n\t\t\t\t\t\t\tWellness na 2 godziny\t\t\t\t\t\t<\/span>\n\t\t\t\t\t\t\t\t\t\t\t\t\t\t\t\t\t\t<span class=\"elementor-price-list-separator\"><\/span>\n\t\t\t\t\t\t\t\t\t\t\t\t\t\t\t\t\t\t\t<span class=\"elementor-price-list-price\">darmowy<\/span>\n\t\t\t\t\t\t\t\t\t\t<\/div>\n\t\t\t\t\t\t\t\t\t\t\t\t\t\t\t<p class=\"elementor-price-list-description\">\n\t\t\t\t\t\t\tdla go\u015bci zakwaterowanych - basen, sauna, basen ch\u0142odz\u0105cy\t\t\t\t\t\t<\/p>\n\t\t\t\t\t\t\t\t<\/div>\n\t\t\t\t<\/a><\/li>\t\t\t\t\t\t\t\t\t\t\t\t<li><a class=\"elementor-price-list-item\" href=\"#\">\t\t\t\t\n\t\t\t\t<div class=\"elementor-price-list-text\">\n\t\t\t\t\t\t\t\t\t<div class=\"elementor-price-list-header\">\n\t\t\t\t\t\t\t\t\t\t\t<span class=\"elementor-price-list-title\">\n\t\t\t\t\t\t\tWellness na 2 godziny\t\t\t\t\t\t<\/span>\n\t\t\t\t\t\t\t\t\t\t\t\t\t\t\t\t\t\t<span class=\"elementor-price-list-separator\"><\/span>\n\t\t\t\t\t\t\t\t\t\t\t\t\t\t\t\t\t\t\t<span class=\"elementor-price-list-price\">10 \u20ac<\/span>\n\t\t\t\t\t\t\t\t\t\t<\/div>\n\t\t\t\t\t\t\t\t\t\t\t\t\t\t\t<p class=\"elementor-price-list-description\">\n\t\t\t\t\t\t\tbasen, sauna, basen ch\u0142odz\u0105cy\t\t\t\t\t\t<\/p>\n\t\t\t\t\t\t\t\t<\/div>\n\t\t\t\t<\/a><\/li>\t\t\t\t\t\t\t\t\t\t\t\t<li><a class=\"elementor-price-list-item\" href=\"#\">\t\t\t\t\n\t\t\t\t<div class=\"elementor-price-list-text\">\n\t\t\t\t\t\t\t\t\t<div class=\"elementor-price-list-header\">\n\t\t\t\t\t\t\t\t\t\t\t<span class=\"elementor-price-list-title\">\n\t\t\t\t\t\t\tMasa\u017c klasyczny\t\t\t\t\t\t<\/span>\n\t\t\t\t\t\t\t\t\t\t\t\t\t\t\t\t\t\t<span class=\"elementor-price-list-separator\"><\/span>\n\t\t\t\t\t\t\t\t\t\t\t\t\t\t\t\t\t\t\t<span class=\"elementor-price-list-price\">20 \u20ac<\/span>\n\t\t\t\t\t\t\t\t\t\t<\/div>\n\t\t\t\t\t\t\t\t\t\t\t\t\t\t\t<p class=\"elementor-price-list-description\">\n\t\t\t\t\t\t\tMasa\u017c poprawia ukrwienie sk\u00f3ry, tkanki podsk\u00f3rnej i mi\u0119\u015bni, pomaga rozlu\u017ani\u0107 sztywne i bol\u0105ce mi\u0119\u015bnie oraz przyczynia si\u0119 do lepszego wyp\u0142ukiwania substancji negatywnych. \t\t\t\t\t\t<\/p>\n\t\t\t\t\t\t\t\t<\/div>\n\t\t\t\t<\/a><\/li>\t\t\t\t\t\n\t\t<\/ul>\n\n\t\t\t\t<\/div>\n\t\t\t\t<\/div>\n\t\t\t\t\t\t<\/div>\n\t\t\t\t\t<\/div>\n\t\t<\/div>\n\t\t\t\t<div class=\"elementor-column elementor-col-50 elementor-top-column elementor-element elementor-element-6541f4d0\" data-id=\"6541f4d0\" data-element_type=\"column\">\n\t\t\t<div class=\"elementor-column-wrap elementor-element-populated\">\n\t\t\t\t\t\t\t<div class=\"elementor-widget-wrap\">\n\t\t\t\t\t\t<div class=\"elementor-element elementor-element-19a655d elementor-widget elementor-widget-image\" data-id=\"19a655d\" data-element_type=\"widget\" data-widget_type=\"image.default\">\n\t\t\t\t<div class=\"elementor-widget-container\">\n\t\t\t\t\t\t\t\t<div class=\"elementor-image\">\n\t\t\t\t\t\t\t\t\t\t\t\t<img width=\"999\" height=\"667\" src=\"https:\/\/chatapieniny.sk\/wp-content\/uploads\/2019\/03\/wellness-1.jpg\" class=\"attachment-full size-full\" alt=\"\" loading=\"lazy\" srcset=\"https:\/\/chatapieniny.sk\/wp-content\/uploads\/2019\/03\/wellness-1.jpg 999w, https:\/\/chatapieniny.sk\/wp-content\/uploads\/2019\/03\/wellness-1-600x401.jpg 600w, https:\/\/chatapieniny.sk\/wp-content\/uploads\/2019\/03\/wellness-1-300x200.jpg 300w, https:\/\/chatapieniny.sk\/wp-content\/uploads\/2019\/03\/wellness-1-768x513.jpg 768w\" sizes=\"(max-width: 999px) 100vw, 999px\" \/>\t\t\t\t\t\t\t\t\t\t\t\t\t\t<\/div>\n\t\t\t\t\t\t<\/div>\n\t\t\t\t<\/div>\n\t\t\t\t\t\t<\/div>\n\t\t\t\t\t<\/div>\n\t\t<\/div>\n\t\t\t\t\t\t\t\t<\/div>\n\t\t\t\t\t<\/div>\n\t\t<\/section>\n\t\t\t\t<section class=\"elementor-section elementor-top-section elementor-element elementor-element-d579927 elementor-section-height-min-height elementor-section-boxed elementor-section-height-default elementor-section-items-middle\" data-id=\"d579927\" data-element_type=\"section\" data-settings=\"{&quot;background_background&quot;:&quot;classic&quot;}\">\n\t\t\t\t\t\t<div class=\"elementor-container elementor-column-gap-default\">\n\t\t\t\t\t\t\t<div class=\"elementor-row\">\n\t\t\t\t\t<div class=\"elementor-column elementor-col-100 elementor-top-column elementor-element elementor-element-599f64f\" data-id=\"599f64f\" data-element_type=\"column\">\n\t\t\t<div class=\"elementor-column-wrap elementor-element-populated\">\n\t\t\t\t\t\t\t<div class=\"elementor-widget-wrap\">\n\t\t\t\t\t\t<div class=\"elementor-element elementor-element-4466f3c elementor-widget elementor-widget-text-editor\" data-id=\"4466f3c\" data-element_type=\"widget\" data-widget_type=\"text-editor.default\">\n\t\t\t\t<div class=\"elementor-widget-container\">\n\t\t\t\t\t\t\t\t<div class=\"elementor-text-editor elementor-clearfix\">\n\t\t\t\t<h3 style=\"text-align: center;\"><span style=\"color: #ffffff;\">Cennik orientacyjny<\/span><\/h3>\n<p style=\"text-align: center;\"><span style=\"color: #ffffff;\">Spa Wellness Pieniny<\/span><\/p>\n\t\t\t\t\t<\/div>\n\t\t\t\t\t\t<\/div>\n\t\t\t\t<\/div>\n\t\t\t\t<div class=\"elementor-element elementor-element-6c743fa elementor-button-info elementor-align-center elementor-widget elementor-widget-button\" data-id=\"6c743fa\" data-element_type=\"widget\" data-widget_type=\"button.default\">\n\t\t\t\t<div class=\"elementor-widget-container\">\n\t\t\t\t\t<div class=\"elementor-button-wrapper\">\n\t\t\t<a href=\"https:\/\/chatapieniny.sk\/wp-content\/uploads\/2019\/09\/cennik.pdf\" class=\"elementor-button-link elementor-button elementor-size-sm\" role=\"button\">\n\t\t\t\t\t\t<span class=\"elementor-button-content-wrapper\">\n\t\t\t\t\t\t<span class=\"elementor-button-text\">Pobra\u0107 .pdf<\/span>\n\t\t<\/span>\n\t\t\t\t\t<\/a>\n\t\t<\/div>\n\t\t\t\t<\/div>\n\t\t\t\t<\/div>\n\t\t\t\t\t\t<\/div>\n\t\t\t\t\t<\/div>\n\t\t<\/div>\n\t\t\t\t\t\t\t\t<\/div>\n\t\t\t\t\t<\/div>\n\t\t<\/section>\n\t\t\t\t<section class=\"elementor-section elementor-top-section elementor-element elementor-element-130444a0 elementor-section-boxed elementor-section-height-default elementor-section-height-default\" data-id=\"130444a0\" data-element_type=\"section\">\n\t\t\t\t\t\t<div class=\"elementor-container elementor-column-gap-default\">\n\t\t\t\t\t\t\t<div class=\"elementor-row\">\n\t\t\t\t\t<div class=\"elementor-column elementor-col-100 elementor-top-column elementor-element elementor-element-7c794385\" data-id=\"7c794385\" data-element_type=\"column\">\n\t\t\t<div class=\"elementor-column-wrap elementor-element-populated\">\n\t\t\t\t\t\t\t<div class=\"elementor-widget-wrap\">\n\t\t\t\t\t\t<div class=\"elementor-element elementor-element-262c09b6 elementor-widget elementor-widget-spacer\" data-id=\"262c09b6\" data-element_type=\"widget\" data-widget_type=\"spacer.default\">\n\t\t\t\t<div class=\"elementor-widget-container\">\n\t\t\t\t\t<div class=\"elementor-spacer\">\n\t\t\t<div class=\"elementor-spacer-inner\"><\/div>\n\t\t<\/div>\n\t\t\t\t<\/div>\n\t\t\t\t<\/div>\n\t\t\t\t<div class=\"elementor-element elementor-element-59576225 elementor-widget elementor-widget-heading\" data-id=\"59576225\" data-element_type=\"widget\" data-widget_type=\"heading.default\">\n\t\t\t\t<div class=\"elementor-widget-container\">\n\t\t\t<span class=\"elementor-heading-title elementor-size-default\">Wellness<\/span>\t\t<\/div>\n\t\t\t\t<\/div>\n\t\t\t\t<div class=\"elementor-element elementor-element-179365ee elementor-widget elementor-widget-heading\" data-id=\"179365ee\" data-element_type=\"widget\" data-widget_type=\"heading.default\">\n\t\t\t\t<div class=\"elementor-widget-container\">\n\t\t\t<h2 class=\"elementor-heading-title elementor-size-default\">Galeria<\/h2>\t\t<\/div>\n\t\t\t\t<\/div>\n\t\t\t\t<div class=\"elementor-element elementor-element-29aaf1d5 gallery-spacing-custom elementor-widget elementor-widget-image-gallery\" data-id=\"29aaf1d5\" data-element_type=\"widget\" data-widget_type=\"image-gallery.default\">\n\t\t\t\t<div class=\"elementor-widget-container\">\n\t\t\t\t\t<div class=\"elementor-image-gallery\">\n\t\t\t<div id='gallery-1' class='gallery galleryid-3890 gallery-columns-4 gallery-size-full'><figure class='gallery-item'>\n\t\t\t<div class='gallery-icon landscape'>\n\t\t\t\t<a data-elementor-open-lightbox=\"yes\" data-elementor-lightbox-slideshow=\"29aaf1d5\" data-elementor-lightbox-title=\"chata-pieniny-lesnica-20\" e-action-hash=\"#elementor-action%3Aaction%3Dlightbox%26settings%3DeyJpZCI6MzY3MiwidXJsIjoiaHR0cHM6XC9cL2NoYXRhcGllbmlueS5za1wvd3AtY29udGVudFwvdXBsb2Fkc1wvMjAxOVwvMDNcL2NoYXRhLXBpZW5pbnktbGVzbmljYS0yMC5qcGciLCJzbGlkZXNob3ciOiIyOWFhZjFkNSJ9\" href='https:\/\/chatapieniny.sk\/wp-content\/uploads\/2019\/03\/chata-pieniny-lesnica-20.jpg'><img width=\"1200\" height=\"800\" src=\"https:\/\/chatapieniny.sk\/wp-content\/uploads\/2019\/03\/chata-pieniny-lesnica-20.jpg\" class=\"attachment-full size-full\" alt=\"\" loading=\"lazy\" srcset=\"https:\/\/chatapieniny.sk\/wp-content\/uploads\/2019\/03\/chata-pieniny-lesnica-20.jpg 1200w, https:\/\/chatapieniny.sk\/wp-content\/uploads\/2019\/03\/chata-pieniny-lesnica-20-600x400.jpg 600w, https:\/\/chatapieniny.sk\/wp-content\/uploads\/2019\/03\/chata-pieniny-lesnica-20-300x200.jpg 300w, https:\/\/chatapieniny.sk\/wp-content\/uploads\/2019\/03\/chata-pieniny-lesnica-20-768x512.jpg 768w, https:\/\/chatapieniny.sk\/wp-content\/uploads\/2019\/03\/chata-pieniny-lesnica-20-1024x683.jpg 1024w\" sizes=\"(max-width: 1200px) 100vw, 1200px\" \/><\/a>\n\t\t\t<\/div><\/figure><figure class='gallery-item'>\n\t\t\t<div class='gallery-icon landscape'>\n\t\t\t\t<a data-elementor-open-lightbox=\"yes\" data-elementor-lightbox-slideshow=\"29aaf1d5\" data-elementor-lightbox-title=\"chata-pieniny-lesnica-22\" e-action-hash=\"#elementor-action%3Aaction%3Dlightbox%26settings%3DeyJpZCI6Mzg5OCwidXJsIjoiaHR0cHM6XC9cL2NoYXRhcGllbmlueS5za1wvd3AtY29udGVudFwvdXBsb2Fkc1wvMjAxOVwvMDNcL2NoYXRhLXBpZW5pbnktbGVzbmljYS0yMi5qcGciLCJzbGlkZXNob3ciOiIyOWFhZjFkNSJ9\" href='https:\/\/chatapieniny.sk\/wp-content\/uploads\/2019\/03\/chata-pieniny-lesnica-22.jpg'><img width=\"1200\" height=\"800\" src=\"https:\/\/chatapieniny.sk\/wp-content\/uploads\/2019\/03\/chata-pieniny-lesnica-22.jpg\" class=\"attachment-full size-full\" alt=\"\" loading=\"lazy\" srcset=\"https:\/\/chatapieniny.sk\/wp-content\/uploads\/2019\/03\/chata-pieniny-lesnica-22.jpg 1200w, https:\/\/chatapieniny.sk\/wp-content\/uploads\/2019\/03\/chata-pieniny-lesnica-22-600x400.jpg 600w, https:\/\/chatapieniny.sk\/wp-content\/uploads\/2019\/03\/chata-pieniny-lesnica-22-300x200.jpg 300w, https:\/\/chatapieniny.sk\/wp-content\/uploads\/2019\/03\/chata-pieniny-lesnica-22-768x512.jpg 768w, https:\/\/chatapieniny.sk\/wp-content\/uploads\/2019\/03\/chata-pieniny-lesnica-22-1024x683.jpg 1024w\" sizes=\"(max-width: 1200px) 100vw, 1200px\" \/><\/a>\n\t\t\t<\/div><\/figure><figure class='gallery-item'>\n\t\t\t<div class='gallery-icon landscape'>\n\t\t\t\t<a data-elementor-open-lightbox=\"yes\" data-elementor-lightbox-slideshow=\"29aaf1d5\" data-elementor-lightbox-title=\"chata-pieniny-lesnica-21\" e-action-hash=\"#elementor-action%3Aaction%3Dlightbox%26settings%3DeyJpZCI6MzY2MSwidXJsIjoiaHR0cHM6XC9cL2NoYXRhcGllbmlueS5za1wvd3AtY29udGVudFwvdXBsb2Fkc1wvMjAxOVwvMDNcL2NoYXRhLXBpZW5pbnktbGVzbmljYS0yMS5qcGciLCJzbGlkZXNob3ciOiIyOWFhZjFkNSJ9\" href='https:\/\/chatapieniny.sk\/wp-content\/uploads\/2019\/03\/chata-pieniny-lesnica-21.jpg'><img width=\"1200\" height=\"800\" src=\"https:\/\/chatapieniny.sk\/wp-content\/uploads\/2019\/03\/chata-pieniny-lesnica-21.jpg\" class=\"attachment-full size-full\" alt=\"\" loading=\"lazy\" srcset=\"https:\/\/chatapieniny.sk\/wp-content\/uploads\/2019\/03\/chata-pieniny-lesnica-21.jpg 1200w, https:\/\/chatapieniny.sk\/wp-content\/uploads\/2019\/03\/chata-pieniny-lesnica-21-600x400.jpg 600w, https:\/\/chatapieniny.sk\/wp-content\/uploads\/2019\/03\/chata-pieniny-lesnica-21-300x200.jpg 300w, https:\/\/chatapieniny.sk\/wp-content\/uploads\/2019\/03\/chata-pieniny-lesnica-21-768x512.jpg 768w, https:\/\/chatapieniny.sk\/wp-content\/uploads\/2019\/03\/chata-pieniny-lesnica-21-1024x683.jpg 1024w\" sizes=\"(max-width: 1200px) 100vw, 1200px\" \/><\/a>\n\t\t\t<\/div><\/figure><figure class='gallery-item'>\n\t\t\t<div class='gallery-icon landscape'>\n\t\t\t\t<a data-elementor-open-lightbox=\"yes\" data-elementor-lightbox-slideshow=\"29aaf1d5\" data-elementor-lightbox-title=\"chata-pieniny-lesnica-19\" e-action-hash=\"#elementor-action%3Aaction%3Dlightbox%26settings%3DeyJpZCI6MzY4MywidXJsIjoiaHR0cHM6XC9cL2NoYXRhcGllbmlueS5za1wvd3AtY29udGVudFwvdXBsb2Fkc1wvMjAxOVwvMDNcL2NoYXRhLXBpZW5pbnktbGVzbmljYS0xOS5qcGciLCJzbGlkZXNob3ciOiIyOWFhZjFkNSJ9\" href='https:\/\/chatapieniny.sk\/wp-content\/uploads\/2019\/03\/chata-pieniny-lesnica-19.jpg'><img width=\"1200\" height=\"800\" src=\"https:\/\/chatapieniny.sk\/wp-content\/uploads\/2019\/03\/chata-pieniny-lesnica-19.jpg\" class=\"attachment-full size-full\" alt=\"\" loading=\"lazy\" srcset=\"https:\/\/chatapieniny.sk\/wp-content\/uploads\/2019\/03\/chata-pieniny-lesnica-19.jpg 1200w, https:\/\/chatapieniny.sk\/wp-content\/uploads\/2019\/03\/chata-pieniny-lesnica-19-600x400.jpg 600w, https:\/\/chatapieniny.sk\/wp-content\/uploads\/2019\/03\/chata-pieniny-lesnica-19-300x200.jpg 300w, https:\/\/chatapieniny.sk\/wp-content\/uploads\/2019\/03\/chata-pieniny-lesnica-19-768x512.jpg 768w, https:\/\/chatapieniny.sk\/wp-content\/uploads\/2019\/03\/chata-pieniny-lesnica-19-1024x683.jpg 1024w\" sizes=\"(max-width: 1200px) 100vw, 1200px\" \/><\/a>\n\t\t\t<\/div><\/figure>\n\t\t<\/div>\n\t\t<\/div>\n\t\t\t\t<\/div>\n\t\t\t\t<\/div>\n\t\t\t\t\t\t<\/div>\n\t\t\t\t\t<\/div>\n\t\t<\/div>\n\t\t\t\t\t\t\t\t<\/div>\n\t\t\t\t\t<\/div>\n\t\t<\/section>\n\t\t\t\t\t\t\t\t\t<\/div>\n\t\t\t<\/div>\n\t\t\t\t\t<\/div>\n\t\t","protected":false},"excerpt":{"rendered":"<p>Wellness Chata Pieniny Wellness Cennik Wellness na 2 godziny darmowy dla go\u015bci zakwaterowanych &#8211; basen, sauna, basen ch\u0142odz\u0105cy Wellness na 2 godziny 10 \u20ac basen, sauna, basen ch\u0142odz\u0105cy Masa\u017c klasyczny 20 \u20ac Masa\u017c poprawia ukrwienie sk\u00f3ry, tkanki podsk\u00f3rnej i mi\u0119\u015bni, pomaga rozlu\u017ani\u0107 sztywne i bol\u0105ce mi\u0119\u015bnie oraz przyczynia si\u0119 do lepszego wyp\u0142ukiwania substancji negatywnych. Cennik [&hellip;]<\/p>\n","protected":false},"author":2,"featured_media":0,"parent":0,"menu_order":0,"comment_status":"closed","ping_status":"closed","template":"","meta":[],"acf":[],"yoast_head":"<!-- This site is optimized with the Yoast SEO plugin v19.7.1 - https:\/\/yoast.com\/wordpress\/plugins\/seo\/ -->\n<title>Wellness | Chata Pieniny | Lesnica | Basen, sauna, masa\u017ce<\/title>\n<meta name=\"robots\" content=\"index, follow, max-snippet:-1, max-image-preview:large, max-video-preview:-1\" \/>\n<link rel=\"canonical\" href=\"https:\/\/chatapieniny.sk\/pl\/wellness\/\" \/>\n<meta property=\"og:locale\" content=\"pl_PL\" \/>\n<meta property=\"og:type\" content=\"article\" \/>\n<meta property=\"og:title\" content=\"Wellness | Chata Pieniny | Lesnica | Basen, sauna, masa\u017ce\" \/>\n<meta property=\"og:description\" content=\"Wellness Chata Pieniny Wellness Cennik Wellness na 2 godziny darmowy dla go\u015bci zakwaterowanych &#8211; basen, sauna, basen ch\u0142odz\u0105cy Wellness na 2 godziny 10 \u20ac basen, sauna, basen ch\u0142odz\u0105cy Masa\u017c klasyczny 20 \u20ac Masa\u017c poprawia ukrwienie sk\u00f3ry, tkanki podsk\u00f3rnej i mi\u0119\u015bni, pomaga rozlu\u017ani\u0107 sztywne i bol\u0105ce mi\u0119\u015bnie oraz przyczynia si\u0119 do lepszego wyp\u0142ukiwania substancji negatywnych. Cennik [&hellip;]\" \/>\n<meta property=\"og:url\" content=\"https:\/\/chatapieniny.sk\/pl\/wellness\/\" \/>\n<meta property=\"og:site_name\" content=\"Chata Pieniny\" \/>\n<meta property=\"article:modified_time\" content=\"2021-11-08T13:24:52+00:00\" \/>\n<meta property=\"og:image\" content=\"https:\/\/chatapieniny.sk\/wp-content\/uploads\/elementor\/thumbs\/wellness-o52f5dppb1xoeqr9vsg51s383lcqd1sakz9xyqx340.png\" \/>\n<meta name=\"twitter:card\" content=\"summary_large_image\" \/>\n<meta name=\"twitter:label1\" content=\"Szacowany czas czytania\" \/>\n\t<meta name=\"twitter:data1\" content=\"2 minuty\" \/>\n<script type=\"application\/ld+json\" class=\"yoast-schema-graph\">{\"@context\":\"https:\/\/schema.org\",\"@graph\":[{\"@type\":\"WebPage\",\"@id\":\"https:\/\/chatapieniny.sk\/pl\/wellness\/\",\"url\":\"https:\/\/chatapieniny.sk\/pl\/wellness\/\",\"name\":\"Wellness | Chata Pieniny | Lesnica | Basen, sauna, masa\u017ce\",\"isPartOf\":{\"@id\":\"https:\/\/chatapieniny.sk\/pl\/#website\"},\"datePublished\":\"2019-11-04T11:22:11+00:00\",\"dateModified\":\"2021-11-08T13:24:52+00:00\",\"breadcrumb\":{\"@id\":\"https:\/\/chatapieniny.sk\/pl\/wellness\/#breadcrumb\"},\"inLanguage\":\"pl-PL\",\"potentialAction\":[{\"@type\":\"ReadAction\",\"target\":[\"https:\/\/chatapieniny.sk\/pl\/wellness\/\"]}]},{\"@type\":\"BreadcrumbList\",\"@id\":\"https:\/\/chatapieniny.sk\/pl\/wellness\/#breadcrumb\",\"itemListElement\":[{\"@type\":\"ListItem\",\"position\":1,\"name\":\"Home\",\"item\":\"https:\/\/chatapieniny.sk\/pl\/chata-pieniny\/\"},{\"@type\":\"ListItem\",\"position\":2,\"name\":\"Wellness\"}]},{\"@type\":\"WebSite\",\"@id\":\"https:\/\/chatapieniny.sk\/pl\/#website\",\"url\":\"https:\/\/chatapieniny.sk\/pl\/\",\"name\":\"Chata Pieniny\",\"description\":\"Najlep\u0161ia dovolenka je doma. Na Slovensku.\",\"potentialAction\":[{\"@type\":\"SearchAction\",\"target\":{\"@type\":\"EntryPoint\",\"urlTemplate\":\"https:\/\/chatapieniny.sk\/pl\/?s={search_term_string}\"},\"query-input\":\"required name=search_term_string\"}],\"inLanguage\":\"pl-PL\"}]}<\/script>\n<!-- \/ Yoast SEO plugin. -->","yoast_head_json":{"title":"Wellness | Chata Pieniny | Lesnica | Basen, sauna, masa\u017ce","robots":{"index":"index","follow":"follow","max-snippet":"max-snippet:-1","max-image-preview":"max-image-preview:large","max-video-preview":"max-video-preview:-1"},"canonical":"https:\/\/chatapieniny.sk\/pl\/wellness\/","og_locale":"pl_PL","og_type":"article","og_title":"Wellness | Chata Pieniny | Lesnica | Basen, sauna, masa\u017ce","og_description":"Wellness Chata Pieniny Wellness Cennik Wellness na 2 godziny darmowy dla go\u015bci zakwaterowanych &#8211; basen, sauna, basen ch\u0142odz\u0105cy Wellness na 2 godziny 10 \u20ac basen, sauna, basen ch\u0142odz\u0105cy Masa\u017c klasyczny 20 \u20ac Masa\u017c poprawia ukrwienie sk\u00f3ry, tkanki podsk\u00f3rnej i mi\u0119\u015bni, pomaga rozlu\u017ani\u0107 sztywne i bol\u0105ce mi\u0119\u015bnie oraz przyczynia si\u0119 do lepszego wyp\u0142ukiwania substancji negatywnych. Cennik [&hellip;]","og_url":"https:\/\/chatapieniny.sk\/pl\/wellness\/","og_site_name":"Chata Pieniny","article_modified_time":"2021-11-08T13:24:52+00:00","og_image":[{"url":"https:\/\/chatapieniny.sk\/wp-content\/uploads\/elementor\/thumbs\/wellness-o52f5dppb1xoeqr9vsg51s383lcqd1sakz9xyqx340.png"}],"twitter_card":"summary_large_image","twitter_misc":{"Szacowany czas czytania":"2 minuty"},"schema":{"@context":"https:\/\/schema.org","@graph":[{"@type":"WebPage","@id":"https:\/\/chatapieniny.sk\/pl\/wellness\/","url":"https:\/\/chatapieniny.sk\/pl\/wellness\/","name":"Wellness | Chata Pieniny | Lesnica | Basen, sauna, masa\u017ce","isPartOf":{"@id":"https:\/\/chatapieniny.sk\/pl\/#website"},"datePublished":"2019-11-04T11:22:11+00:00","dateModified":"2021-11-08T13:24:52+00:00","breadcrumb":{"@id":"https:\/\/chatapieniny.sk\/pl\/wellness\/#breadcrumb"},"inLanguage":"pl-PL","potentialAction":[{"@type":"ReadAction","target":["https:\/\/chatapieniny.sk\/pl\/wellness\/"]}]},{"@type":"BreadcrumbList","@id":"https:\/\/chatapieniny.sk\/pl\/wellness\/#breadcrumb","itemListElement":[{"@type":"ListItem","position":1,"name":"Home","item":"https:\/\/chatapieniny.sk\/pl\/chata-pieniny\/"},{"@type":"ListItem","position":2,"name":"Wellness"}]},{"@type":"WebSite","@id":"https:\/\/chatapieniny.sk\/pl\/#website","url":"https:\/\/chatapieniny.sk\/pl\/","name":"Chata Pieniny","description":"Najlep\u0161ia dovolenka je doma. Na Slovensku.","potentialAction":[{"@type":"SearchAction","target":{"@type":"EntryPoint","urlTemplate":"https:\/\/chatapieniny.sk\/pl\/?s={search_term_string}"},"query-input":"required name=search_term_string"}],"inLanguage":"pl-PL"}]}},"_links":{"self":[{"href":"https:\/\/chatapieniny.sk\/pl\/wp-json\/wp\/v2\/pages\/3890"}],"collection":[{"href":"https:\/\/chatapieniny.sk\/pl\/wp-json\/wp\/v2\/pages"}],"about":[{"href":"https:\/\/chatapieniny.sk\/pl\/wp-json\/wp\/v2\/types\/page"}],"author":[{"embeddable":true,"href":"https:\/\/chatapieniny.sk\/pl\/wp-json\/wp\/v2\/users\/2"}],"replies":[{"embeddable":true,"href":"https:\/\/chatapieniny.sk\/pl\/wp-json\/wp\/v2\/comments?post=3890"}],"version-history":[{"count":20,"href":"https:\/\/chatapieniny.sk\/pl\/wp-json\/wp\/v2\/pages\/3890\/revisions"}],"predecessor-version":[{"id":5743,"href":"https:\/\/chatapieniny.sk\/pl\/wp-json\/wp\/v2\/pages\/3890\/revisions\/5743"}],"wp:attachment":[{"href":"https:\/\/chatapieniny.sk\/pl\/wp-json\/wp\/v2\/media?parent=3890"}],"curies":[{"name":"wp","href":"https:\/\/api.w.org\/{rel}","templated":true}]}}