{"id":5514,"date":"2020-09-22T14:03:34","date_gmt":"2020-09-22T12:03:34","guid":{"rendered":"https:\/\/chatapieniny.sk\/pobytove-baliky\/osz\/"},"modified":"2021-11-08T13:33:39","modified_gmt":"2021-11-08T12:33:39","slug":"osz","status":"publish","type":"product","link":"https:\/\/chatapieniny.sk\/hu\/stay-packages\/osz\/","title":{"rendered":"\u0150SZ"},"content":{"rendered":"","protected":false},"excerpt":{"rendered":"<h3> Az \u00e1r a k\u00f6vetkez\u0151ket tartalmazza: <\/h3>\n<ul>\n<li> 2 x sz\u00e1ll\u00e1s 2 f\u0151 r\u00e9sz\u00e9re a Chata Pieniny panzi\u00f3ban <\/li>\n<li> 2 x f\u00e9lpanzi\u00f3s ell\u00e1t\u00e1s k\u00e9tfog\u00e1sos v\u00e1laszt\u00e1ssal\n<ul>\n<li> 2 x reggeli 2 f\u0151 r\u00e9sz\u00e9re <\/li>\n<li> 2 vacsora 2 f\u0151 r\u00e9sz\u00e9re <\/li>\n<li> 1 x \u00fcdv\u00f6zl\u0151ital 2 f\u0151 r\u00e9sz\u00e9re (Goral enci\u00e1n 0,05 l) <\/li>\n<\/ul>\n<\/li>\n<\/ul>\n<ul>\n<li> <strong> Korl\u00e1tlan bel\u00e9p\u00e9s a wellnessk\u00f6zpontba 2 f\u0151 r\u00e9sz\u00e9re 16:00 \u00e9s 20:00 \u00f3ra k\u00f6z\u00f6tt a tart\u00f3zkod\u00e1s teljes ideje alatt <br \/>\n<\/strong> <\/p>\n<ul>\n<li> Ellen\u00e1rammal, f\u00fav\u00f3val \u00e9s v\u00edzkifoly\u00f3val felszerelt medence <\/li>\n<li> g\u0151z-, finn-, infraszauna <\/li>\n<li> H\u0171t\u0151medence <\/li>\n<\/ul>\n<\/li>\n<\/ul>\n<ul>\n<li> Kl\u00edmater\u00e1pia \u2013 gy\u00f3gy\u00edt\u00f3 s\u00e9t\u00e1k a tiszta term\u00e9szetben <\/li>\n<li> Csocs\u00f3, ping-pong asztal, bili\u00e1rdasztal, darts <\/li>\n<li> Lehet\u0151s\u00e9g a sporttelep haszn\u00e1lat\u00e1ra (teniszp\u00e1lya, r\u00f6plabdap\u00e1lya, szabadt\u00e9ri fitneszp\u00e1lya) <\/li>\n<li> Ingyenes Wi-Fi <\/li>\n<li> Kamer\u00e1val v\u00e9dett parkol\u00f3 \u2013 ingyenes <\/li>\n<\/ul>\n","protected":false},"featured_media":4552,"template":"","meta":[],"product_cat":[109],"product_tag":[],"acf":[],"yoast_head":"<!-- This site is optimized with the Yoast SEO plugin v19.7.1 - https:\/\/yoast.com\/wordpress\/plugins\/seo\/ -->\n<title>\u0150SZ - Chata Pieniny<\/title>\n<meta name=\"robots\" content=\"index, follow, max-snippet:-1, max-image-preview:large, max-video-preview:-1\" \/>\n<link rel=\"canonical\" href=\"https:\/\/chatapieniny.sk\/hu\/stay-packages\/osz\/\" \/>\n<meta property=\"og:locale\" content=\"hu_HU\" \/>\n<meta property=\"og:type\" content=\"article\" \/>\n<meta property=\"og:title\" content=\"\u0150SZ - Chata Pieniny\" \/>\n<meta property=\"og:description\" content=\"Az \u00e1r a k\u00f6vetkez\u0151ket tartalmazza:   2 x sz\u00e1ll\u00e1s 2 f\u0151 r\u00e9sz\u00e9re a Chata Pieniny panzi\u00f3ban  2 x f\u00e9lpanzi\u00f3s ell\u00e1t\u00e1s k\u00e9tfog\u00e1sos v\u00e1laszt\u00e1ssal   2 x reggeli 2 f\u0151 r\u00e9sz\u00e9re  2 vacsora 2 f\u0151 r\u00e9sz\u00e9re  1 x \u00fcdv\u00f6zl\u0151ital 2 f\u0151 r\u00e9sz\u00e9re (Goral enci\u00e1n 0,05 l)       Korl\u00e1tlan bel\u00e9p\u00e9s a wellnessk\u00f6zpontba 2 f\u0151 r\u00e9sz\u00e9re 16:00 \u00e9s 20:00 \u00f3ra k\u00f6z\u00f6tt a tart\u00f3zkod\u00e1s teljes ideje alatt     Ellen\u00e1rammal, f\u00fav\u00f3val \u00e9s v\u00edzkifoly\u00f3val felszerelt medence  g\u0151z-, finn-, infraszauna  H\u0171t\u0151medence      Kl\u00edmater\u00e1pia \u2013 gy\u00f3gy\u00edt\u00f3 s\u00e9t\u00e1k a tiszta term\u00e9szetben  Csocs\u00f3, ping-pong asztal, bili\u00e1rdasztal, darts  Lehet\u0151s\u00e9g a sporttelep haszn\u00e1lat\u00e1ra (teniszp\u00e1lya, r\u00f6plabdap\u00e1lya, szabadt\u00e9ri fitneszp\u00e1lya)  Ingyenes Wi-Fi  Kamer\u00e1val v\u00e9dett parkol\u00f3 \u2013 ingyenes\" \/>\n<meta property=\"og:url\" content=\"https:\/\/chatapieniny.sk\/hu\/stay-packages\/osz\/\" \/>\n<meta property=\"og:site_name\" content=\"Chata Pieniny\" \/>\n<meta property=\"article:modified_time\" content=\"2021-11-08T12:33:39+00:00\" \/>\n<meta property=\"og:image\" content=\"https:\/\/chatapieniny.sk\/wp-content\/uploads\/2020\/09\/jesen.jpg\" \/>\n\t<meta property=\"og:image:width\" content=\"2000\" \/>\n\t<meta property=\"og:image:height\" content=\"1333\" \/>\n\t<meta property=\"og:image:type\" content=\"image\/jpeg\" \/>\n<meta name=\"twitter:card\" content=\"summary_large_image\" \/>\n<script type=\"application\/ld+json\" class=\"yoast-schema-graph\">{\"@context\":\"https:\/\/schema.org\",\"@graph\":[{\"@type\":\"WebPage\",\"@id\":\"https:\/\/chatapieniny.sk\/hu\/stay-packages\/osz\/\",\"url\":\"https:\/\/chatapieniny.sk\/hu\/stay-packages\/osz\/\",\"name\":\"\u0150SZ - Chata Pieniny\",\"isPartOf\":{\"@id\":\"https:\/\/chatapieniny.sk\/hu\/#website\"},\"datePublished\":\"2020-09-22T12:03:34+00:00\",\"dateModified\":\"2021-11-08T12:33:39+00:00\",\"breadcrumb\":{\"@id\":\"https:\/\/chatapieniny.sk\/hu\/stay-packages\/osz\/#breadcrumb\"},\"inLanguage\":\"hu\",\"potentialAction\":[{\"@type\":\"ReadAction\",\"target\":[\"https:\/\/chatapieniny.sk\/hu\/stay-packages\/osz\/\"]}]},{\"@type\":\"BreadcrumbList\",\"@id\":\"https:\/\/chatapieniny.sk\/hu\/stay-packages\/osz\/#breadcrumb\",\"itemListElement\":[{\"@type\":\"ListItem\",\"position\":1,\"name\":\"Home\",\"item\":\"https:\/\/chatapieniny.sk\/hu\/chata-pieniny\/\"},{\"@type\":\"ListItem\",\"position\":2,\"name\":\"\"},{\"@type\":\"ListItem\",\"position\":3,\"name\":\"\u0150SZ\"}]},{\"@type\":\"WebSite\",\"@id\":\"https:\/\/chatapieniny.sk\/hu\/#website\",\"url\":\"https:\/\/chatapieniny.sk\/hu\/\",\"name\":\"Chata Pieniny\",\"description\":\"Najlep\u0161ia dovolenka je doma. Na Slovensku.\",\"potentialAction\":[{\"@type\":\"SearchAction\",\"target\":{\"@type\":\"EntryPoint\",\"urlTemplate\":\"https:\/\/chatapieniny.sk\/hu\/?s={search_term_string}\"},\"query-input\":\"required name=search_term_string\"}],\"inLanguage\":\"hu\"}]}<\/script>\n<!-- \/ Yoast SEO plugin. -->","yoast_head_json":{"title":"\u0150SZ - Chata Pieniny","robots":{"index":"index","follow":"follow","max-snippet":"max-snippet:-1","max-image-preview":"max-image-preview:large","max-video-preview":"max-video-preview:-1"},"canonical":"https:\/\/chatapieniny.sk\/hu\/stay-packages\/osz\/","og_locale":"hu_HU","og_type":"article","og_title":"\u0150SZ - Chata Pieniny","og_description":"Az \u00e1r a k\u00f6vetkez\u0151ket tartalmazza:   2 x sz\u00e1ll\u00e1s 2 f\u0151 r\u00e9sz\u00e9re a Chata Pieniny panzi\u00f3ban  2 x f\u00e9lpanzi\u00f3s ell\u00e1t\u00e1s k\u00e9tfog\u00e1sos v\u00e1laszt\u00e1ssal   2 x reggeli 2 f\u0151 r\u00e9sz\u00e9re  2 vacsora 2 f\u0151 r\u00e9sz\u00e9re  1 x \u00fcdv\u00f6zl\u0151ital 2 f\u0151 r\u00e9sz\u00e9re (Goral enci\u00e1n 0,05 l)       Korl\u00e1tlan bel\u00e9p\u00e9s a wellnessk\u00f6zpontba 2 f\u0151 r\u00e9sz\u00e9re 16:00 \u00e9s 20:00 \u00f3ra k\u00f6z\u00f6tt a tart\u00f3zkod\u00e1s teljes ideje alatt     Ellen\u00e1rammal, f\u00fav\u00f3val \u00e9s v\u00edzkifoly\u00f3val felszerelt medence  g\u0151z-, finn-, infraszauna  H\u0171t\u0151medence      Kl\u00edmater\u00e1pia \u2013 gy\u00f3gy\u00edt\u00f3 s\u00e9t\u00e1k a tiszta term\u00e9szetben  Csocs\u00f3, ping-pong asztal, bili\u00e1rdasztal, darts  Lehet\u0151s\u00e9g a sporttelep haszn\u00e1lat\u00e1ra (teniszp\u00e1lya, r\u00f6plabdap\u00e1lya, szabadt\u00e9ri fitneszp\u00e1lya)  Ingyenes Wi-Fi  Kamer\u00e1val v\u00e9dett parkol\u00f3 \u2013 ingyenes","og_url":"https:\/\/chatapieniny.sk\/hu\/stay-packages\/osz\/","og_site_name":"Chata Pieniny","article_modified_time":"2021-11-08T12:33:39+00:00","og_image":[{"width":2000,"height":1333,"url":"https:\/\/chatapieniny.sk\/wp-content\/uploads\/2020\/09\/jesen.jpg","type":"image\/jpeg"}],"twitter_card":"summary_large_image","schema":{"@context":"https:\/\/schema.org","@graph":[{"@type":"WebPage","@id":"https:\/\/chatapieniny.sk\/hu\/stay-packages\/osz\/","url":"https:\/\/chatapieniny.sk\/hu\/stay-packages\/osz\/","name":"\u0150SZ - Chata Pieniny","isPartOf":{"@id":"https:\/\/chatapieniny.sk\/hu\/#website"},"datePublished":"2020-09-22T12:03:34+00:00","dateModified":"2021-11-08T12:33:39+00:00","breadcrumb":{"@id":"https:\/\/chatapieniny.sk\/hu\/stay-packages\/osz\/#breadcrumb"},"inLanguage":"hu","potentialAction":[{"@type":"ReadAction","target":["https:\/\/chatapieniny.sk\/hu\/stay-packages\/osz\/"]}]},{"@type":"BreadcrumbList","@id":"https:\/\/chatapieniny.sk\/hu\/stay-packages\/osz\/#breadcrumb","itemListElement":[{"@type":"ListItem","position":1,"name":"Home","item":"https:\/\/chatapieniny.sk\/hu\/chata-pieniny\/"},{"@type":"ListItem","position":2,"name":""},{"@type":"ListItem","position":3,"name":"\u0150SZ"}]},{"@type":"WebSite","@id":"https:\/\/chatapieniny.sk\/hu\/#website","url":"https:\/\/chatapieniny.sk\/hu\/","name":"Chata Pieniny","description":"Najlep\u0161ia dovolenka je doma. Na Slovensku.","potentialAction":[{"@type":"SearchAction","target":{"@type":"EntryPoint","urlTemplate":"https:\/\/chatapieniny.sk\/hu\/?s={search_term_string}"},"query-input":"required name=search_term_string"}],"inLanguage":"hu"}]}},"_links":{"self":[{"href":"https:\/\/chatapieniny.sk\/hu\/wp-json\/wp\/v2\/product\/5514"}],"collection":[{"href":"https:\/\/chatapieniny.sk\/hu\/wp-json\/wp\/v2\/product"}],"about":[{"href":"https:\/\/chatapieniny.sk\/hu\/wp-json\/wp\/v2\/types\/product"}],"wp:featuredmedia":[{"embeddable":true,"href":"https:\/\/chatapieniny.sk\/hu\/wp-json\/wp\/v2\/media\/4552"}],"wp:attachment":[{"href":"https:\/\/chatapieniny.sk\/hu\/wp-json\/wp\/v2\/media?parent=5514"}],"wp:term":[{"taxonomy":"product_cat","embeddable":true,"href":"https:\/\/chatapieniny.sk\/hu\/wp-json\/wp\/v2\/product_cat?post=5514"},{"taxonomy":"product_tag","embeddable":true,"href":"https:\/\/chatapieniny.sk\/hu\/wp-json\/wp\/v2\/product_tag?post=5514"}],"curies":[{"name":"wp","href":"https:\/\/api.w.org\/{rel}","templated":true}]}}