{"id":5496,"date":"2020-09-22T12:24:50","date_gmt":"2020-09-22T10:24:50","guid":{"rendered":"https:\/\/chatapieniny.sk\/pobytove-baliky\/befottes-uveg\/"},"modified":"2021-11-08T13:26:23","modified_gmt":"2021-11-08T12:26:23","slug":"befottes-uveg","status":"publish","type":"product","link":"https:\/\/chatapieniny.sk\/hu\/stay-packages\/befottes-uveg\/","title":{"rendered":"BEF\u0150TTES \u00dcVEG"},"content":{"rendered":"","protected":false},"excerpt":{"rendered":"<h3>Az \u00e1r tartalmazza:<\/h3>\n<ul>\n<li>2 x sz\u00e1ll\u00e1s 2 f\u0151 r\u00e9sz\u00e9re a Chata Pieniny panzi\u00f3ban<\/li>\n<li>2 x f\u00e9lpanzi\u00f3s ell\u00e1t\u00e1s k\u00e9tfog\u00e1sos v\u00e1laszt\u00e1ssal\n<ul>\n<li>2 x reggeli 2 f\u0151 r\u00e9sz\u00e9re<\/li>\n<li>2x vacsora 2 f\u0151 r\u00e9sz\u00e9re<\/li>\n<li>1 x welcome drink 2 f\u0151 r\u00e9sz\u00e9re (goral horec 0,05l)<\/li>\n<\/ul>\n<\/li>\n<\/ul>\n<ul>\n<li><strong> Korl\u00e1tlan bel\u00e9p\u00e9s a wellnessk\u00f6zpontba 2 f\u0151 r\u00e9sz\u00e9re 16:00 \u00e9s 20:00 \u00f3ra k\u00f6z\u00f6tt a tart\u00f3zkod\u00e1s teljes ideje alatt<br \/>\n<\/strong><\/p>\n<ul>\n<li>ellen\u00e1rammal, f\u00fav\u00f3val \u00e9s v\u00edzkifoly\u00f3val felszerelt medence<\/li>\n<li>g\u0151z, finn, infraszauna<\/li>\n<li>h\u0171t\u0151 medence<\/li>\n<\/ul>\n<\/li>\n<\/ul>\n<ul>\n<li>Klimatoter\u00e1pia &#8211; gy\u00f3gy\u00edt\u00f3 s\u00e9t\u00e1k a tiszta term\u00e9szetben<\/li>\n<li>asztali foci, ping-pong asztal, bili\u00e1rdasztal, darts<\/li>\n<li>lehet\u0151s\u00e9g a sportkomplexum haszn\u00e1lat\u00e1ra (teniszp\u00e1lya, r\u00f6plabdap\u00e1lya, szabadt\u00e9ri fitneszp\u00e1lya)<\/li>\n<li>Ingyen wifi<\/li>\n<li>kamerarendszerrel v\u00e9dett parkol\u00e1s &#8211; ingyenes<\/li>\n<li>Aut\u00f3busszal, kisbusszal indul\u00e1sig sz\u00e1ll\u00edt\u00e1s biztos\u00edt\u00e1sa &#8211; rafting, rafting 01-t\u0151l tart\u00f3 id\u0151szakban. 04. &#8211; 01. 10.<\/li>\n<li>01-t\u0151l tart\u00f3 id\u0151szakban raftingol\u00e1s biztos\u00edt\u00e1sa fatutajon, rafting, kenuz\u00e1s. 04. &#8211; 01. 10.<\/li>\n<\/ul>\n","protected":false},"featured_media":4433,"template":"","meta":[],"product_cat":[109],"product_tag":[],"acf":[],"yoast_head":"<!-- This site is optimized with the Yoast SEO plugin v19.7.1 - https:\/\/yoast.com\/wordpress\/plugins\/seo\/ -->\n<title>BEF\u0150TTES \u00dcVEG - Chata Pieniny<\/title>\n<meta name=\"robots\" content=\"index, follow, max-snippet:-1, max-image-preview:large, max-video-preview:-1\" \/>\n<link rel=\"canonical\" href=\"https:\/\/chatapieniny.sk\/hu\/stay-packages\/befottes-uveg\/\" \/>\n<meta property=\"og:locale\" content=\"hu_HU\" \/>\n<meta property=\"og:type\" content=\"article\" \/>\n<meta property=\"og:title\" content=\"BEF\u0150TTES \u00dcVEG - Chata Pieniny\" \/>\n<meta property=\"og:description\" content=\"Az \u00e1r tartalmazza:  2 x sz\u00e1ll\u00e1s 2 f\u0151 r\u00e9sz\u00e9re a Chata Pieniny panzi\u00f3ban  2 x f\u00e9lpanzi\u00f3s ell\u00e1t\u00e1s k\u00e9tfog\u00e1sos v\u00e1laszt\u00e1ssal  2 x reggeli 2 f\u0151 r\u00e9sz\u00e9re  2x vacsora 2 f\u0151 r\u00e9sz\u00e9re  1 x welcome drink 2 f\u0151 r\u00e9sz\u00e9re (goral horec 0,05l)    Korl\u00e1tlan bel\u00e9p\u00e9s a wellnessk\u00f6zpontba 2 f\u0151 r\u00e9sz\u00e9re 16:00 \u00e9s 20:00 \u00f3ra k\u00f6z\u00f6tt a tart\u00f3zkod\u00e1s teljes ideje alatt   ellen\u00e1rammal, f\u00fav\u00f3val \u00e9s v\u00edzkifoly\u00f3val felszerelt medence  g\u0151z, finn, infraszauna  h\u0171t\u0151 medence    Klimatoter\u00e1pia - gy\u00f3gy\u00edt\u00f3 s\u00e9t\u00e1k a tiszta term\u00e9szetben  asztali foci, ping-pong asztal, bili\u00e1rdasztal, darts  lehet\u0151s\u00e9g a sportkomplexum haszn\u00e1lat\u00e1ra (teniszp\u00e1lya, r\u00f6plabdap\u00e1lya, szabadt\u00e9ri fitneszp\u00e1lya)  Ingyen wifi  kamerarendszerrel v\u00e9dett parkol\u00e1s - ingyenes  Aut\u00f3busszal, kisbusszal indul\u00e1sig sz\u00e1ll\u00edt\u00e1s biztos\u00edt\u00e1sa - rafting, rafting 01-t\u0151l tart\u00f3 id\u0151szakban. 04. - 01. 10.  01-t\u0151l tart\u00f3 id\u0151szakban raftingol\u00e1s biztos\u00edt\u00e1sa fatutajon, rafting, kenuz\u00e1s. 04. - 01. 10.\" \/>\n<meta property=\"og:url\" content=\"https:\/\/chatapieniny.sk\/hu\/stay-packages\/befottes-uveg\/\" \/>\n<meta property=\"og:site_name\" content=\"Chata Pieniny\" \/>\n<meta property=\"article:modified_time\" content=\"2021-11-08T12:26:23+00:00\" \/>\n<meta property=\"og:image\" content=\"https:\/\/chatapieniny.sk\/wp-content\/uploads\/2020\/09\/annie-spratt-llwy5alslco-unsplash-1.jpg\" \/>\n\t<meta property=\"og:image:width\" content=\"1500\" \/>\n\t<meta property=\"og:image:height\" content=\"1976\" \/>\n\t<meta property=\"og:image:type\" content=\"image\/jpeg\" \/>\n<meta name=\"twitter:card\" content=\"summary_large_image\" \/>\n<script type=\"application\/ld+json\" class=\"yoast-schema-graph\">{\"@context\":\"https:\/\/schema.org\",\"@graph\":[{\"@type\":\"WebPage\",\"@id\":\"https:\/\/chatapieniny.sk\/hu\/stay-packages\/befottes-uveg\/\",\"url\":\"https:\/\/chatapieniny.sk\/hu\/stay-packages\/befottes-uveg\/\",\"name\":\"BEF\u0150TTES \u00dcVEG - Chata Pieniny\",\"isPartOf\":{\"@id\":\"https:\/\/chatapieniny.sk\/hu\/#website\"},\"datePublished\":\"2020-09-22T10:24:50+00:00\",\"dateModified\":\"2021-11-08T12:26:23+00:00\",\"breadcrumb\":{\"@id\":\"https:\/\/chatapieniny.sk\/hu\/stay-packages\/befottes-uveg\/#breadcrumb\"},\"inLanguage\":\"hu\",\"potentialAction\":[{\"@type\":\"ReadAction\",\"target\":[\"https:\/\/chatapieniny.sk\/hu\/stay-packages\/befottes-uveg\/\"]}]},{\"@type\":\"BreadcrumbList\",\"@id\":\"https:\/\/chatapieniny.sk\/hu\/stay-packages\/befottes-uveg\/#breadcrumb\",\"itemListElement\":[{\"@type\":\"ListItem\",\"position\":1,\"name\":\"Home\",\"item\":\"https:\/\/chatapieniny.sk\/hu\/chata-pieniny\/\"},{\"@type\":\"ListItem\",\"position\":2,\"name\":\"\"},{\"@type\":\"ListItem\",\"position\":3,\"name\":\"BEF\u0150TTES \u00dcVEG\"}]},{\"@type\":\"WebSite\",\"@id\":\"https:\/\/chatapieniny.sk\/hu\/#website\",\"url\":\"https:\/\/chatapieniny.sk\/hu\/\",\"name\":\"Chata Pieniny\",\"description\":\"Najlep\u0161ia dovolenka je doma. Na Slovensku.\",\"potentialAction\":[{\"@type\":\"SearchAction\",\"target\":{\"@type\":\"EntryPoint\",\"urlTemplate\":\"https:\/\/chatapieniny.sk\/hu\/?s={search_term_string}\"},\"query-input\":\"required name=search_term_string\"}],\"inLanguage\":\"hu\"}]}<\/script>\n<!-- \/ Yoast SEO plugin. -->","yoast_head_json":{"title":"BEF\u0150TTES \u00dcVEG - Chata Pieniny","robots":{"index":"index","follow":"follow","max-snippet":"max-snippet:-1","max-image-preview":"max-image-preview:large","max-video-preview":"max-video-preview:-1"},"canonical":"https:\/\/chatapieniny.sk\/hu\/stay-packages\/befottes-uveg\/","og_locale":"hu_HU","og_type":"article","og_title":"BEF\u0150TTES \u00dcVEG - Chata Pieniny","og_description":"Az \u00e1r tartalmazza:  2 x sz\u00e1ll\u00e1s 2 f\u0151 r\u00e9sz\u00e9re a Chata Pieniny panzi\u00f3ban  2 x f\u00e9lpanzi\u00f3s ell\u00e1t\u00e1s k\u00e9tfog\u00e1sos v\u00e1laszt\u00e1ssal  2 x reggeli 2 f\u0151 r\u00e9sz\u00e9re  2x vacsora 2 f\u0151 r\u00e9sz\u00e9re  1 x welcome drink 2 f\u0151 r\u00e9sz\u00e9re (goral horec 0,05l)    Korl\u00e1tlan bel\u00e9p\u00e9s a wellnessk\u00f6zpontba 2 f\u0151 r\u00e9sz\u00e9re 16:00 \u00e9s 20:00 \u00f3ra k\u00f6z\u00f6tt a tart\u00f3zkod\u00e1s teljes ideje alatt   ellen\u00e1rammal, f\u00fav\u00f3val \u00e9s v\u00edzkifoly\u00f3val felszerelt medence  g\u0151z, finn, infraszauna  h\u0171t\u0151 medence    Klimatoter\u00e1pia - gy\u00f3gy\u00edt\u00f3 s\u00e9t\u00e1k a tiszta term\u00e9szetben  asztali foci, ping-pong asztal, bili\u00e1rdasztal, darts  lehet\u0151s\u00e9g a sportkomplexum haszn\u00e1lat\u00e1ra (teniszp\u00e1lya, r\u00f6plabdap\u00e1lya, szabadt\u00e9ri fitneszp\u00e1lya)  Ingyen wifi  kamerarendszerrel v\u00e9dett parkol\u00e1s - ingyenes  Aut\u00f3busszal, kisbusszal indul\u00e1sig sz\u00e1ll\u00edt\u00e1s biztos\u00edt\u00e1sa - rafting, rafting 01-t\u0151l tart\u00f3 id\u0151szakban. 04. - 01. 10.  01-t\u0151l tart\u00f3 id\u0151szakban raftingol\u00e1s biztos\u00edt\u00e1sa fatutajon, rafting, kenuz\u00e1s. 04. - 01. 10.","og_url":"https:\/\/chatapieniny.sk\/hu\/stay-packages\/befottes-uveg\/","og_site_name":"Chata Pieniny","article_modified_time":"2021-11-08T12:26:23+00:00","og_image":[{"width":1500,"height":1976,"url":"https:\/\/chatapieniny.sk\/wp-content\/uploads\/2020\/09\/annie-spratt-llwy5alslco-unsplash-1.jpg","type":"image\/jpeg"}],"twitter_card":"summary_large_image","schema":{"@context":"https:\/\/schema.org","@graph":[{"@type":"WebPage","@id":"https:\/\/chatapieniny.sk\/hu\/stay-packages\/befottes-uveg\/","url":"https:\/\/chatapieniny.sk\/hu\/stay-packages\/befottes-uveg\/","name":"BEF\u0150TTES \u00dcVEG - Chata Pieniny","isPartOf":{"@id":"https:\/\/chatapieniny.sk\/hu\/#website"},"datePublished":"2020-09-22T10:24:50+00:00","dateModified":"2021-11-08T12:26:23+00:00","breadcrumb":{"@id":"https:\/\/chatapieniny.sk\/hu\/stay-packages\/befottes-uveg\/#breadcrumb"},"inLanguage":"hu","potentialAction":[{"@type":"ReadAction","target":["https:\/\/chatapieniny.sk\/hu\/stay-packages\/befottes-uveg\/"]}]},{"@type":"BreadcrumbList","@id":"https:\/\/chatapieniny.sk\/hu\/stay-packages\/befottes-uveg\/#breadcrumb","itemListElement":[{"@type":"ListItem","position":1,"name":"Home","item":"https:\/\/chatapieniny.sk\/hu\/chata-pieniny\/"},{"@type":"ListItem","position":2,"name":""},{"@type":"ListItem","position":3,"name":"BEF\u0150TTES \u00dcVEG"}]},{"@type":"WebSite","@id":"https:\/\/chatapieniny.sk\/hu\/#website","url":"https:\/\/chatapieniny.sk\/hu\/","name":"Chata Pieniny","description":"Najlep\u0161ia dovolenka je doma. Na Slovensku.","potentialAction":[{"@type":"SearchAction","target":{"@type":"EntryPoint","urlTemplate":"https:\/\/chatapieniny.sk\/hu\/?s={search_term_string}"},"query-input":"required name=search_term_string"}],"inLanguage":"hu"}]}},"_links":{"self":[{"href":"https:\/\/chatapieniny.sk\/hu\/wp-json\/wp\/v2\/product\/5496"}],"collection":[{"href":"https:\/\/chatapieniny.sk\/hu\/wp-json\/wp\/v2\/product"}],"about":[{"href":"https:\/\/chatapieniny.sk\/hu\/wp-json\/wp\/v2\/types\/product"}],"wp:featuredmedia":[{"embeddable":true,"href":"https:\/\/chatapieniny.sk\/hu\/wp-json\/wp\/v2\/media\/4433"}],"wp:attachment":[{"href":"https:\/\/chatapieniny.sk\/hu\/wp-json\/wp\/v2\/media?parent=5496"}],"wp:term":[{"taxonomy":"product_cat","embeddable":true,"href":"https:\/\/chatapieniny.sk\/hu\/wp-json\/wp\/v2\/product_cat?post=5496"},{"taxonomy":"product_tag","embeddable":true,"href":"https:\/\/chatapieniny.sk\/hu\/wp-json\/wp\/v2\/product_tag?post=5496"}],"curies":[{"name":"wp","href":"https:\/\/api.w.org\/{rel}","templated":true}]}}