{"id":5769,"date":"2021-02-05T14:39:42","date_gmt":"2021-11-08T13:44:01","guid":{"rendered":"https:\/\/chatapieniny.sk\/stay-packages\/ski-training-in-pieniny\/"},"modified":"2022-03-02T13:25:53","modified_gmt":"2022-03-02T12:25:53","slug":"lyziarsky-vycvik-v-pieninach-2","status":"publish","type":"product","link":"https:\/\/chatapieniny.sk\/en\/stay-packages\/lyziarsky-vycvik-v-pieninach-2\/","title":{"rendered":"Ski training in Pieniny"},"content":{"rendered":"","protected":false},"excerpt":{"rendered":"<p>Chata Pieniny has extensive experience in providing quality ski training. The services also include comfortable transport to the ski resort in Vy\u0161n\u00e9 Ru\u017ebachy or Litmanov\u00e1, above-standard accommodation and catering services. After returning from the slope, children can regenerate in the non-swimming pool or Finnish or steam sauna or enjoy a stay in the fresh air in the captivating snowy surroundings of the Pieniny.<\/p>\n<p>Pieniny is simply Pieniny. Top area of beautiful Slovakia with perfect climatic air. Pension *** Cottage Pieniny is located in the heart of Pieniny. The beautiful panorama will convince you that you are in a beautiful strategic location near the river Dunajec.<\/p>\n<h3>ACCOMMODATION<\/h3>\n<p>For 4 nights in 1,2,3,4 &#8211; bed rooms with private facilities. Maximum capacity 130 children.<\/p>\n<h3>FOOD<\/h3>\n<p>Full board + all-day drinking regime<\/p>\n<h3>CENTER EQUIPMENT<\/h3>\n<p>CENTER EQUIPMENTRestaurant, Goral hut, swimming pool, groceries, Wi-Fi, 2x common room with sitting, TV, projector, billiards, table football, darts, playground, groomed cross-country trails.<\/p>\n<h3>TRANSPORTATION<\/h3>\n<p>Cottage Pieniny owns two modern, air-conditioned 52-seater buses and 2 minibuses, with which we will be happy to bring you. Transport from school to the accommodation facility on Monday and transport from the accommodation facility to the school or destination on Friday. Arrival on Monday begins with lunch and ends on Friday with a hot and cold breakfast buffet + free package travel.<\/p>\n","protected":false},"featured_media":4868,"template":"","meta":[],"product_cat":[71],"product_tag":[],"acf":[],"yoast_head":"<!-- This site is optimized with the Yoast SEO plugin v19.7.1 - https:\/\/yoast.com\/wordpress\/plugins\/seo\/ -->\n<title>Ski training in Pieniny - Chata Pieniny<\/title>\n<meta name=\"robots\" content=\"index, follow, max-snippet:-1, max-image-preview:large, max-video-preview:-1\" \/>\n<link rel=\"canonical\" href=\"https:\/\/chatapieniny.sk\/en\/stay-packages\/lyziarsky-vycvik-v-pieninach-2\/\" \/>\n<meta property=\"og:locale\" content=\"en_US\" \/>\n<meta property=\"og:type\" content=\"article\" \/>\n<meta property=\"og:title\" content=\"Ski training in Pieniny - Chata Pieniny\" \/>\n<meta property=\"og:description\" content=\"Chata Pieniny has extensive experience in providing quality ski training. The services also include comfortable transport to the ski resort in Vy\u0161n\u00e9 Ru\u017ebachy or Litmanov\u00e1, above-standard accommodation and catering services. After returning from the slope, children can regenerate in the non-swimming pool or Finnish or steam sauna or enjoy a stay in the fresh air in the captivating snowy surroundings of the Pieniny.  Pieniny is simply Pieniny. Top area of beautiful Slovakia with perfect climatic air. Pension *** Cottage Pieniny is located in the heart of Pieniny. The beautiful panorama will convince you that you are in a beautiful strategic location near the river Dunajec. ACCOMMODATION For 4 nights in 1,2,3,4 - bed rooms with private facilities. Maximum capacity 130 children. FOOD Full board + all-day drinking regime CENTER EQUIPMENT CENTER EQUIPMENTRestaurant, Goral hut, swimming pool, groceries, Wi-Fi, 2x common room with sitting, TV, projector, billiards, table football, darts, playground, groomed cross-country trails. TRANSPORTATION Cottage Pieniny owns two modern, air-conditioned 52-seater buses and 2 minibuses, with which we will be happy to bring you. Transport from school to the accommodation facility on Monday and transport from the accommodation facility to the school or destination on Friday. Arrival on Monday begins with lunch and ends on Friday with a hot and cold breakfast buffet + free package travel.\" \/>\n<meta property=\"og:url\" content=\"https:\/\/chatapieniny.sk\/en\/stay-packages\/lyziarsky-vycvik-v-pieninach-2\/\" \/>\n<meta property=\"og:site_name\" content=\"Chata Pieniny\" \/>\n<meta property=\"article:modified_time\" content=\"2022-03-02T12:25:53+00:00\" \/>\n<meta property=\"og:image\" content=\"https:\/\/chatapieniny.sk\/wp-content\/uploads\/2021\/02\/slawek-k-rsypdwgbble-unsplash.jpg\" \/>\n\t<meta property=\"og:image:width\" content=\"1600\" \/>\n\t<meta property=\"og:image:height\" content=\"1009\" \/>\n\t<meta property=\"og:image:type\" content=\"image\/jpeg\" \/>\n<meta name=\"twitter:card\" content=\"summary_large_image\" \/>\n<script type=\"application\/ld+json\" class=\"yoast-schema-graph\">{\"@context\":\"https:\/\/schema.org\",\"@graph\":[{\"@type\":\"WebPage\",\"@id\":\"https:\/\/chatapieniny.sk\/en\/stay-packages\/lyziarsky-vycvik-v-pieninach-2\/\",\"url\":\"https:\/\/chatapieniny.sk\/en\/stay-packages\/lyziarsky-vycvik-v-pieninach-2\/\",\"name\":\"Ski training in Pieniny - Chata Pieniny\",\"isPartOf\":{\"@id\":\"https:\/\/chatapieniny.sk\/en\/#website\"},\"datePublished\":\"2021-11-08T13:44:01+00:00\",\"dateModified\":\"2022-03-02T12:25:53+00:00\",\"breadcrumb\":{\"@id\":\"https:\/\/chatapieniny.sk\/en\/stay-packages\/lyziarsky-vycvik-v-pieninach-2\/#breadcrumb\"},\"inLanguage\":\"en-US\",\"potentialAction\":[{\"@type\":\"ReadAction\",\"target\":[\"https:\/\/chatapieniny.sk\/en\/stay-packages\/lyziarsky-vycvik-v-pieninach-2\/\"]}]},{\"@type\":\"BreadcrumbList\",\"@id\":\"https:\/\/chatapieniny.sk\/en\/stay-packages\/lyziarsky-vycvik-v-pieninach-2\/#breadcrumb\",\"itemListElement\":[{\"@type\":\"ListItem\",\"position\":1,\"name\":\"Home\",\"item\":\"https:\/\/chatapieniny.sk\/en\/chata-pieniny\/\"},{\"@type\":\"ListItem\",\"position\":2,\"name\":\"\"},{\"@type\":\"ListItem\",\"position\":3,\"name\":\"Ski training in Pieniny\"}]},{\"@type\":\"WebSite\",\"@id\":\"https:\/\/chatapieniny.sk\/en\/#website\",\"url\":\"https:\/\/chatapieniny.sk\/en\/\",\"name\":\"Chata Pieniny\",\"description\":\"Najlep\u0161ia dovolenka je doma. Na Slovensku.\",\"potentialAction\":[{\"@type\":\"SearchAction\",\"target\":{\"@type\":\"EntryPoint\",\"urlTemplate\":\"https:\/\/chatapieniny.sk\/en\/?s={search_term_string}\"},\"query-input\":\"required name=search_term_string\"}],\"inLanguage\":\"en-US\"}]}<\/script>\n<!-- \/ Yoast SEO plugin. -->","yoast_head_json":{"title":"Ski training in Pieniny - Chata Pieniny","robots":{"index":"index","follow":"follow","max-snippet":"max-snippet:-1","max-image-preview":"max-image-preview:large","max-video-preview":"max-video-preview:-1"},"canonical":"https:\/\/chatapieniny.sk\/en\/stay-packages\/lyziarsky-vycvik-v-pieninach-2\/","og_locale":"en_US","og_type":"article","og_title":"Ski training in Pieniny - Chata Pieniny","og_description":"Chata Pieniny has extensive experience in providing quality ski training. The services also include comfortable transport to the ski resort in Vy\u0161n\u00e9 Ru\u017ebachy or Litmanov\u00e1, above-standard accommodation and catering services. After returning from the slope, children can regenerate in the non-swimming pool or Finnish or steam sauna or enjoy a stay in the fresh air in the captivating snowy surroundings of the Pieniny.  Pieniny is simply Pieniny. Top area of beautiful Slovakia with perfect climatic air. Pension *** Cottage Pieniny is located in the heart of Pieniny. The beautiful panorama will convince you that you are in a beautiful strategic location near the river Dunajec. ACCOMMODATION For 4 nights in 1,2,3,4 - bed rooms with private facilities. Maximum capacity 130 children. FOOD Full board + all-day drinking regime CENTER EQUIPMENT CENTER EQUIPMENTRestaurant, Goral hut, swimming pool, groceries, Wi-Fi, 2x common room with sitting, TV, projector, billiards, table football, darts, playground, groomed cross-country trails. TRANSPORTATION Cottage Pieniny owns two modern, air-conditioned 52-seater buses and 2 minibuses, with which we will be happy to bring you. Transport from school to the accommodation facility on Monday and transport from the accommodation facility to the school or destination on Friday. Arrival on Monday begins with lunch and ends on Friday with a hot and cold breakfast buffet + free package travel.","og_url":"https:\/\/chatapieniny.sk\/en\/stay-packages\/lyziarsky-vycvik-v-pieninach-2\/","og_site_name":"Chata Pieniny","article_modified_time":"2022-03-02T12:25:53+00:00","og_image":[{"width":1600,"height":1009,"url":"https:\/\/chatapieniny.sk\/wp-content\/uploads\/2021\/02\/slawek-k-rsypdwgbble-unsplash.jpg","type":"image\/jpeg"}],"twitter_card":"summary_large_image","schema":{"@context":"https:\/\/schema.org","@graph":[{"@type":"WebPage","@id":"https:\/\/chatapieniny.sk\/en\/stay-packages\/lyziarsky-vycvik-v-pieninach-2\/","url":"https:\/\/chatapieniny.sk\/en\/stay-packages\/lyziarsky-vycvik-v-pieninach-2\/","name":"Ski training in Pieniny - Chata Pieniny","isPartOf":{"@id":"https:\/\/chatapieniny.sk\/en\/#website"},"datePublished":"2021-11-08T13:44:01+00:00","dateModified":"2022-03-02T12:25:53+00:00","breadcrumb":{"@id":"https:\/\/chatapieniny.sk\/en\/stay-packages\/lyziarsky-vycvik-v-pieninach-2\/#breadcrumb"},"inLanguage":"en-US","potentialAction":[{"@type":"ReadAction","target":["https:\/\/chatapieniny.sk\/en\/stay-packages\/lyziarsky-vycvik-v-pieninach-2\/"]}]},{"@type":"BreadcrumbList","@id":"https:\/\/chatapieniny.sk\/en\/stay-packages\/lyziarsky-vycvik-v-pieninach-2\/#breadcrumb","itemListElement":[{"@type":"ListItem","position":1,"name":"Home","item":"https:\/\/chatapieniny.sk\/en\/chata-pieniny\/"},{"@type":"ListItem","position":2,"name":""},{"@type":"ListItem","position":3,"name":"Ski training in Pieniny"}]},{"@type":"WebSite","@id":"https:\/\/chatapieniny.sk\/en\/#website","url":"https:\/\/chatapieniny.sk\/en\/","name":"Chata Pieniny","description":"Najlep\u0161ia dovolenka je doma. Na Slovensku.","potentialAction":[{"@type":"SearchAction","target":{"@type":"EntryPoint","urlTemplate":"https:\/\/chatapieniny.sk\/en\/?s={search_term_string}"},"query-input":"required name=search_term_string"}],"inLanguage":"en-US"}]}},"_links":{"self":[{"href":"https:\/\/chatapieniny.sk\/en\/wp-json\/wp\/v2\/product\/5769"}],"collection":[{"href":"https:\/\/chatapieniny.sk\/en\/wp-json\/wp\/v2\/product"}],"about":[{"href":"https:\/\/chatapieniny.sk\/en\/wp-json\/wp\/v2\/types\/product"}],"wp:featuredmedia":[{"embeddable":true,"href":"https:\/\/chatapieniny.sk\/en\/wp-json\/wp\/v2\/media\/4868"}],"wp:attachment":[{"href":"https:\/\/chatapieniny.sk\/en\/wp-json\/wp\/v2\/media?parent=5769"}],"wp:term":[{"taxonomy":"product_cat","embeddable":true,"href":"https:\/\/chatapieniny.sk\/en\/wp-json\/wp\/v2\/product_cat?post=5769"},{"taxonomy":"product_tag","embeddable":true,"href":"https:\/\/chatapieniny.sk\/en\/wp-json\/wp\/v2\/product_tag?post=5769"}],"curies":[{"name":"wp","href":"https:\/\/api.w.org\/{rel}","templated":true}]}}