{"id":1987,"date":"2019-10-22T14:51:33","date_gmt":"2019-10-22T12:51:33","guid":{"rendered":"https:\/\/chatapieniny.sk\/contact\/"},"modified":"2021-11-02T12:50:26","modified_gmt":"2021-11-02T11:50:26","slug":"contact","status":"publish","type":"page","link":"https:\/\/chatapieniny.sk\/en\/contact\/","title":{"rendered":"Contact"},"content":{"rendered":"\t\t<div data-elementor-type=\"wp-post\" data-elementor-id=\"1987\" class=\"elementor elementor-1987 elementor-24\">\n\t\t\t\t\t\t<div class=\"elementor-inner\">\n\t\t\t\t<div class=\"elementor-section-wrap\">\n\t\t\t\t\t\t\t\t\t<section class=\"elementor-section elementor-top-section elementor-element elementor-element-fd32d86 elementor-section-full_width elementor-section-height-default elementor-section-height-default\" data-id=\"fd32d86\" data-element_type=\"section\">\n\t\t\t\t\t\t<div class=\"elementor-container elementor-column-gap-no\">\n\t\t\t\t\t\t\t<div class=\"elementor-row\">\n\t\t\t\t\t<div class=\"elementor-column elementor-col-100 elementor-top-column elementor-element elementor-element-f2efeec\" data-id=\"f2efeec\" data-element_type=\"column\">\n\t\t\t<div class=\"elementor-column-wrap elementor-element-populated\">\n\t\t\t\t\t\t\t<div class=\"elementor-widget-wrap\">\n\t\t\t\t\t\t<div class=\"elementor-element elementor-element-2227948 elementor--h-position-center elementor--v-position-middle elementor-widget elementor-widget-slides\" data-id=\"2227948\" data-element_type=\"widget\" data-settings=\"{&quot;navigation&quot;:&quot;none&quot;,&quot;transition&quot;:&quot;fade&quot;,&quot;autoplay&quot;:&quot;yes&quot;,&quot;pause_on_hover&quot;:&quot;yes&quot;,&quot;pause_on_interaction&quot;:&quot;yes&quot;,&quot;autoplay_speed&quot;:5000,&quot;infinite&quot;:&quot;yes&quot;,&quot;transition_speed&quot;:500}\" data-widget_type=\"slides.default\">\n\t\t\t\t<div class=\"elementor-widget-container\">\n\t\t\t\t\t<div class=\"elementor-swiper\">\n\t\t\t<div class=\"elementor-slides-wrapper elementor-main-swiper swiper-container\" dir=\"ltr\" data-animation=\"fadeInUp\">\n\t\t\t\t<div class=\"swiper-wrapper elementor-slides\">\n\t\t\t\t\t\t\t\t\t\t<div class=\"elementor-repeater-item-93f8e70 swiper-slide\"><div class=\"swiper-slide-bg\"><\/div><div class=\"swiper-slide-inner\" ><div class=\"swiper-slide-contents\"><div class=\"elementor-slide-heading\">Chata Pieniny<\/div><div class=\"elementor-slide-description\"><p>Lesnica<\/p>\n<\/div><\/div><\/div><\/div>\t\t\t\t<\/div>\n\t\t\t\t\t\t\t<\/div>\n\t\t<\/div>\n\t\t\t\t<\/div>\n\t\t\t\t<\/div>\n\t\t\t\t\t\t<\/div>\n\t\t\t\t\t<\/div>\n\t\t<\/div>\n\t\t\t\t\t\t\t\t<\/div>\n\t\t\t\t\t<\/div>\n\t\t<\/section>\n\t\t\t\t<section class=\"elementor-section elementor-top-section elementor-element elementor-element-3261c11 elementor-section-height-min-height elementor-section-boxed elementor-section-height-default elementor-section-items-middle\" data-id=\"3261c11\" data-element_type=\"section\" data-settings=\"{&quot;background_background&quot;:&quot;classic&quot;}\">\n\t\t\t\t\t\t<div class=\"elementor-container elementor-column-gap-default\">\n\t\t\t\t\t\t\t<div class=\"elementor-row\">\n\t\t\t\t\t<div class=\"elementor-column elementor-col-50 elementor-top-column elementor-element elementor-element-fc66ad8\" data-id=\"fc66ad8\" data-element_type=\"column\">\n\t\t\t<div class=\"elementor-column-wrap elementor-element-populated\">\n\t\t\t\t\t\t\t<div class=\"elementor-widget-wrap\">\n\t\t\t\t\t\t<div class=\"elementor-element elementor-element-42ba96c elementor-widget elementor-widget-image\" data-id=\"42ba96c\" data-element_type=\"widget\" data-widget_type=\"image.default\">\n\t\t\t\t<div class=\"elementor-widget-container\">\n\t\t\t\t\t\t\t\t<div class=\"elementor-image\">\n\t\t\t\t\t\t\t\t\t\t\t\t<img src=\"https:\/\/chatapieniny.sk\/wp-content\/uploads\/elementor\/thumbs\/chata-o52fl1ov7ndpws02ek8altrsis4ynfz8qip9wroveo.png\" title=\"chata\" alt=\"chata\" \/>\t\t\t\t\t\t\t\t\t\t\t\t\t\t<\/div>\n\t\t\t\t\t\t<\/div>\n\t\t\t\t<\/div>\n\t\t\t\t<div class=\"elementor-element elementor-element-070094d elementor-widget elementor-widget-heading\" data-id=\"070094d\" data-element_type=\"widget\" data-widget_type=\"heading.default\">\n\t\t\t\t<div class=\"elementor-widget-container\">\n\t\t\t<span class=\"elementor-heading-title elementor-size-default\">Chata Pieniny<\/span>\t\t<\/div>\n\t\t\t\t<\/div>\n\t\t\t\t<div class=\"elementor-element elementor-element-6ad241e elementor-widget elementor-widget-heading\" data-id=\"6ad241e\" data-element_type=\"widget\" data-widget_type=\"heading.default\">\n\t\t\t\t<div class=\"elementor-widget-container\">\n\t\t\t<h2 class=\"elementor-heading-title elementor-size-default\">Address<\/h2>\t\t<\/div>\n\t\t\t\t<\/div>\n\t\t\t\t<div class=\"elementor-element elementor-element-c494c50 elementor-widget elementor-widget-text-editor\" data-id=\"c494c50\" data-element_type=\"widget\" data-widget_type=\"text-editor.default\">\n\t\t\t\t<div class=\"elementor-widget-container\">\n\t\t\t\t\t\t\t\t<div class=\"elementor-text-editor elementor-clearfix\">\n\t\t\t\t<h3>Chata Pieniny, s.r.o.<\/h3>\n<p>065 33 Lesnica 147<\/p>\n<h4><strong><span style=\"color: #006341;\">J\u00e1n Gondek<\/span><\/strong><\/h4>\n<p>+421 52 439 7530<br \/>\n+421 905 963 316<br \/>\n+421 911 963 316<\/p>\n<p>email: info@chatapieniny.sk<\/p>\n<h4><strong><span style=\"color: #006341;\">Ing. J\u00e1n Jankela<\/span><\/strong><\/h4>\n<p>+421 919 298 900<\/p>\n<p>jankela@chatapieniny.sk<\/p>\n<p>www.chatapieniny.sk<\/p>\n<h3>Rafts reservation<\/h3>\n<h4><strong><span style=\"color: #006341;\">Rudolf Veli\u010dka &#8211; MAJERE<\/span><\/strong><\/h4>\n<p>+421 905 294 699<br \/>\n+421 52 48 228 40<br \/>\n+421 52 482 2723<\/p>\n<p><a href=\"http:\/\/pltnictvo.sk\">www.pltnictvo.sk<\/a><\/p>\n\t\t\t\t\t<\/div>\n\t\t\t\t\t\t<\/div>\n\t\t\t\t<\/div>\n\t\t\t\t\t\t<\/div>\n\t\t\t\t\t<\/div>\n\t\t<\/div>\n\t\t\t\t<div class=\"elementor-column elementor-col-50 elementor-top-column elementor-element elementor-element-4d93c7c\" data-id=\"4d93c7c\" data-element_type=\"column\">\n\t\t\t<div class=\"elementor-column-wrap elementor-element-populated\">\n\t\t\t\t\t\t\t<div class=\"elementor-widget-wrap\">\n\t\t\t\t\t\t<div class=\"elementor-element elementor-element-b03707b elementor-widget elementor-widget-image\" data-id=\"b03707b\" data-element_type=\"widget\" data-widget_type=\"image.default\">\n\t\t\t\t<div class=\"elementor-widget-container\">\n\t\t\t\t\t\t\t\t<div class=\"elementor-image\">\n\t\t\t\t\t\t\t\t\t\t\t\t<img src=\"https:\/\/chatapieniny.sk\/wp-content\/uploads\/elementor\/thumbs\/mapa-o52fd7pa9cnp5rdo56c7tsxib6qui8vrnqzlxraz9c.png\" title=\"map\" alt=\"map\" \/>\t\t\t\t\t\t\t\t\t\t\t\t\t\t<\/div>\n\t\t\t\t\t\t<\/div>\n\t\t\t\t<\/div>\n\t\t\t\t<div class=\"elementor-element elementor-element-0042440 elementor-widget elementor-widget-heading\" data-id=\"0042440\" data-element_type=\"widget\" data-widget_type=\"heading.default\">\n\t\t\t\t<div class=\"elementor-widget-container\">\n\t\t\t<span class=\"elementor-heading-title elementor-size-default\">Where to find us?<\/span>\t\t<\/div>\n\t\t\t\t<\/div>\n\t\t\t\t<div class=\"elementor-element elementor-element-70e0d8e elementor-widget elementor-widget-heading\" data-id=\"70e0d8e\" data-element_type=\"widget\" data-widget_type=\"heading.default\">\n\t\t\t\t<div class=\"elementor-widget-container\">\n\t\t\t<h2 class=\"elementor-heading-title elementor-size-default\">Map<\/h2>\t\t<\/div>\n\t\t\t\t<\/div>\n\t\t\t\t<div class=\"elementor-element elementor-element-210e79c9 elementor-widget elementor-widget-google_maps\" data-id=\"210e79c9\" data-element_type=\"widget\" data-widget_type=\"google_maps.default\">\n\t\t\t\t<div class=\"elementor-widget-container\">\n\t\t\t\t\t<div class=\"elementor-custom-embed\">\n\t\t\t<iframe frameborder=\"0\" scrolling=\"no\" marginheight=\"0\" marginwidth=\"0\"\n\t\t\t\t\tsrc=\"https:\/\/maps.google.com\/maps?q=Chata%20Pieniny&#038;t=m&#038;z=14&#038;output=embed&#038;iwloc=near\"\n\t\t\t\t\ttitle=\"Chata Pieniny\"\n\t\t\t\t\taria-label=\"Chata Pieniny\"\n\t\t\t><\/iframe>\n\t\t<\/div>\n\t\t\t\t<\/div>\n\t\t\t\t<\/div>\n\t\t\t\t\t\t<\/div>\n\t\t\t\t\t<\/div>\n\t\t<\/div>\n\t\t\t\t\t\t\t\t<\/div>\n\t\t\t\t\t<\/div>\n\t\t<\/section>\n\t\t\t\t<section class=\"elementor-section elementor-top-section elementor-element elementor-element-4c3f0a5c elementor-section-height-min-height elementor-section-boxed elementor-section-height-default elementor-section-items-middle\" data-id=\"4c3f0a5c\" data-element_type=\"section\" data-settings=\"{&quot;background_background&quot;:&quot;classic&quot;}\">\n\t\t\t\t\t\t<div class=\"elementor-container elementor-column-gap-default\">\n\t\t\t\t\t\t\t<div class=\"elementor-row\">\n\t\t\t\t\t<div class=\"elementor-column elementor-col-100 elementor-top-column elementor-element elementor-element-21182cf\" data-id=\"21182cf\" data-element_type=\"column\">\n\t\t\t<div class=\"elementor-column-wrap elementor-element-populated\">\n\t\t\t\t\t\t\t<div class=\"elementor-widget-wrap\">\n\t\t\t\t\t\t<div class=\"elementor-element elementor-element-4060fe35 elementor-widget elementor-widget-text-editor\" data-id=\"4060fe35\" data-element_type=\"widget\" data-widget_type=\"text-editor.default\">\n\t\t\t\t<div class=\"elementor-widget-container\">\n\t\t\t\t\t\t\t\t<div class=\"elementor-text-editor elementor-clearfix\">\n\t\t\t\t<h3 style=\"text-align: center;\"><span style=\"color: #ffffff;\">Contact form<\/span><\/h3>\n<p style=\"text-align: center;\"><span style=\"color: #ffffff;\">Have you got any questions? Do not hesitate to contact us by completing the contact form or at the above-mentioned phone numbers.<\/span><\/p>\n\t\t\t\t\t<\/div>\n\t\t\t\t\t\t<\/div>\n\t\t\t\t<\/div>\n\t\t\t\t<div class=\"elementor-element elementor-element-dfcaefa elementor-button-align-stretch elementor-widget elementor-widget-form\" data-id=\"dfcaefa\" data-element_type=\"widget\" data-settings=\"{&quot;step_next_label&quot;:&quot;\\u010eal\\u0161ie&quot;,&quot;step_previous_label&quot;:&quot;Predo\\u0161l\\u00e9&quot;,&quot;step_type&quot;:&quot;number_text&quot;,&quot;step_icon_shape&quot;:&quot;circle&quot;}\" data-widget_type=\"form.default\">\n\t\t\t\t<div class=\"elementor-widget-container\">\n\t\t\t\t\t<form class=\"elementor-form\" method=\"post\" name=\"New Form\">\n\t\t\t<input type=\"hidden\" name=\"post_id\" value=\"1987\"\/>\n\t\t\t<input type=\"hidden\" name=\"form_id\" value=\"dfcaefa\"\/>\n\t\t\t<input type=\"hidden\" name=\"referer_title\" value=\"Chata Pieniny\" \/>\n\n\t\t\t\n\t\t\t<div class=\"elementor-form-fields-wrapper elementor-labels-above\">\n\t\t\t\t\t\t\t\t<div class=\"elementor-field-type-text elementor-field-group elementor-column elementor-field-group-name elementor-col-100 elementor-field-required\">\n\t\t\t\t\t\t\t\t\t\t\t\t\t<input size=\"1\" type=\"text\" name=\"form_fields[name]\" id=\"form-field-name\" class=\"elementor-field elementor-size-sm  elementor-field-textual\" placeholder=\"Name and surname\" required=\"required\" aria-required=\"true\">\n\t\t\t\t\t\t\t\t\t\t\t<\/div>\n\t\t\t\t\t\t\t\t<div class=\"elementor-field-type-email elementor-field-group elementor-column elementor-field-group-email elementor-col-100 elementor-field-required\">\n\t\t\t\t\t\t\t\t\t\t\t\t\t<input size=\"1\" type=\"email\" name=\"form_fields[email]\" id=\"form-field-email\" class=\"elementor-field elementor-size-sm  elementor-field-textual\" placeholder=\"E-mail address\" required=\"required\" aria-required=\"true\">\n\t\t\t\t\t\t\t\t\t\t\t<\/div>\n\t\t\t\t\t\t\t\t<div class=\"elementor-field-type-textarea elementor-field-group elementor-column elementor-field-group-message elementor-col-100\">\n\t\t\t\t\t<textarea class=\"elementor-field-textual elementor-field  elementor-size-sm\" name=\"form_fields[message]\" id=\"form-field-message\" rows=\"4\" placeholder=\"Your message\"><\/textarea>\t\t\t\t<\/div>\n\t\t\t\t\t\t\t\t<div class=\"elementor-field-type-recaptcha_v3 elementor-field-group elementor-column elementor-field-group-field_de77b77 elementor-col-100 recaptcha_v3-inline\">\n\t\t\t\t\t<div class=\"elementor-field\" id=\"form-field-field_de77b77\"><div class=\"elementor-g-recaptcha\" data-sitekey=\"6LeT6AwdAAAAAJd6S8F7NNZeCHIkC1A9LjJCG0LG\" data-type=\"v3\" data-action=\"Form\" data-badge=\"inline\" data-size=\"invisible\"><\/div><\/div>\t\t\t\t<\/div>\n\t\t\t\t\t\t\t\t<div class=\"elementor-field-group elementor-column elementor-field-type-submit elementor-col-100 e-form__buttons\">\n\t\t\t\t\t<button type=\"submit\" class=\"elementor-button elementor-size-md\">\n\t\t\t\t\t\t<span >\n\t\t\t\t\t\t\t\t\t\t\t\t\t\t\t<span class=\" elementor-button-icon\">\n\t\t\t\t\t\t\t\t\t\t\t\t\t\t\t\t\t\t\t\t\t\t\t\t\t\t<\/span>\n\t\t\t\t\t\t\t\t\t\t\t\t\t\t\t\t\t\t\t\t\t\t<span class=\"elementor-button-text\">Send the message<\/span>\n\t\t\t\t\t\t\t\t\t\t\t\t\t<\/span>\n\t\t\t\t\t<\/button>\n\t\t\t\t<\/div>\n\t\t\t<\/div>\n\t\t<\/form>\n\t\t\t\t<\/div>\n\t\t\t\t<\/div>\n\t\t\t\t\t\t<\/div>\n\t\t\t\t\t<\/div>\n\t\t<\/div>\n\t\t\t\t\t\t\t\t<\/div>\n\t\t\t\t\t<\/div>\n\t\t<\/section>\n\t\t\t\t\t\t\t\t\t<\/div>\n\t\t\t<\/div>\n\t\t\t\t\t<\/div>\n\t\t","protected":false},"excerpt":{"rendered":"<p>Chata Pieniny Lesnica Chata Pieniny Address Chata Pieniny, s.r.o. 065 33 Lesnica 147 J\u00e1n Gondek +421 52 439 7530 +421 905 963 316 +421 911 963 316 email: info@chatapieniny.sk Ing. J\u00e1n Jankela +421 919 298 900 jankela@chatapieniny.sk www.chatapieniny.sk Rafts reservation Rudolf Veli\u010dka &#8211; MAJERE +421 905 294 699 +421 52 48 228 40 +421 52 [&hellip;]<\/p>\n","protected":false},"author":2,"featured_media":0,"parent":0,"menu_order":0,"comment_status":"closed","ping_status":"closed","template":"","meta":[],"acf":[],"yoast_head":"<!-- This site is optimized with the Yoast SEO plugin v19.7.1 - https:\/\/yoast.com\/wordpress\/plugins\/seo\/ -->\n<title>Contact | Chata Pieniny | Lesnica 147 | info@chatapieniny.sk<\/title>\n<meta name=\"description\" content=\"Chata Pieniny is located at Lesnica 147, Slovakia. You can contact us at +421 919 298 900 or info@chatapieniny.sk.\" \/>\n<meta name=\"robots\" content=\"index, follow, max-snippet:-1, max-image-preview:large, max-video-preview:-1\" \/>\n<link rel=\"canonical\" href=\"https:\/\/chatapieniny.sk\/en\/contact\/\" \/>\n<meta property=\"og:locale\" content=\"en_US\" \/>\n<meta property=\"og:type\" content=\"article\" \/>\n<meta property=\"og:title\" content=\"Contact | Chata Pieniny | Lesnica 147 | info@chatapieniny.sk\" \/>\n<meta property=\"og:description\" content=\"Chata Pieniny is located at Lesnica 147, Slovakia. You can contact us at +421 919 298 900 or info@chatapieniny.sk.\" \/>\n<meta property=\"og:url\" content=\"https:\/\/chatapieniny.sk\/en\/contact\/\" \/>\n<meta property=\"og:site_name\" content=\"Chata Pieniny\" \/>\n<meta property=\"article:modified_time\" content=\"2021-11-02T11:50:26+00:00\" \/>\n<meta property=\"og:image\" content=\"https:\/\/chatapieniny.sk\/wp-content\/uploads\/elementor\/thumbs\/chata-o52fl1ov7ndpws02ek8altrsis4ynfz8qip9wroveo.png\" \/>\n<meta name=\"twitter:card\" content=\"summary_large_image\" \/>\n<script type=\"application\/ld+json\" class=\"yoast-schema-graph\">{\"@context\":\"https:\/\/schema.org\",\"@graph\":[{\"@type\":\"WebPage\",\"@id\":\"https:\/\/chatapieniny.sk\/en\/contact\/\",\"url\":\"https:\/\/chatapieniny.sk\/en\/contact\/\",\"name\":\"Contact | Chata Pieniny | Lesnica 147 | info@chatapieniny.sk\",\"isPartOf\":{\"@id\":\"https:\/\/chatapieniny.sk\/en\/#website\"},\"datePublished\":\"2019-10-22T12:51:33+00:00\",\"dateModified\":\"2021-11-02T11:50:26+00:00\",\"description\":\"Chata Pieniny is located at Lesnica 147, Slovakia. You can contact us at +421 919 298 900 or info@chatapieniny.sk.\",\"breadcrumb\":{\"@id\":\"https:\/\/chatapieniny.sk\/en\/contact\/#breadcrumb\"},\"inLanguage\":\"en-US\",\"potentialAction\":[{\"@type\":\"ReadAction\",\"target\":[\"https:\/\/chatapieniny.sk\/en\/contact\/\"]}]},{\"@type\":\"BreadcrumbList\",\"@id\":\"https:\/\/chatapieniny.sk\/en\/contact\/#breadcrumb\",\"itemListElement\":[{\"@type\":\"ListItem\",\"position\":1,\"name\":\"Home\",\"item\":\"https:\/\/chatapieniny.sk\/en\/chata-pieniny\/\"},{\"@type\":\"ListItem\",\"position\":2,\"name\":\"Contact\"}]},{\"@type\":\"WebSite\",\"@id\":\"https:\/\/chatapieniny.sk\/en\/#website\",\"url\":\"https:\/\/chatapieniny.sk\/en\/\",\"name\":\"Chata Pieniny\",\"description\":\"Najlep\u0161ia dovolenka je doma. Na Slovensku.\",\"potentialAction\":[{\"@type\":\"SearchAction\",\"target\":{\"@type\":\"EntryPoint\",\"urlTemplate\":\"https:\/\/chatapieniny.sk\/en\/?s={search_term_string}\"},\"query-input\":\"required name=search_term_string\"}],\"inLanguage\":\"en-US\"}]}<\/script>\n<!-- \/ Yoast SEO plugin. -->","yoast_head_json":{"title":"Contact | Chata Pieniny | Lesnica 147 | info@chatapieniny.sk","description":"Chata Pieniny is located at Lesnica 147, Slovakia. You can contact us at +421 919 298 900 or info@chatapieniny.sk.","robots":{"index":"index","follow":"follow","max-snippet":"max-snippet:-1","max-image-preview":"max-image-preview:large","max-video-preview":"max-video-preview:-1"},"canonical":"https:\/\/chatapieniny.sk\/en\/contact\/","og_locale":"en_US","og_type":"article","og_title":"Contact | Chata Pieniny | Lesnica 147 | info@chatapieniny.sk","og_description":"Chata Pieniny is located at Lesnica 147, Slovakia. You can contact us at +421 919 298 900 or info@chatapieniny.sk.","og_url":"https:\/\/chatapieniny.sk\/en\/contact\/","og_site_name":"Chata Pieniny","article_modified_time":"2021-11-02T11:50:26+00:00","og_image":[{"url":"https:\/\/chatapieniny.sk\/wp-content\/uploads\/elementor\/thumbs\/chata-o52fl1ov7ndpws02ek8altrsis4ynfz8qip9wroveo.png"}],"twitter_card":"summary_large_image","schema":{"@context":"https:\/\/schema.org","@graph":[{"@type":"WebPage","@id":"https:\/\/chatapieniny.sk\/en\/contact\/","url":"https:\/\/chatapieniny.sk\/en\/contact\/","name":"Contact | Chata Pieniny | Lesnica 147 | info@chatapieniny.sk","isPartOf":{"@id":"https:\/\/chatapieniny.sk\/en\/#website"},"datePublished":"2019-10-22T12:51:33+00:00","dateModified":"2021-11-02T11:50:26+00:00","description":"Chata Pieniny is located at Lesnica 147, Slovakia. You can contact us at +421 919 298 900 or info@chatapieniny.sk.","breadcrumb":{"@id":"https:\/\/chatapieniny.sk\/en\/contact\/#breadcrumb"},"inLanguage":"en-US","potentialAction":[{"@type":"ReadAction","target":["https:\/\/chatapieniny.sk\/en\/contact\/"]}]},{"@type":"BreadcrumbList","@id":"https:\/\/chatapieniny.sk\/en\/contact\/#breadcrumb","itemListElement":[{"@type":"ListItem","position":1,"name":"Home","item":"https:\/\/chatapieniny.sk\/en\/chata-pieniny\/"},{"@type":"ListItem","position":2,"name":"Contact"}]},{"@type":"WebSite","@id":"https:\/\/chatapieniny.sk\/en\/#website","url":"https:\/\/chatapieniny.sk\/en\/","name":"Chata Pieniny","description":"Najlep\u0161ia dovolenka je doma. Na Slovensku.","potentialAction":[{"@type":"SearchAction","target":{"@type":"EntryPoint","urlTemplate":"https:\/\/chatapieniny.sk\/en\/?s={search_term_string}"},"query-input":"required name=search_term_string"}],"inLanguage":"en-US"}]}},"_links":{"self":[{"href":"https:\/\/chatapieniny.sk\/en\/wp-json\/wp\/v2\/pages\/1987"}],"collection":[{"href":"https:\/\/chatapieniny.sk\/en\/wp-json\/wp\/v2\/pages"}],"about":[{"href":"https:\/\/chatapieniny.sk\/en\/wp-json\/wp\/v2\/types\/page"}],"author":[{"embeddable":true,"href":"https:\/\/chatapieniny.sk\/en\/wp-json\/wp\/v2\/users\/2"}],"replies":[{"embeddable":true,"href":"https:\/\/chatapieniny.sk\/en\/wp-json\/wp\/v2\/comments?post=1987"}],"version-history":[{"count":8,"href":"https:\/\/chatapieniny.sk\/en\/wp-json\/wp\/v2\/pages\/1987\/revisions"}],"predecessor-version":[{"id":5373,"href":"https:\/\/chatapieniny.sk\/en\/wp-json\/wp\/v2\/pages\/1987\/revisions\/5373"}],"wp:attachment":[{"href":"https:\/\/chatapieniny.sk\/en\/wp-json\/wp\/v2\/media?parent=1987"}],"curies":[{"name":"wp","href":"https:\/\/api.w.org\/{rel}","templated":true}]}}