{"id":5775,"date":"2021-02-05T14:38:11","date_gmt":"2021-11-08T13:58:13","guid":{"rendered":"https:\/\/chatapieniny.sk\/stay-packages\/schwimmtraining-in-pieniny\/"},"modified":"2021-11-08T14:58:13","modified_gmt":"2021-11-08T13:58:13","slug":"plavecky-vycvik-v-pieninach-2","status":"publish","type":"product","link":"https:\/\/chatapieniny.sk\/de\/stay-packages\/plavecky-vycvik-v-pieninach-2\/","title":{"rendered":"Schwimmtraining in Pieniny"},"content":{"rendered":"","protected":false},"excerpt":{"rendered":"<p>Das Schwimmtraining in Pieniny ist eine unkonventionelle Kombination aus malerischer Pieniner Natur und einem hochmodernen Schwimmbad, das strengsten hygienischen Standards entspricht. W\u00e4hrend ihres Aufenthalts in Chata Pieniny werden die Kinder nicht nur ihre Schwimmf\u00e4higkeiten verbessern, sondern auch an einem der sch\u00f6nsten Orte der Slowakei entspannen. Neben gro\u00dfartigen Erlebnissen wird es hochwertiges Essen und eine \u00fcberdurchschnittliche Unterkunft mit eigenem Bad und TV geben. Das Schwimmtraining in Pieniny wird zu einer unvergesslichen Erinnerung f\u00fcrs Leben.<\/p>\n<h3>UNTERKUNFT<\/h3>\n<p>F\u00fcr 4 N\u00e4chte in 1,2,3,4,- Bettzimmern mit eigenem Bad. Maximale Kapazit\u00e4t 130 Kinder.<\/p>\n<h3>LEBENSMITTEL<\/h3>\n<p>Vollpension + ganzt\u00e4giges Trinkregime<\/p>\n<h3>SCHWIMMBAD<\/h3>\n<p>Der Pool mit den Ma\u00dfen 12m x 6m und einer Tiefe von 1,25m steht den ganzen Tag zur Verf\u00fcgung. Der Pool mit den Ma\u00dfen 12m x 6m und einer Tiefe von 1,25m steht den ganzen Tag zur Verf\u00fcgung. Es gibt auch ein Dampfbad, eine Finnische Sauna und eine Infrarotsauna sowie ein K\u00fchlbecken. Ein Bonus f\u00fcr jeden Lehrer ist eine kostenlose Massage.<\/p>\n<h3>ZENTRUMAUSR\u00dcSTUNG<\/h3>\n<p>Restaurant, Goralh\u00fctte, Schwimmbad, Lebensmittelgesch\u00e4ft, WLAN, 2 Aufenthaltsr\u00e4ume mit Sitzgelegenheiten, TV, Beamer, Billard, Tischfu\u00dfball, Darts, Spielplatz.<\/p>\n<h3>TRANSPORT<\/h3>\n<p>Cottage Pieniny besitzt zwei moderne, klimatisierte 52-Sitzer-Busse und 2 Minibusse, mit denen wir Sie gerne bringen.<\/p>\n<p>Die Anreise am Montag beginnt mit dem Mittagessen und endet am Freitag mit einem warmen und kalten Fr\u00fchst\u00fccksbuffet + kostenlose Pauschalreise.<\/p>\n","protected":false},"featured_media":4863,"template":"","meta":[],"product_cat":[108],"product_tag":[],"acf":[],"yoast_head":"<!-- This site is optimized with the Yoast SEO plugin v19.7.1 - https:\/\/yoast.com\/wordpress\/plugins\/seo\/ -->\n<title>Schwimmtraining in Pieniny - Chata Pieniny<\/title>\n<meta name=\"robots\" content=\"index, follow, max-snippet:-1, max-image-preview:large, max-video-preview:-1\" \/>\n<link rel=\"canonical\" href=\"https:\/\/chatapieniny.sk\/de\/stay-packages\/plavecky-vycvik-v-pieninach-2\/\" \/>\n<meta property=\"og:locale\" content=\"de_DE\" \/>\n<meta property=\"og:type\" content=\"article\" \/>\n<meta property=\"og:title\" content=\"Schwimmtraining in Pieniny - Chata Pieniny\" \/>\n<meta property=\"og:description\" content=\"Das Schwimmtraining in Pieniny ist eine unkonventionelle Kombination aus malerischer Pieniner Natur und einem hochmodernen Schwimmbad, das strengsten hygienischen Standards entspricht. W\u00e4hrend ihres Aufenthalts in Chata Pieniny werden die Kinder nicht nur ihre Schwimmf\u00e4higkeiten verbessern, sondern auch an einem der sch\u00f6nsten Orte der Slowakei entspannen. Neben gro\u00dfartigen Erlebnissen wird es hochwertiges Essen und eine \u00fcberdurchschnittliche Unterkunft mit eigenem Bad und TV geben. Das Schwimmtraining in Pieniny wird zu einer unvergesslichen Erinnerung f\u00fcrs Leben. UNTERKUNFT F\u00fcr 4 N\u00e4chte in 1,2,3,4,- Bettzimmern mit eigenem Bad. Maximale Kapazit\u00e4t 130 Kinder. LEBENSMITTEL Vollpension + ganzt\u00e4giges Trinkregime SCHWIMMBAD Der Pool mit den Ma\u00dfen 12m x 6m und einer Tiefe von 1,25m steht den ganzen Tag zur Verf\u00fcgung. Der Pool mit den Ma\u00dfen 12m x 6m und einer Tiefe von 1,25m steht den ganzen Tag zur Verf\u00fcgung. Es gibt auch ein Dampfbad, eine Finnische Sauna und eine Infrarotsauna sowie ein K\u00fchlbecken. Ein Bonus f\u00fcr jeden Lehrer ist eine kostenlose Massage. ZENTRUMAUSR\u00dcSTUNG Restaurant, Goralh\u00fctte, Schwimmbad, Lebensmittelgesch\u00e4ft, WLAN, 2 Aufenthaltsr\u00e4ume mit Sitzgelegenheiten, TV, Beamer, Billard, Tischfu\u00dfball, Darts, Spielplatz. TRANSPORT Cottage Pieniny besitzt zwei moderne, klimatisierte 52-Sitzer-Busse und 2 Minibusse, mit denen wir Sie gerne bringen. Die Anreise am Montag beginnt mit dem Mittagessen und endet am Freitag mit einem warmen und kalten Fr\u00fchst\u00fccksbuffet + kostenlose Pauschalreise.\" \/>\n<meta property=\"og:url\" content=\"https:\/\/chatapieniny.sk\/de\/stay-packages\/plavecky-vycvik-v-pieninach-2\/\" \/>\n<meta property=\"og:site_name\" content=\"Chata Pieniny\" \/>\n<meta property=\"og:image\" content=\"https:\/\/chatapieniny.sk\/wp-content\/uploads\/2021\/02\/mariano-nocetti-r9cwmoezjgg-unsplash.jpg\" \/>\n\t<meta property=\"og:image:width\" content=\"1600\" \/>\n\t<meta property=\"og:image:height\" content=\"1067\" \/>\n\t<meta property=\"og:image:type\" content=\"image\/jpeg\" \/>\n<meta name=\"twitter:card\" content=\"summary_large_image\" \/>\n<script type=\"application\/ld+json\" class=\"yoast-schema-graph\">{\"@context\":\"https:\/\/schema.org\",\"@graph\":[{\"@type\":\"WebPage\",\"@id\":\"https:\/\/chatapieniny.sk\/de\/stay-packages\/plavecky-vycvik-v-pieninach-2\/\",\"url\":\"https:\/\/chatapieniny.sk\/de\/stay-packages\/plavecky-vycvik-v-pieninach-2\/\",\"name\":\"Schwimmtraining in Pieniny - Chata Pieniny\",\"isPartOf\":{\"@id\":\"https:\/\/chatapieniny.sk\/de\/#website\"},\"datePublished\":\"2021-11-08T13:58:13+00:00\",\"dateModified\":\"2021-11-08T13:58:13+00:00\",\"breadcrumb\":{\"@id\":\"https:\/\/chatapieniny.sk\/de\/stay-packages\/plavecky-vycvik-v-pieninach-2\/#breadcrumb\"},\"inLanguage\":\"de\",\"potentialAction\":[{\"@type\":\"ReadAction\",\"target\":[\"https:\/\/chatapieniny.sk\/de\/stay-packages\/plavecky-vycvik-v-pieninach-2\/\"]}]},{\"@type\":\"BreadcrumbList\",\"@id\":\"https:\/\/chatapieniny.sk\/de\/stay-packages\/plavecky-vycvik-v-pieninach-2\/#breadcrumb\",\"itemListElement\":[{\"@type\":\"ListItem\",\"position\":1,\"name\":\"Home\",\"item\":\"https:\/\/chatapieniny.sk\/de\/ferienhaus-pieniny\/\"},{\"@type\":\"ListItem\",\"position\":2,\"name\":\"\"},{\"@type\":\"ListItem\",\"position\":3,\"name\":\"Schwimmtraining in Pieniny\"}]},{\"@type\":\"WebSite\",\"@id\":\"https:\/\/chatapieniny.sk\/de\/#website\",\"url\":\"https:\/\/chatapieniny.sk\/de\/\",\"name\":\"Chata Pieniny\",\"description\":\"Najlep\u0161ia dovolenka je doma. Na Slovensku.\",\"potentialAction\":[{\"@type\":\"SearchAction\",\"target\":{\"@type\":\"EntryPoint\",\"urlTemplate\":\"https:\/\/chatapieniny.sk\/de\/?s={search_term_string}\"},\"query-input\":\"required name=search_term_string\"}],\"inLanguage\":\"de\"}]}<\/script>\n<!-- \/ Yoast SEO plugin. -->","yoast_head_json":{"title":"Schwimmtraining in Pieniny - Chata Pieniny","robots":{"index":"index","follow":"follow","max-snippet":"max-snippet:-1","max-image-preview":"max-image-preview:large","max-video-preview":"max-video-preview:-1"},"canonical":"https:\/\/chatapieniny.sk\/de\/stay-packages\/plavecky-vycvik-v-pieninach-2\/","og_locale":"de_DE","og_type":"article","og_title":"Schwimmtraining in Pieniny - Chata Pieniny","og_description":"Das Schwimmtraining in Pieniny ist eine unkonventionelle Kombination aus malerischer Pieniner Natur und einem hochmodernen Schwimmbad, das strengsten hygienischen Standards entspricht. W\u00e4hrend ihres Aufenthalts in Chata Pieniny werden die Kinder nicht nur ihre Schwimmf\u00e4higkeiten verbessern, sondern auch an einem der sch\u00f6nsten Orte der Slowakei entspannen. Neben gro\u00dfartigen Erlebnissen wird es hochwertiges Essen und eine \u00fcberdurchschnittliche Unterkunft mit eigenem Bad und TV geben. Das Schwimmtraining in Pieniny wird zu einer unvergesslichen Erinnerung f\u00fcrs Leben. UNTERKUNFT F\u00fcr 4 N\u00e4chte in 1,2,3,4,- Bettzimmern mit eigenem Bad. Maximale Kapazit\u00e4t 130 Kinder. LEBENSMITTEL Vollpension + ganzt\u00e4giges Trinkregime SCHWIMMBAD Der Pool mit den Ma\u00dfen 12m x 6m und einer Tiefe von 1,25m steht den ganzen Tag zur Verf\u00fcgung. Der Pool mit den Ma\u00dfen 12m x 6m und einer Tiefe von 1,25m steht den ganzen Tag zur Verf\u00fcgung. Es gibt auch ein Dampfbad, eine Finnische Sauna und eine Infrarotsauna sowie ein K\u00fchlbecken. Ein Bonus f\u00fcr jeden Lehrer ist eine kostenlose Massage. ZENTRUMAUSR\u00dcSTUNG Restaurant, Goralh\u00fctte, Schwimmbad, Lebensmittelgesch\u00e4ft, WLAN, 2 Aufenthaltsr\u00e4ume mit Sitzgelegenheiten, TV, Beamer, Billard, Tischfu\u00dfball, Darts, Spielplatz. TRANSPORT Cottage Pieniny besitzt zwei moderne, klimatisierte 52-Sitzer-Busse und 2 Minibusse, mit denen wir Sie gerne bringen. Die Anreise am Montag beginnt mit dem Mittagessen und endet am Freitag mit einem warmen und kalten Fr\u00fchst\u00fccksbuffet + kostenlose Pauschalreise.","og_url":"https:\/\/chatapieniny.sk\/de\/stay-packages\/plavecky-vycvik-v-pieninach-2\/","og_site_name":"Chata Pieniny","og_image":[{"width":1600,"height":1067,"url":"https:\/\/chatapieniny.sk\/wp-content\/uploads\/2021\/02\/mariano-nocetti-r9cwmoezjgg-unsplash.jpg","type":"image\/jpeg"}],"twitter_card":"summary_large_image","schema":{"@context":"https:\/\/schema.org","@graph":[{"@type":"WebPage","@id":"https:\/\/chatapieniny.sk\/de\/stay-packages\/plavecky-vycvik-v-pieninach-2\/","url":"https:\/\/chatapieniny.sk\/de\/stay-packages\/plavecky-vycvik-v-pieninach-2\/","name":"Schwimmtraining in Pieniny - Chata Pieniny","isPartOf":{"@id":"https:\/\/chatapieniny.sk\/de\/#website"},"datePublished":"2021-11-08T13:58:13+00:00","dateModified":"2021-11-08T13:58:13+00:00","breadcrumb":{"@id":"https:\/\/chatapieniny.sk\/de\/stay-packages\/plavecky-vycvik-v-pieninach-2\/#breadcrumb"},"inLanguage":"de","potentialAction":[{"@type":"ReadAction","target":["https:\/\/chatapieniny.sk\/de\/stay-packages\/plavecky-vycvik-v-pieninach-2\/"]}]},{"@type":"BreadcrumbList","@id":"https:\/\/chatapieniny.sk\/de\/stay-packages\/plavecky-vycvik-v-pieninach-2\/#breadcrumb","itemListElement":[{"@type":"ListItem","position":1,"name":"Home","item":"https:\/\/chatapieniny.sk\/de\/ferienhaus-pieniny\/"},{"@type":"ListItem","position":2,"name":""},{"@type":"ListItem","position":3,"name":"Schwimmtraining in Pieniny"}]},{"@type":"WebSite","@id":"https:\/\/chatapieniny.sk\/de\/#website","url":"https:\/\/chatapieniny.sk\/de\/","name":"Chata Pieniny","description":"Najlep\u0161ia dovolenka je doma. Na Slovensku.","potentialAction":[{"@type":"SearchAction","target":{"@type":"EntryPoint","urlTemplate":"https:\/\/chatapieniny.sk\/de\/?s={search_term_string}"},"query-input":"required name=search_term_string"}],"inLanguage":"de"}]}},"_links":{"self":[{"href":"https:\/\/chatapieniny.sk\/de\/wp-json\/wp\/v2\/product\/5775"}],"collection":[{"href":"https:\/\/chatapieniny.sk\/de\/wp-json\/wp\/v2\/product"}],"about":[{"href":"https:\/\/chatapieniny.sk\/de\/wp-json\/wp\/v2\/types\/product"}],"wp:featuredmedia":[{"embeddable":true,"href":"https:\/\/chatapieniny.sk\/de\/wp-json\/wp\/v2\/media\/4863"}],"wp:attachment":[{"href":"https:\/\/chatapieniny.sk\/de\/wp-json\/wp\/v2\/media?parent=5775"}],"wp:term":[{"taxonomy":"product_cat","embeddable":true,"href":"https:\/\/chatapieniny.sk\/de\/wp-json\/wp\/v2\/product_cat?post=5775"},{"taxonomy":"product_tag","embeddable":true,"href":"https:\/\/chatapieniny.sk\/de\/wp-json\/wp\/v2\/product_tag?post=5775"}],"curies":[{"name":"wp","href":"https:\/\/api.w.org\/{rel}","templated":true}]}}