{"id":4493,"date":"2020-09-22T13:32:25","date_gmt":"2020-09-22T11:32:25","guid":{"rendered":"https:\/\/chatapieniny.sk\/kosik\/"},"modified":"2020-09-22T13:47:51","modified_gmt":"2020-09-22T11:47:51","slug":"kosik","status":"publish","type":"page","link":"https:\/\/chatapieniny.sk\/de\/kosik\/","title":{"rendered":"Ko\u0161\u00edk"},"content":{"rendered":"\t\t<div data-elementor-type=\"wp-page\" data-elementor-id=\"4493\" class=\"elementor elementor-4493\">\n\t\t\t\t\t\t<div class=\"elementor-inner\">\n\t\t\t\t<div class=\"elementor-section-wrap\">\n\t\t\t\t\t\t\t\t\t<section class=\"elementor-section elementor-top-section elementor-element elementor-element-53e88634 elementor-section-full_width elementor-section-height-default elementor-section-height-default\" data-id=\"53e88634\" data-element_type=\"section\">\n\t\t\t\t\t\t<div class=\"elementor-container elementor-column-gap-no\">\n\t\t\t\t\t\t\t<div class=\"elementor-row\">\n\t\t\t\t\t<div class=\"elementor-column elementor-col-100 elementor-top-column elementor-element elementor-element-38b1ecd6\" data-id=\"38b1ecd6\" data-element_type=\"column\">\n\t\t\t<div class=\"elementor-column-wrap elementor-element-populated\">\n\t\t\t\t\t\t\t<div class=\"elementor-widget-wrap\">\n\t\t\t\t\t\t<div class=\"elementor-element elementor-element-1c32c15 elementor--h-position-center elementor--v-position-middle elementor-widget elementor-widget-slides\" data-id=\"1c32c15\" data-element_type=\"widget\" data-settings=\"{&quot;navigation&quot;:&quot;none&quot;,&quot;transition&quot;:&quot;fade&quot;,&quot;autoplay&quot;:&quot;yes&quot;,&quot;pause_on_hover&quot;:&quot;yes&quot;,&quot;pause_on_interaction&quot;:&quot;yes&quot;,&quot;autoplay_speed&quot;:5000,&quot;infinite&quot;:&quot;yes&quot;,&quot;transition_speed&quot;:500}\" data-widget_type=\"slides.default\">\n\t\t\t\t<div class=\"elementor-widget-container\">\n\t\t\t\t\t<div class=\"elementor-swiper\">\n\t\t\t<div class=\"elementor-slides-wrapper elementor-main-swiper swiper-container\" dir=\"ltr\" data-animation=\"fadeInUp\">\n\t\t\t\t<div class=\"swiper-wrapper elementor-slides\">\n\t\t\t\t\t\t\t\t\t\t<div class=\"elementor-repeater-item-93f8e70 swiper-slide\"><div class=\"swiper-slide-bg\"><\/div><div class=\"elementor-background-overlay\"><\/div><div class=\"swiper-slide-inner\" ><div class=\"swiper-slide-contents\"><div class=\"elementor-slide-heading\">Ko\u0161\u00edk<\/div><\/div><\/div><\/div>\t\t\t\t<\/div>\n\t\t\t\t\t\t\t<\/div>\n\t\t<\/div>\n\t\t\t\t<\/div>\n\t\t\t\t<\/div>\n\t\t\t\t\t\t<\/div>\n\t\t\t\t\t<\/div>\n\t\t<\/div>\n\t\t\t\t\t\t\t\t<\/div>\n\t\t\t\t\t<\/div>\n\t\t<\/section>\n\t\t\t\t<section class=\"elementor-section elementor-top-section elementor-element elementor-element-1a92973e elementor-section-boxed elementor-section-height-default elementor-section-height-default\" data-id=\"1a92973e\" data-element_type=\"section\" data-settings=\"{&quot;background_background&quot;:&quot;classic&quot;}\">\n\t\t\t\t\t\t<div class=\"elementor-container elementor-column-gap-default\">\n\t\t\t\t\t\t\t<div class=\"elementor-row\">\n\t\t\t\t\t<div class=\"elementor-column elementor-col-100 elementor-top-column elementor-element elementor-element-626d6e75\" data-id=\"626d6e75\" data-element_type=\"column\">\n\t\t\t<div class=\"elementor-column-wrap elementor-element-populated\">\n\t\t\t\t\t\t\t<div class=\"elementor-widget-wrap\">\n\t\t\t\t\t\t\t\t<\/div>\n\t\t\t\t\t<\/div>\n\t\t<\/div>\n\t\t\t\t\t\t\t\t<\/div>\n\t\t\t\t\t<\/div>\n\t\t<\/section>\n\t\t\t\t\t\t\t\t\t<\/div>\n\t\t\t<\/div>\n\t\t\t\t\t<\/div>\n\t\t","protected":false},"excerpt":{"rendered":"<p>Ko\u0161\u00edk<\/p>\n","protected":false},"author":2,"featured_media":0,"parent":0,"menu_order":0,"comment_status":"closed","ping_status":"closed","template":"","meta":[],"acf":[],"yoast_head":"<!-- This site is optimized with the Yoast SEO plugin v19.7.1 - https:\/\/yoast.com\/wordpress\/plugins\/seo\/ -->\n<title>Ko\u0161\u00edk - Chata Pieniny<\/title>\n<meta name=\"robots\" content=\"index, follow, max-snippet:-1, max-image-preview:large, max-video-preview:-1\" \/>\n<link rel=\"canonical\" href=\"https:\/\/chatapieniny.sk\/de\/kosik\/\" \/>\n<meta property=\"og:locale\" content=\"de_DE\" \/>\n<meta property=\"og:type\" content=\"article\" \/>\n<meta property=\"og:title\" content=\"Ko\u0161\u00edk - Chata Pieniny\" \/>\n<meta property=\"og:description\" content=\"Ko\u0161\u00edk\" \/>\n<meta property=\"og:url\" content=\"https:\/\/chatapieniny.sk\/de\/kosik\/\" \/>\n<meta property=\"og:site_name\" content=\"Chata Pieniny\" \/>\n<meta property=\"article:modified_time\" content=\"2020-09-22T11:47:51+00:00\" \/>\n<meta name=\"twitter:card\" content=\"summary_large_image\" \/>\n<script type=\"application\/ld+json\" class=\"yoast-schema-graph\">{\"@context\":\"https:\/\/schema.org\",\"@graph\":[{\"@type\":\"WebPage\",\"@id\":\"https:\/\/chatapieniny.sk\/de\/kosik\/\",\"url\":\"https:\/\/chatapieniny.sk\/de\/kosik\/\",\"name\":\"Ko\u0161\u00edk - Chata Pieniny\",\"isPartOf\":{\"@id\":\"https:\/\/chatapieniny.sk\/de\/#website\"},\"datePublished\":\"2020-09-22T11:32:25+00:00\",\"dateModified\":\"2020-09-22T11:47:51+00:00\",\"breadcrumb\":{\"@id\":\"https:\/\/chatapieniny.sk\/de\/kosik\/#breadcrumb\"},\"inLanguage\":\"de\",\"potentialAction\":[{\"@type\":\"ReadAction\",\"target\":[\"https:\/\/chatapieniny.sk\/de\/kosik\/\"]}]},{\"@type\":\"BreadcrumbList\",\"@id\":\"https:\/\/chatapieniny.sk\/de\/kosik\/#breadcrumb\",\"itemListElement\":[{\"@type\":\"ListItem\",\"position\":1,\"name\":\"Home\",\"item\":\"https:\/\/chatapieniny.sk\/de\/ferienhaus-pieniny\/\"},{\"@type\":\"ListItem\",\"position\":2,\"name\":\"Ko\u0161\u00edk\"}]},{\"@type\":\"WebSite\",\"@id\":\"https:\/\/chatapieniny.sk\/de\/#website\",\"url\":\"https:\/\/chatapieniny.sk\/de\/\",\"name\":\"Chata Pieniny\",\"description\":\"Najlep\u0161ia dovolenka je doma. Na Slovensku.\",\"potentialAction\":[{\"@type\":\"SearchAction\",\"target\":{\"@type\":\"EntryPoint\",\"urlTemplate\":\"https:\/\/chatapieniny.sk\/de\/?s={search_term_string}\"},\"query-input\":\"required name=search_term_string\"}],\"inLanguage\":\"de\"}]}<\/script>\n<!-- \/ Yoast SEO plugin. -->","yoast_head_json":{"title":"Ko\u0161\u00edk - Chata Pieniny","robots":{"index":"index","follow":"follow","max-snippet":"max-snippet:-1","max-image-preview":"max-image-preview:large","max-video-preview":"max-video-preview:-1"},"canonical":"https:\/\/chatapieniny.sk\/de\/kosik\/","og_locale":"de_DE","og_type":"article","og_title":"Ko\u0161\u00edk - Chata Pieniny","og_description":"Ko\u0161\u00edk","og_url":"https:\/\/chatapieniny.sk\/de\/kosik\/","og_site_name":"Chata Pieniny","article_modified_time":"2020-09-22T11:47:51+00:00","twitter_card":"summary_large_image","schema":{"@context":"https:\/\/schema.org","@graph":[{"@type":"WebPage","@id":"https:\/\/chatapieniny.sk\/de\/kosik\/","url":"https:\/\/chatapieniny.sk\/de\/kosik\/","name":"Ko\u0161\u00edk - Chata Pieniny","isPartOf":{"@id":"https:\/\/chatapieniny.sk\/de\/#website"},"datePublished":"2020-09-22T11:32:25+00:00","dateModified":"2020-09-22T11:47:51+00:00","breadcrumb":{"@id":"https:\/\/chatapieniny.sk\/de\/kosik\/#breadcrumb"},"inLanguage":"de","potentialAction":[{"@type":"ReadAction","target":["https:\/\/chatapieniny.sk\/de\/kosik\/"]}]},{"@type":"BreadcrumbList","@id":"https:\/\/chatapieniny.sk\/de\/kosik\/#breadcrumb","itemListElement":[{"@type":"ListItem","position":1,"name":"Home","item":"https:\/\/chatapieniny.sk\/de\/ferienhaus-pieniny\/"},{"@type":"ListItem","position":2,"name":"Ko\u0161\u00edk"}]},{"@type":"WebSite","@id":"https:\/\/chatapieniny.sk\/de\/#website","url":"https:\/\/chatapieniny.sk\/de\/","name":"Chata Pieniny","description":"Najlep\u0161ia dovolenka je doma. Na Slovensku.","potentialAction":[{"@type":"SearchAction","target":{"@type":"EntryPoint","urlTemplate":"https:\/\/chatapieniny.sk\/de\/?s={search_term_string}"},"query-input":"required name=search_term_string"}],"inLanguage":"de"}]}},"_links":{"self":[{"href":"https:\/\/chatapieniny.sk\/de\/wp-json\/wp\/v2\/pages\/4493"}],"collection":[{"href":"https:\/\/chatapieniny.sk\/de\/wp-json\/wp\/v2\/pages"}],"about":[{"href":"https:\/\/chatapieniny.sk\/de\/wp-json\/wp\/v2\/types\/page"}],"author":[{"embeddable":true,"href":"https:\/\/chatapieniny.sk\/de\/wp-json\/wp\/v2\/users\/2"}],"replies":[{"embeddable":true,"href":"https:\/\/chatapieniny.sk\/de\/wp-json\/wp\/v2\/comments?post=4493"}],"version-history":[{"count":1,"href":"https:\/\/chatapieniny.sk\/de\/wp-json\/wp\/v2\/pages\/4493\/revisions"}],"predecessor-version":[{"id":4499,"href":"https:\/\/chatapieniny.sk\/de\/wp-json\/wp\/v2\/pages\/4493\/revisions\/4499"}],"wp:attachment":[{"href":"https:\/\/chatapieniny.sk\/de\/wp-json\/wp\/v2\/media?parent=4493"}],"curies":[{"name":"wp","href":"https:\/\/api.w.org\/{rel}","templated":true}]}}