{"id":2504,"date":"2019-10-22T15:34:30","date_gmt":"2019-10-22T13:34:30","guid":{"rendered":"https:\/\/chatapieniny.sk\/buchung\/"},"modified":"2021-01-22T12:23:33","modified_gmt":"2021-01-22T11:23:33","slug":"buchung","status":"publish","type":"page","link":"https:\/\/chatapieniny.sk\/de\/buchung\/","title":{"rendered":"Buchung"},"content":{"rendered":"\t\t<div data-elementor-type=\"wp-post\" data-elementor-id=\"2504\" class=\"elementor elementor-2504 elementor-1329\">\n\t\t\t\t\t\t<div class=\"elementor-inner\">\n\t\t\t\t<div class=\"elementor-section-wrap\">\n\t\t\t\t\t\t\t\t\t<section class=\"elementor-section elementor-top-section elementor-element elementor-element-1522c523 elementor-section-height-min-height elementor-section-boxed elementor-section-height-default elementor-section-items-middle\" data-id=\"1522c523\" data-element_type=\"section\" data-settings=\"{&quot;background_background&quot;:&quot;classic&quot;}\">\n\t\t\t\t\t\t<div class=\"elementor-container elementor-column-gap-default\">\n\t\t\t\t\t\t\t<div class=\"elementor-row\">\n\t\t\t\t\t<div class=\"elementor-column elementor-col-100 elementor-top-column elementor-element elementor-element-7d0c9f3e\" data-id=\"7d0c9f3e\" data-element_type=\"column\">\n\t\t\t<div class=\"elementor-column-wrap elementor-element-populated\">\n\t\t\t\t\t\t\t<div class=\"elementor-widget-wrap\">\n\t\t\t\t\t\t<div class=\"elementor-element elementor-element-65e4217 elementor-widget elementor-widget-heading\" data-id=\"65e4217\" data-element_type=\"widget\" data-widget_type=\"heading.default\">\n\t\t\t\t<div class=\"elementor-widget-container\">\n\t\t\t<h2 class=\"elementor-heading-title elementor-size-default\">Buchung<\/h2>\t\t<\/div>\n\t\t\t\t<\/div>\n\t\t\t\t<div class=\"elementor-element elementor-element-5182ea4f elementor-widget elementor-widget-text-editor\" data-id=\"5182ea4f\" data-element_type=\"widget\" data-widget_type=\"text-editor.default\">\n\t\t\t\t<div class=\"elementor-widget-container\">\n\t\t\t\t\t\t\t\t<div class=\"elementor-text-editor elementor-clearfix\">\n\t\t\t\t<p style=\"text-align: center;\"><span style=\"color: #ffffff;\">Vom Urlaub in der Slowakei trennt Sie nur noch die Buchung der Unterkunft. F\u00fcllen Sie bitte das unverbindliche Buchungsformular aus und wir melden uns umgehend bei Ihnen.<\/span><\/p>\n\t\t\t\t\t<\/div>\n\t\t\t\t\t\t<\/div>\n\t\t\t\t<\/div>\n\t\t\t\t\t\t<\/div>\n\t\t\t\t\t<\/div>\n\t\t<\/div>\n\t\t\t\t\t\t\t\t<\/div>\n\t\t\t\t\t<\/div>\n\t\t<\/section>\n\t\t\t\t<section class=\"elementor-section elementor-top-section elementor-element elementor-element-30fc3e9 elementor-section-boxed elementor-section-height-default elementor-section-height-default\" data-id=\"30fc3e9\" data-element_type=\"section\" data-settings=\"{&quot;background_background&quot;:&quot;classic&quot;}\">\n\t\t\t\t\t\t<div class=\"elementor-container elementor-column-gap-default\">\n\t\t\t\t\t\t\t<div class=\"elementor-row\">\n\t\t\t\t\t<div class=\"elementor-column elementor-col-33 elementor-top-column elementor-element elementor-element-7f0648a\" data-id=\"7f0648a\" data-element_type=\"column\">\n\t\t\t<div class=\"elementor-column-wrap\">\n\t\t\t\t\t\t\t<div class=\"elementor-widget-wrap\">\n\t\t\t\t\t\t\t\t<\/div>\n\t\t\t\t\t<\/div>\n\t\t<\/div>\n\t\t\t\t<div class=\"elementor-column elementor-col-33 elementor-top-column elementor-element elementor-element-e765a77\" data-id=\"e765a77\" data-element_type=\"column\" data-settings=\"{&quot;background_background&quot;:&quot;classic&quot;}\">\n\t\t\t<div class=\"elementor-column-wrap elementor-element-populated\">\n\t\t\t\t\t\t\t<div class=\"elementor-widget-wrap\">\n\t\t\t\t\t\t<div class=\"elementor-element elementor-element-508726b elementor-widget elementor-widget-heading\" data-id=\"508726b\" data-element_type=\"widget\" data-widget_type=\"heading.default\">\n\t\t\t\t<div class=\"elementor-widget-container\">\n\t\t\t<h6 class=\"elementor-heading-title elementor-size-default\">Bei Unterkunft f\u00fcr 1 Nacht berechnen wir einen Aufschlag in H\u00f6he von 10% vom Unterkunftspreis.<\/h6>\t\t<\/div>\n\t\t\t\t<\/div>\n\t\t\t\t<div class=\"elementor-element elementor-element-8ba0ef7 elementor-button-align-stretch elementor-widget elementor-widget-form\" data-id=\"8ba0ef7\" data-element_type=\"widget\" data-settings=\"{&quot;button_width&quot;:&quot;100&quot;,&quot;step_next_label&quot;:&quot;N\\u00e4chster&quot;,&quot;step_previous_label&quot;:&quot;Voriger&quot;,&quot;step_type&quot;:&quot;number_text&quot;,&quot;step_icon_shape&quot;:&quot;circle&quot;}\" data-widget_type=\"form.default\">\n\t\t\t\t<div class=\"elementor-widget-container\">\n\t\t\t\t\t<form class=\"elementor-form\" method=\"post\" name=\"Buchung\">\n\t\t\t<input type=\"hidden\" name=\"post_id\" value=\"2504\"\/>\n\t\t\t<input type=\"hidden\" name=\"form_id\" value=\"8ba0ef7\"\/>\n\t\t\t<input type=\"hidden\" name=\"referer_title\" value=\"Chata Pieniny\" \/>\n\n\t\t\t\n\t\t\t<div class=\"elementor-form-fields-wrapper elementor-labels-above\">\n\t\t\t\t\t\t\t\t<div class=\"elementor-field-type-text elementor-field-group elementor-column elementor-field-group-name elementor-col-100\">\n\t\t\t\t\t\t\t\t\t\t\t\t<label for=\"form-field-name\" class=\"elementor-field-label\">\n\t\t\t\t\t\t\t\tVor- und Nachname\t\t\t\t\t\t\t<\/label>\n\t\t\t\t\t\t\t\t\t\t\t\t\t\t<input size=\"1\" type=\"text\" name=\"form_fields[name]\" id=\"form-field-name\" class=\"elementor-field elementor-size-sm  elementor-field-textual\">\n\t\t\t\t\t\t\t\t\t\t\t<\/div>\n\t\t\t\t\t\t\t\t<div class=\"elementor-field-type-email elementor-field-group elementor-column elementor-field-group-bc345a4 elementor-col-100 elementor-field-required\">\n\t\t\t\t\t\t\t\t\t\t\t\t<label for=\"form-field-bc345a4\" class=\"elementor-field-label\">\n\t\t\t\t\t\t\t\tE-Mail-Adresse\t\t\t\t\t\t\t<\/label>\n\t\t\t\t\t\t\t\t\t\t\t\t\t\t<input size=\"1\" type=\"email\" name=\"form_fields[bc345a4]\" id=\"form-field-bc345a4\" class=\"elementor-field elementor-size-sm  elementor-field-textual\" required=\"required\" aria-required=\"true\">\n\t\t\t\t\t\t\t\t\t\t\t<\/div>\n\t\t\t\t\t\t\t\t<div class=\"elementor-field-type-text elementor-field-group elementor-column elementor-field-group-field_1 elementor-col-100 elementor-field-required\">\n\t\t\t\t\t\t\t\t\t\t\t\t<label for=\"form-field-field_1\" class=\"elementor-field-label\">\n\t\t\t\t\t\t\t\tTelefonnummer\t\t\t\t\t\t\t<\/label>\n\t\t\t\t\t\t\t\t\t\t\t\t\t\t<input size=\"1\" type=\"text\" name=\"form_fields[field_1]\" id=\"form-field-field_1\" class=\"elementor-field elementor-size-sm  elementor-field-textual\" required=\"required\" aria-required=\"true\">\n\t\t\t\t\t\t\t\t\t\t\t<\/div>\n\t\t\t\t\t\t\t\t<div class=\"elementor-field-type-date elementor-field-group elementor-column elementor-field-group-166a2e9 elementor-col-100 elementor-field-required\">\n\t\t\t\t\t\t\t\t\t\t\t\t<label for=\"form-field-166a2e9\" class=\"elementor-field-label\">\n\t\t\t\t\t\t\t\tDatum der Anreise\t\t\t\t\t\t\t<\/label>\n\t\t\t\t\t\t\n\t\t<input type=\"date\" name=\"form_fields[166a2e9]\" id=\"form-field-166a2e9\" class=\"elementor-field elementor-size-sm  elementor-field-textual elementor-date-field\" required=\"required\" aria-required=\"true\" pattern=\"[0-9]{4}-[0-9]{2}-[0-9]{2}\">\n\t\t\t\t\t\t<\/div>\n\t\t\t\t\t\t\t\t<div class=\"elementor-field-type-date elementor-field-group elementor-column elementor-field-group-1ca8f1a elementor-col-100 elementor-field-required\">\n\t\t\t\t\t\t\t\t\t\t\t\t<label for=\"form-field-1ca8f1a\" class=\"elementor-field-label\">\n\t\t\t\t\t\t\t\tDatum der Abreise\t\t\t\t\t\t\t<\/label>\n\t\t\t\t\t\t\n\t\t<input type=\"date\" name=\"form_fields[1ca8f1a]\" id=\"form-field-1ca8f1a\" class=\"elementor-field elementor-size-sm  elementor-field-textual elementor-date-field\" required=\"required\" aria-required=\"true\" pattern=\"[0-9]{4}-[0-9]{2}-[0-9]{2}\">\n\t\t\t\t\t\t<\/div>\n\t\t\t\t\t\t\t\t<div class=\"elementor-field-type-number elementor-field-group elementor-column elementor-field-group-55165fe elementor-col-33 elementor-field-required\">\n\t\t\t\t\t\t\t\t\t\t\t\t<label for=\"form-field-55165fe\" class=\"elementor-field-label\">\n\t\t\t\t\t\t\t\tPersonenanzahl\t\t\t\t\t\t\t<\/label>\n\t\t\t\t\t\t\t\t\t<input type=\"number\" name=\"form_fields[55165fe]\" id=\"form-field-55165fe\" class=\"elementor-field elementor-size-sm  elementor-field-textual\" placeholder=\"1\" required=\"required\" aria-required=\"true\" min=\"1\" max=\"\" >\n\t\t\t\t\t\t<\/div>\n\t\t\t\t\t\t\t\t<div class=\"elementor-field-type-number elementor-field-group elementor-column elementor-field-group-8703c98 elementor-col-33 elementor-field-required\">\n\t\t\t\t\t\t\t\t\t\t\t\t<label for=\"form-field-8703c98\" class=\"elementor-field-label\">\n\t\t\t\t\t\t\t\tZimmeranzahl\t\t\t\t\t\t\t<\/label>\n\t\t\t\t\t\t\t\t\t<input type=\"number\" name=\"form_fields[8703c98]\" id=\"form-field-8703c98\" class=\"elementor-field elementor-size-sm  elementor-field-textual\" placeholder=\"1\" required=\"required\" aria-required=\"true\" min=\"1\" max=\"\" >\n\t\t\t\t\t\t<\/div>\n\t\t\t\t\t\t\t\t<div class=\"elementor-field-type-number elementor-field-group elementor-column elementor-field-group-2f34c73 elementor-col-33\">\n\t\t\t\t\t\t\t\t\t\t\t\t<label for=\"form-field-2f34c73\" class=\"elementor-field-label\">\n\t\t\t\t\t\t\t\tAnzahl von Zustellbetten\t\t\t\t\t\t\t<\/label>\n\t\t\t\t\t\t\t\t\t<input type=\"number\" name=\"form_fields[2f34c73]\" id=\"form-field-2f34c73\" class=\"elementor-field elementor-size-sm  elementor-field-textual\" placeholder=\"0\" min=\"0\" max=\"\" >\n\t\t\t\t\t\t<\/div>\n\t\t\t\t\t\t\t\t<div class=\"elementor-field-type-textarea elementor-field-group elementor-column elementor-field-group-message elementor-col-100\">\n\t\t\t\t\t\t\t\t\t\t\t\t<label for=\"form-field-message\" class=\"elementor-field-label\">\n\t\t\t\t\t\t\t\tBemerkung\t\t\t\t\t\t\t<\/label>\n\t\t\t\t\t\t<textarea class=\"elementor-field-textual elementor-field  elementor-size-sm\" name=\"form_fields[message]\" id=\"form-field-message\" rows=\"4\"><\/textarea>\t\t\t\t<\/div>\n\t\t\t\t\t\t\t\t<div class=\"elementor-field-type-acceptance elementor-field-group elementor-column elementor-field-group-field_aa83e29 elementor-col-100 elementor-field-required\">\n\t\t\t\t\t\t\t<div class=\"elementor-field-subgroup\">\n\t\t\t<span class=\"elementor-field-option\">\n\t\t\t\t<input type=\"checkbox\" name=\"form_fields[field_aa83e29]\" id=\"form-field-field_aa83e29\" class=\"elementor-field elementor-size-sm  elementor-acceptance-field\" required=\"required\" aria-required=\"true\">\n\t\t\t\t<label for=\"form-field-field_aa83e29\">Ich habe die Allgemeinen Gesch\u00e4ftsbedingungen, Informationen zu den Bedingungen f\u00fcr die Unterbringung und die Verarbeitung personenbezogener Daten gelesen.<\/label>\t\t\t<\/span>\n\t\t<\/div>\n\t\t\t\t\t\t<\/div>\n\t\t\t\t\t\t\t\t<div class=\"elementor-field-group elementor-column elementor-field-type-submit elementor-col-100 e-form__buttons\">\n\t\t\t\t\t<button type=\"submit\" class=\"elementor-button elementor-size-sm\">\n\t\t\t\t\t\t<span >\n\t\t\t\t\t\t\t\t\t\t\t\t\t\t\t<span class=\" elementor-button-icon\">\n\t\t\t\t\t\t\t\t\t\t\t\t\t\t\t\t\t\t\t\t\t\t\t\t\t\t<\/span>\n\t\t\t\t\t\t\t\t\t\t\t\t\t\t\t\t\t\t\t\t\t\t<span class=\"elementor-button-text\">Buchung senden<\/span>\n\t\t\t\t\t\t\t\t\t\t\t\t\t<\/span>\n\t\t\t\t\t<\/button>\n\t\t\t\t<\/div>\n\t\t\t<\/div>\n\t\t<\/form>\n\t\t\t\t<\/div>\n\t\t\t\t<\/div>\n\t\t\t\t\t\t<\/div>\n\t\t\t\t\t<\/div>\n\t\t<\/div>\n\t\t\t\t<div class=\"elementor-column elementor-col-33 elementor-top-column elementor-element elementor-element-b4a333e\" data-id=\"b4a333e\" data-element_type=\"column\">\n\t\t\t<div class=\"elementor-column-wrap\">\n\t\t\t\t\t\t\t<div class=\"elementor-widget-wrap\">\n\t\t\t\t\t\t\t\t<\/div>\n\t\t\t\t\t<\/div>\n\t\t<\/div>\n\t\t\t\t\t\t\t\t<\/div>\n\t\t\t\t\t<\/div>\n\t\t<\/section>\n\t\t\t\t\t\t\t\t\t<\/div>\n\t\t\t<\/div>\n\t\t\t\t\t<\/div>\n\t\t","protected":false},"excerpt":{"rendered":"<p>Buchung Vom Urlaub in der Slowakei trennt Sie nur noch die Buchung der Unterkunft. F\u00fcllen Sie bitte das unverbindliche Buchungsformular aus und wir melden uns umgehend bei Ihnen. Bei Unterkunft f\u00fcr 1 Nacht berechnen wir einen Aufschlag in H\u00f6he von 10% vom Unterkunftspreis.<\/p>\n","protected":false},"author":2,"featured_media":0,"parent":0,"menu_order":0,"comment_status":"closed","ping_status":"closed","template":"","meta":[],"acf":[],"yoast_head":"<!-- This site is optimized with the Yoast SEO plugin v19.7.1 - https:\/\/yoast.com\/wordpress\/plugins\/seo\/ -->\n<title>Buchung - Chata Pieniny<\/title>\n<meta name=\"robots\" content=\"index, follow, max-snippet:-1, max-image-preview:large, max-video-preview:-1\" \/>\n<link rel=\"canonical\" href=\"https:\/\/chatapieniny.sk\/de\/buchung\/\" \/>\n<meta property=\"og:locale\" content=\"de_DE\" \/>\n<meta property=\"og:type\" content=\"article\" \/>\n<meta property=\"og:title\" content=\"Buchung - Chata Pieniny\" \/>\n<meta property=\"og:description\" content=\"Buchung Vom Urlaub in der Slowakei trennt Sie nur noch die Buchung der Unterkunft. F\u00fcllen Sie bitte das unverbindliche Buchungsformular aus und wir melden uns umgehend bei Ihnen. Bei Unterkunft f\u00fcr 1 Nacht berechnen wir einen Aufschlag in H\u00f6he von 10% vom Unterkunftspreis.\" \/>\n<meta property=\"og:url\" content=\"https:\/\/chatapieniny.sk\/de\/buchung\/\" \/>\n<meta property=\"og:site_name\" content=\"Chata Pieniny\" \/>\n<meta property=\"article:modified_time\" content=\"2021-01-22T11:23:33+00:00\" \/>\n<meta name=\"twitter:card\" content=\"summary_large_image\" \/>\n<script type=\"application\/ld+json\" class=\"yoast-schema-graph\">{\"@context\":\"https:\/\/schema.org\",\"@graph\":[{\"@type\":\"WebPage\",\"@id\":\"https:\/\/chatapieniny.sk\/de\/buchung\/\",\"url\":\"https:\/\/chatapieniny.sk\/de\/buchung\/\",\"name\":\"Buchung - Chata Pieniny\",\"isPartOf\":{\"@id\":\"https:\/\/chatapieniny.sk\/de\/#website\"},\"datePublished\":\"2019-10-22T13:34:30+00:00\",\"dateModified\":\"2021-01-22T11:23:33+00:00\",\"breadcrumb\":{\"@id\":\"https:\/\/chatapieniny.sk\/de\/buchung\/#breadcrumb\"},\"inLanguage\":\"de\",\"potentialAction\":[{\"@type\":\"ReadAction\",\"target\":[\"https:\/\/chatapieniny.sk\/de\/buchung\/\"]}]},{\"@type\":\"BreadcrumbList\",\"@id\":\"https:\/\/chatapieniny.sk\/de\/buchung\/#breadcrumb\",\"itemListElement\":[{\"@type\":\"ListItem\",\"position\":1,\"name\":\"Home\",\"item\":\"https:\/\/chatapieniny.sk\/de\/ferienhaus-pieniny\/\"},{\"@type\":\"ListItem\",\"position\":2,\"name\":\"Buchung\"}]},{\"@type\":\"WebSite\",\"@id\":\"https:\/\/chatapieniny.sk\/de\/#website\",\"url\":\"https:\/\/chatapieniny.sk\/de\/\",\"name\":\"Chata Pieniny\",\"description\":\"Najlep\u0161ia dovolenka je doma. Na Slovensku.\",\"potentialAction\":[{\"@type\":\"SearchAction\",\"target\":{\"@type\":\"EntryPoint\",\"urlTemplate\":\"https:\/\/chatapieniny.sk\/de\/?s={search_term_string}\"},\"query-input\":\"required name=search_term_string\"}],\"inLanguage\":\"de\"}]}<\/script>\n<!-- \/ Yoast SEO plugin. -->","yoast_head_json":{"title":"Buchung - Chata Pieniny","robots":{"index":"index","follow":"follow","max-snippet":"max-snippet:-1","max-image-preview":"max-image-preview:large","max-video-preview":"max-video-preview:-1"},"canonical":"https:\/\/chatapieniny.sk\/de\/buchung\/","og_locale":"de_DE","og_type":"article","og_title":"Buchung - Chata Pieniny","og_description":"Buchung Vom Urlaub in der Slowakei trennt Sie nur noch die Buchung der Unterkunft. F\u00fcllen Sie bitte das unverbindliche Buchungsformular aus und wir melden uns umgehend bei Ihnen. Bei Unterkunft f\u00fcr 1 Nacht berechnen wir einen Aufschlag in H\u00f6he von 10% vom Unterkunftspreis.","og_url":"https:\/\/chatapieniny.sk\/de\/buchung\/","og_site_name":"Chata Pieniny","article_modified_time":"2021-01-22T11:23:33+00:00","twitter_card":"summary_large_image","schema":{"@context":"https:\/\/schema.org","@graph":[{"@type":"WebPage","@id":"https:\/\/chatapieniny.sk\/de\/buchung\/","url":"https:\/\/chatapieniny.sk\/de\/buchung\/","name":"Buchung - Chata Pieniny","isPartOf":{"@id":"https:\/\/chatapieniny.sk\/de\/#website"},"datePublished":"2019-10-22T13:34:30+00:00","dateModified":"2021-01-22T11:23:33+00:00","breadcrumb":{"@id":"https:\/\/chatapieniny.sk\/de\/buchung\/#breadcrumb"},"inLanguage":"de","potentialAction":[{"@type":"ReadAction","target":["https:\/\/chatapieniny.sk\/de\/buchung\/"]}]},{"@type":"BreadcrumbList","@id":"https:\/\/chatapieniny.sk\/de\/buchung\/#breadcrumb","itemListElement":[{"@type":"ListItem","position":1,"name":"Home","item":"https:\/\/chatapieniny.sk\/de\/ferienhaus-pieniny\/"},{"@type":"ListItem","position":2,"name":"Buchung"}]},{"@type":"WebSite","@id":"https:\/\/chatapieniny.sk\/de\/#website","url":"https:\/\/chatapieniny.sk\/de\/","name":"Chata Pieniny","description":"Najlep\u0161ia dovolenka je doma. Na Slovensku.","potentialAction":[{"@type":"SearchAction","target":{"@type":"EntryPoint","urlTemplate":"https:\/\/chatapieniny.sk\/de\/?s={search_term_string}"},"query-input":"required name=search_term_string"}],"inLanguage":"de"}]}},"_links":{"self":[{"href":"https:\/\/chatapieniny.sk\/de\/wp-json\/wp\/v2\/pages\/2504"}],"collection":[{"href":"https:\/\/chatapieniny.sk\/de\/wp-json\/wp\/v2\/pages"}],"about":[{"href":"https:\/\/chatapieniny.sk\/de\/wp-json\/wp\/v2\/types\/page"}],"author":[{"embeddable":true,"href":"https:\/\/chatapieniny.sk\/de\/wp-json\/wp\/v2\/users\/2"}],"replies":[{"embeddable":true,"href":"https:\/\/chatapieniny.sk\/de\/wp-json\/wp\/v2\/comments?post=2504"}],"version-history":[{"count":1,"href":"https:\/\/chatapieniny.sk\/de\/wp-json\/wp\/v2\/pages\/2504\/revisions"}],"predecessor-version":[{"id":2505,"href":"https:\/\/chatapieniny.sk\/de\/wp-json\/wp\/v2\/pages\/2504\/revisions\/2505"}],"wp:attachment":[{"href":"https:\/\/chatapieniny.sk\/de\/wp-json\/wp\/v2\/media?parent=2504"}],"curies":[{"name":"wp","href":"https:\/\/api.w.org\/{rel}","templated":true}]}}